{"id":1872,"date":"2024-01-17T21:31:28","date_gmt":"2024-01-17T19:31:28","guid":{"rendered":"https:\/\/www.turismalternativ.ro\/?page_id=1872"},"modified":"2025-10-28T17:22:13","modified_gmt":"2025-10-28T15:22:13","slug":"scoala-de-turism-alternativ","status":"publish","type":"page","link":"https:\/\/www.turismalternativ.ro\/en\/scoala-de-turism-alternativ\/","title":{"rendered":"\u0218COALA DE TURISM ALTERNATIV"},"content":{"rendered":"<div data-elementor-type=\"wp-page\" data-elementor-id=\"1872\" class=\"elementor elementor-1872\">\n\t\t\t\t\t\t<section class=\"elementor-section elementor-top-section elementor-element elementor-element-4dc34cd elementor-section-boxed elementor-section-height-default elementor-section-height-default\" data-id=\"4dc34cd\" data-element_type=\"section\" data-e-type=\"section\">\n\t\t\t\t\t\t<div class=\"elementor-container elementor-column-gap-default\">\n\t\t\t\t\t<div class=\"elementor-column elementor-col-100 elementor-top-column elementor-element elementor-element-fdb1238\" data-id=\"fdb1238\" data-element_type=\"column\" data-e-type=\"column\">\n\t\t\t<div class=\"elementor-widget-wrap elementor-element-populated\">\n\t\t\t\t\t\t<div class=\"elementor-element elementor-element-7279a38 elementor-arrows-position-inside elementor-pagination-position-outside elementor-widget elementor-widget-image-carousel\" data-id=\"7279a38\" data-element_type=\"widget\" data-e-type=\"widget\" data-settings=\"{&quot;navigation&quot;:&quot;both&quot;,&quot;autoplay&quot;:&quot;yes&quot;,&quot;pause_on_hover&quot;:&quot;yes&quot;,&quot;pause_on_interaction&quot;:&quot;yes&quot;,&quot;autoplay_speed&quot;:5000,&quot;infinite&quot;:&quot;yes&quot;,&quot;speed&quot;:500}\" data-widget_type=\"image-carousel.default\">\n\t\t\t\t<div class=\"elementor-widget-container\">\n\t\t\t\t\t\t\t<div class=\"elementor-image-carousel-wrapper swiper\" role=\"region\" aria-roledescription=\"carousel\" aria-label=\"Image Carousel\" dir=\"ltr\">\n\t\t\t<div class=\"elementor-image-carousel swiper-wrapper\" aria-live=\"off\">\n\t\t\t\t\t\t\t\t<div class=\"swiper-slide\" role=\"group\" aria-roledescription=\"slide\" aria-label=\"1 of 5\"><figure class=\"swiper-slide-inner\"><img decoding=\"async\" class=\"swiper-slide-image\" src=\"https:\/\/www.turismalternativ.ro\/wp-content\/uploads\/2-9-1024x683-1.jpg\" alt=\"2-9-1024x683\" \/><\/figure><\/div><div class=\"swiper-slide\" role=\"group\" aria-roledescription=\"slide\" aria-label=\"2 of 5\"><figure class=\"swiper-slide-inner\"><img decoding=\"async\" class=\"swiper-slide-image\" src=\"https:\/\/www.turismalternativ.ro\/wp-content\/uploads\/119098666_2680920758890545_4600609526875410273_n-1.jpg\" alt=\"119098666_2680920758890545_4600609526875410273_n\" \/><\/figure><\/div><div class=\"swiper-slide\" role=\"group\" aria-roledescription=\"slide\" aria-label=\"3 of 5\"><figure class=\"swiper-slide-inner\"><img decoding=\"async\" class=\"swiper-slide-image\" src=\"https:\/\/www.turismalternativ.ro\/wp-content\/uploads\/5-3-1024x683-1.jpg\" alt=\"5-3-1024x683\" \/><\/figure><\/div><div class=\"swiper-slide\" role=\"group\" aria-roledescription=\"slide\" aria-label=\"4 of 5\"><figure class=\"swiper-slide-inner\"><img decoding=\"async\" class=\"swiper-slide-image\" src=\"https:\/\/www.turismalternativ.ro\/wp-content\/uploads\/119224644_2683681948614426_8726314194759124994_n-1.jpg\" alt=\"119224644_2683681948614426_8726314194759124994_n\" \/><\/figure><\/div><div class=\"swiper-slide\" role=\"group\" aria-roledescription=\"slide\" aria-label=\"5 of 5\"><figure class=\"swiper-slide-inner\"><img decoding=\"async\" class=\"swiper-slide-image\" src=\"https:\/\/www.turismalternativ.ro\/wp-content\/uploads\/DSC_0180-1024x683-1.jpg\" alt=\"DSC_0180-1024x683\" \/><\/figure><\/div>\t\t\t<\/div>\n\t\t\t\t\t\t\t\t\t\t\t\t<div class=\"elementor-swiper-button elementor-swiper-button-prev\" role=\"button\" tabindex=\"0\">\n\t\t\t\t\t\t<i aria-hidden=\"true\" class=\"eicon-chevron-left\"><\/i>\t\t\t\t\t<\/div>\n\t\t\t\t\t<div class=\"elementor-swiper-button elementor-swiper-button-next\" role=\"button\" tabindex=\"0\">\n\t\t\t\t\t\t<i aria-hidden=\"true\" class=\"eicon-chevron-right\"><\/i>\t\t\t\t\t<\/div>\n\t\t\t\t\n\t\t\t\t\t\t\t\t\t<div class=\"swiper-pagination\"><\/div>\n\t\t\t\t\t\t\t\t\t<\/div>\n\t\t\t\t\t\t<\/div>\n\t\t\t\t<\/div>\n\t\t\t\t\t<\/div>\n\t\t<\/div>\n\t\t\t\t\t<\/div>\n\t\t<\/section>\n\t\t\t\t<section class=\"elementor-section elementor-top-section elementor-element elementor-element-0ab93a0 elementor-section-boxed elementor-section-height-default elementor-section-height-default\" data-id=\"0ab93a0\" data-element_type=\"section\" data-e-type=\"section\">\n\t\t\t\t\t\t<div class=\"elementor-container elementor-column-gap-default\">\n\t\t\t\t\t<div class=\"elementor-column elementor-col-50 elementor-top-column elementor-element elementor-element-c5a60d0 elementor-hidden-tablet elementor-hidden-mobile\" data-id=\"c5a60d0\" data-element_type=\"column\" data-e-type=\"column\">\n\t\t\t<div class=\"elementor-widget-wrap elementor-element-populated\">\n\t\t\t\t\t\t<div class=\"elementor-element elementor-element-d17f231 elementor-widget elementor-widget-spacer\" data-id=\"d17f231\" data-element_type=\"widget\" data-e-type=\"widget\" data-widget_type=\"spacer.default\">\n\t\t\t\t<div class=\"elementor-widget-container\">\n\t\t\t\t\t\t\t<div class=\"elementor-spacer\">\n\t\t\t<div class=\"elementor-spacer-inner\"><\/div>\n\t\t<\/div>\n\t\t\t\t\t\t<\/div>\n\t\t\t\t<\/div>\n\t\t\t\t<div class=\"elementor-element elementor-element-2c0309a elementor-widget elementor-widget-image\" data-id=\"2c0309a\" data-element_type=\"widget\" data-e-type=\"widget\" data-widget_type=\"image.default\">\n\t\t\t\t<div class=\"elementor-widget-container\">\n\t\t\t\t\t\t\t\t\t\t\t\t\t\t\t\t<a href=\"http:\/\/www.finprom.ro\" target=\"_blank\">\n\t\t\t\t\t\t\t<img decoding=\"async\" width=\"150\" height=\"150\" src=\"https:\/\/www.turismalternativ.ro\/wp-content\/uploads\/finpromsitedoi-150x150.jpg\" class=\"attachment-thumbnail size-thumbnail wp-image-2415\" alt=\"\" srcset=\"https:\/\/www.turismalternativ.ro\/wp-content\/uploads\/finpromsitedoi-150x150.jpg 150w, https:\/\/www.turismalternativ.ro\/wp-content\/uploads\/finpromsitedoi-300x300.jpg 300w, https:\/\/www.turismalternativ.ro\/wp-content\/uploads\/finpromsitedoi-16x16.jpg 16w, https:\/\/www.turismalternativ.ro\/wp-content\/uploads\/finpromsitedoi-32x32.jpg 32w, https:\/\/www.turismalternativ.ro\/wp-content\/uploads\/finpromsitedoi-48x48.jpg 48w, https:\/\/www.turismalternativ.ro\/wp-content\/uploads\/finpromsitedoi-12x12.jpg 12w, https:\/\/www.turismalternativ.ro\/wp-content\/uploads\/finpromsitedoi.jpg 350w\" sizes=\"(max-width: 150px) 100vw, 150px\" \/>\t\t\t\t\t\t\t\t<\/a>\n\t\t\t\t\t\t\t\t\t\t\t\t\t\t\t<\/div>\n\t\t\t\t<\/div>\n\t\t\t\t<div class=\"elementor-element elementor-element-a5fc577 elementor-widget elementor-widget-image\" data-id=\"a5fc577\" data-element_type=\"widget\" data-e-type=\"widget\" data-widget_type=\"image.default\">\n\t\t\t\t<div class=\"elementor-widget-container\">\n\t\t\t\t\t\t\t\t\t\t\t\t\t\t\t\t<a href=\"https:\/\/www.ascentgroup.eu\" target=\"_blank\">\n\t\t\t\t\t\t\t<img decoding=\"async\" width=\"150\" height=\"150\" src=\"https:\/\/www.turismalternativ.ro\/wp-content\/uploads\/parteneri-ascent-150x150.jpg\" class=\"attachment-thumbnail size-thumbnail wp-image-1230\" alt=\"\" srcset=\"https:\/\/www.turismalternativ.ro\/wp-content\/uploads\/parteneri-ascent-150x150.jpg 150w, https:\/\/www.turismalternativ.ro\/wp-content\/uploads\/parteneri-ascent-300x300.jpg 300w, https:\/\/www.turismalternativ.ro\/wp-content\/uploads\/parteneri-ascent-16x16.jpg 16w, https:\/\/www.turismalternativ.ro\/wp-content\/uploads\/parteneri-ascent-32x32.jpg 32w, https:\/\/www.turismalternativ.ro\/wp-content\/uploads\/parteneri-ascent-48x48.jpg 48w, https:\/\/www.turismalternativ.ro\/wp-content\/uploads\/parteneri-ascent.jpg 350w\" sizes=\"(max-width: 150px) 100vw, 150px\" \/>\t\t\t\t\t\t\t\t<\/a>\n\t\t\t\t\t\t\t\t\t\t\t\t\t\t\t<\/div>\n\t\t\t\t<\/div>\n\t\t\t\t<div class=\"elementor-element elementor-element-394a796 elementor-widget elementor-widget-image\" data-id=\"394a796\" data-element_type=\"widget\" data-e-type=\"widget\" data-widget_type=\"image.default\">\n\t\t\t\t<div class=\"elementor-widget-container\">\n\t\t\t\t\t\t\t\t\t\t\t\t\t\t\t\t<a href=\"https:\/\/www.promun.ro\" target=\"_blank\">\n\t\t\t\t\t\t\t<img decoding=\"async\" width=\"150\" height=\"150\" src=\"https:\/\/www.turismalternativ.ro\/wp-content\/uploads\/promun-1-150x150.jpg\" class=\"attachment-thumbnail size-thumbnail wp-image-2703\" alt=\"\" srcset=\"https:\/\/www.turismalternativ.ro\/wp-content\/uploads\/promun-1-150x150.jpg 150w, https:\/\/www.turismalternativ.ro\/wp-content\/uploads\/promun-1-300x300.jpg 300w, https:\/\/www.turismalternativ.ro\/wp-content\/uploads\/promun-1-12x12.jpg 12w, https:\/\/www.turismalternativ.ro\/wp-content\/uploads\/promun-1.jpg 350w\" sizes=\"(max-width: 150px) 100vw, 150px\" \/>\t\t\t\t\t\t\t\t<\/a>\n\t\t\t\t\t\t\t\t\t\t\t\t\t\t\t<\/div>\n\t\t\t\t<\/div>\n\t\t\t\t\t<\/div>\n\t\t<\/div>\n\t\t\t\t<div class=\"elementor-column elementor-col-50 elementor-top-column elementor-element elementor-element-56b4bb3\" data-id=\"56b4bb3\" data-element_type=\"column\" data-e-type=\"column\">\n\t\t\t<div class=\"elementor-widget-wrap elementor-element-populated\">\n\t\t\t\t\t\t<div class=\"elementor-element elementor-element-c9f457d elementor-widget elementor-widget-heading\" data-id=\"c9f457d\" data-element_type=\"widget\" data-e-type=\"widget\" data-widget_type=\"heading.default\">\n\t\t\t\t<div class=\"elementor-widget-container\">\n\t\t\t\t\t<h2 class=\"elementor-heading-title elementor-size-default\">Alternative Tourism School<\/h2>\t\t\t\t<\/div>\n\t\t\t\t<\/div>\n\t\t\t\t<div class=\"elementor-element elementor-element-0a46432 elementor-widget elementor-widget-text-editor\" data-id=\"0a46432\" data-element_type=\"widget\" data-e-type=\"widget\" data-widget_type=\"text-editor.default\">\n\t\t\t\t<div class=\"elementor-widget-container\">\n\t\t\t\t\t\t\t\t\t<div class=\"elementor-column elementor-col-100 elementor-inner-column elementor-element elementor-element-e5dcd1f\" data-id=\"e5dcd1f\" data-element_type=\"column\"><div class=\"elementor-column-wrap elementor-element-populated\"><div class=\"elementor-widget-wrap\"><div class=\"elementor-element elementor-element-ac04068 elementor-widget elementor-widget-text-editor\" data-id=\"ac04068\" data-element_type=\"widget\" data-widget_type=\"text-editor.default\"><div class=\"elementor-widget-container\"><div class=\"elementor-text-editor elementor-clearfix\"><p><strong>We started<\/strong>\u00a0in 2013 with\u00a0<strong><a href=\"http:\/\/www.aradfreetours.com\/\" target=\"_blank\" rel=\"noreferrer noopener\" aria-label=\"Arad Free Tours (opens in a new tab)\">Arad Free Tours<\/a><\/strong>, an idea, a passion, a twinge of pride: \"You think we can't do it?!\". And we did it! We learned from each other, we learned together how to become tour guides in our own city. It was never about money, it was about passion, the desire to do something concrete to promote tourism in Arad, this city with a wonderful heritage, but so little known to foreigners and even locals.<\/p><p>One of the biggest achievements is that we managed to do everything on a voluntary basis and that we gathered around us young people with potential who share a passion for local history and travel.<\/p><p>Arad Free Tours has become the most far-reaching private project aimed to promote tourism in Arad, and this made us responsible and opened our horizon to expand the concept of free tours, through the development of the Timi\u0219oara Free Tours project, especially in the context of the designation of the city on the Bega river as the European Cultural Capital.<\/p><p>Working on this not-so-simple equation called Romanian tourism, we realized that the number of tour guides available to implement our projects is very small, and the potential and demand are very high. And without guides, without qualified human resources, it is impossible to support the revolutionizing of tourism in Romania. The foundations of any sustainable and long-lasting project are education and a change in mentality, and the School of Alternative Tourism has become a necessity - or even an obligation for our cause.\u00a0<\/p><p><strong>Through the Alternative Tourism School, the association offers professional qualification courses in the profession of tourist guide, courses accredited by the relevant ministry.<\/strong><\/p><h4>All details about the Alternative Tourism School are available on the website <a href=\"https:\/\/scoala.turismalternativ.ro\" target=\"_blank\" rel=\"noopener\">scoala.turismalternativ.ro<\/a><\/h4><\/div><\/div><\/div><\/div><\/div><\/div>\t\t\t\t\t\t\t\t<\/div>\n\t\t\t\t<\/div>\n\t\t\t\t<div class=\"elementor-element elementor-element-44be53a elementor-widget elementor-widget-image\" data-id=\"44be53a\" data-element_type=\"widget\" data-e-type=\"widget\" data-widget_type=\"image.default\">\n\t\t\t\t<div class=\"elementor-widget-container\">\n\t\t\t\t\t\t\t\t\t\t\t\t\t\t\t<img loading=\"lazy\" decoding=\"async\" width=\"900\" height=\"379\" src=\"https:\/\/www.turismalternativ.ro\/wp-content\/uploads\/116343979_2643802165935738_1332325195822118724_n-1024x431.jpg\" class=\"attachment-large size-large wp-image-1890\" alt=\"\" srcset=\"https:\/\/www.turismalternativ.ro\/wp-content\/uploads\/116343979_2643802165935738_1332325195822118724_n-1024x431.jpg 1024w, https:\/\/www.turismalternativ.ro\/wp-content\/uploads\/116343979_2643802165935738_1332325195822118724_n-300x126.jpg 300w, https:\/\/www.turismalternativ.ro\/wp-content\/uploads\/116343979_2643802165935738_1332325195822118724_n-1536x647.jpg 1536w, https:\/\/www.turismalternativ.ro\/wp-content\/uploads\/116343979_2643802165935738_1332325195822118724_n-18x8.jpg 18w, https:\/\/www.turismalternativ.ro\/wp-content\/uploads\/116343979_2643802165935738_1332325195822118724_n.jpg 1865w\" sizes=\"(max-width: 900px) 100vw, 900px\" \/>\t\t\t\t\t\t\t\t\t\t\t\t\t\t\t<\/div>\n\t\t\t\t<\/div>\n\t\t\t\t\t<\/div>\n\t\t<\/div>\n\t\t\t\t\t<\/div>\n\t\t<\/section>\n\t\t\t\t<section class=\"elementor-section elementor-top-section elementor-element elementor-element-71d173c elementor-hidden-desktop elementor-section-boxed elementor-section-height-default elementor-section-height-default\" data-id=\"71d173c\" data-element_type=\"section\" data-e-type=\"section\">\n\t\t\t\t\t\t<div class=\"elementor-container elementor-column-gap-default\">\n\t\t\t\t\t<div class=\"elementor-column elementor-col-100 elementor-top-column elementor-element elementor-element-7e13a40 elementor-hidden-tablet elementor-hidden-mobile\" data-id=\"7e13a40\" data-element_type=\"column\" data-e-type=\"column\">\n\t\t\t<div class=\"elementor-widget-wrap elementor-element-populated\">\n\t\t\t\t\t\t<div class=\"elementor-element elementor-element-3967574 elementor-widget elementor-widget-spacer\" data-id=\"3967574\" data-element_type=\"widget\" data-e-type=\"widget\" data-widget_type=\"spacer.default\">\n\t\t\t\t<div class=\"elementor-widget-container\">\n\t\t\t\t\t\t\t<div class=\"elementor-spacer\">\n\t\t\t<div class=\"elementor-spacer-inner\"><\/div>\n\t\t<\/div>\n\t\t\t\t\t\t<\/div>\n\t\t\t\t<\/div>\n\t\t\t\t<div class=\"elementor-element elementor-element-8316758 animated-slow premium-adv-carousel__infinite premium-adv-carousel__horizontal elementor-widget elementor-widget-premium-media-wheel\" data-id=\"8316758\" data-element_type=\"widget\" data-e-type=\"widget\" data-settings=\"{&quot;_animation&quot;:&quot;none&quot;}\" data-widget_type=\"premium-media-wheel.default\">\n\t\t\t\t<div class=\"elementor-widget-container\">\n\t\t\t\t\t\t\t<div class=\"premium-adv-carousel-no-lightbox premium-adv-carousel__container\" data-settings=\"{&quot;type&quot;:&quot;infinite&quot;,&quot;scroll&quot;:false,&quot;speed&quot;:50,&quot;pauseOnHover&quot;:true,&quot;dir&quot;:&quot;horizontal&quot;,&quot;reverse&quot;:&quot;normal&quot;,&quot;renderEvent&quot;:&quot;scroll&quot;}\">\n\n\t\t\t<div style=\"visibility:hidden;\" class=\"premium-adv-carousel__inner-container\">\n\n\t\t\t\t<div class=\"premium-adv-carousel__items\">\n\n\t\t\t\t\t\t\t\t<div class=\"premium-adv-carousel__item-outer-wrapper\">\n\t\t\t\t<div class=\"elementor-repeater-item-a3f44b3 premium-adv-carousel__item premium-adv-carousel__item-image\">\n\t\t\t\t\t<div class=\"premium-adv-carousel__media-wrap\">\n\t\t\t\t\t\t\t\t\t\t\t\t\t\t<img decoding=\"async\" src=\"https:\/\/www.turismalternativ.ro\/wp-content\/uploads\/410922680_852838460184992_1199138102588227431_n.jpg\" alt=\"410922680_852838460184992_1199138102588227431_n\" class=\"premium-adv-carousel__item-img\">\n\t\t\t\t\t\t\t<a class=\"premium-adv-carousel__item-link\" aria-label=\"\" href=\"https:\/\/www.facebook.com\/events\/3739816486298659\/\" target=\"_blank\"><\/a>\t\t\t\t\t<\/div>\n\n\t\t\t\t\t\n\t\t\t\t\t\t\t\t\t<\/div>\n\t\t\t<\/div>\n\t\t\t\t\t\t<div class=\"premium-adv-carousel__item-outer-wrapper\">\n\t\t\t\t<div class=\"elementor-repeater-item-ebf65ee premium-adv-carousel__item premium-adv-carousel__item-image\">\n\t\t\t\t\t<div class=\"premium-adv-carousel__media-wrap\">\n\t\t\t\t\t\t\t\t\t\t\t\t\t\t<img decoding=\"async\" src=\"https:\/\/www.turismalternativ.ro\/wp-content\/uploads\/407722150_1302468097310529_2994274246382916651_n.jpg\" alt=\"407722150_1302468097310529_2994274246382916651_n\" class=\"premium-adv-carousel__item-img\">\n\t\t\t\t\t\t\t<a class=\"premium-adv-carousel__item-link\" aria-label=\"\" href=\"https:\/\/www.facebook.com\/events\/906592320899451\/\" target=\"_blank\"><\/a>\t\t\t\t\t<\/div>\n\n\t\t\t\t\t\n\t\t\t\t\t\t\t\t\t<\/div>\n\t\t\t<\/div>\n\t\t\t\t\t\t<div class=\"premium-adv-carousel__item-outer-wrapper\">\n\t\t\t\t<div class=\"elementor-repeater-item-6402085 premium-adv-carousel__item premium-adv-carousel__item-image\">\n\t\t\t\t\t<div class=\"premium-adv-carousel__media-wrap\">\n\t\t\t\t\t\t\t\t\t\t\t\t\t\t<img decoding=\"async\" src=\"https:\/\/www.turismalternativ.ro\/wp-content\/uploads\/402635931_1294236468133692_5306807926220716536_n.jpg\" alt=\"402635931_1294236468133692_5306807926220716536_n\" class=\"premium-adv-carousel__item-img\">\n\t\t\t\t\t\t\t<a class=\"premium-adv-carousel__item-link\" aria-label=\"\" href=\"https:\/\/www.facebook.com\/events\/1323018354996442\" target=\"_blank\"><\/a>\t\t\t\t\t<\/div>\n\n\t\t\t\t\t\n\t\t\t\t\t\t\t\t\t<\/div>\n\t\t\t<\/div>\n\t\t\t\t\t\t<div class=\"premium-adv-carousel__item-outer-wrapper\">\n\t\t\t\t<div class=\"elementor-repeater-item-0605f11 premium-adv-carousel__item premium-adv-carousel__item-image\">\n\t\t\t\t\t<div class=\"premium-adv-carousel__media-wrap\">\n\t\t\t\t\t\t\t\t\t\t\t\t\t\t<img decoding=\"async\" src=\"https:\/\/www.turismalternativ.ro\/wp-content\/uploads\/387860698_805647801570725_6700853145937538724_n.jpg\" alt=\"387860698_805647801570725_6700853145937538724_n\" class=\"premium-adv-carousel__item-img\">\n\t\t\t\t\t\t\t<a class=\"premium-adv-carousel__item-link\" aria-label=\"\" href=\"https:\/\/www.facebook.com\/events\/1384246255459670\" target=\"_blank\"><\/a>\t\t\t\t\t<\/div>\n\n\t\t\t\t\t\n\t\t\t\t\t\t\t\t\t<\/div>\n\t\t\t<\/div>\n\t\t\t\t\t\t<div class=\"premium-adv-carousel__item-outer-wrapper\">\n\t\t\t\t<div class=\"elementor-repeater-item-9a447df premium-adv-carousel__item premium-adv-carousel__item-image\">\n\t\t\t\t\t<div class=\"premium-adv-carousel__media-wrap\">\n\t\t\t\t\t\t\t\t\t\t\t\t\t\t<img decoding=\"async\" src=\"https:\/\/www.turismalternativ.ro\/wp-content\/uploads\/379371432_1252073259016680_3859148910324986905_n.jpg\" alt=\"379371432_1252073259016680_3859148910324986905_n\" class=\"premium-adv-carousel__item-img\">\n\t\t\t\t\t\t\t<a class=\"premium-adv-carousel__item-link\" aria-label=\"\" href=\"https:\/\/www.facebook.com\/events\/1059718625047003\" target=\"_blank\"><\/a>\t\t\t\t\t<\/div>\n\n\t\t\t\t\t\n\t\t\t\t\t\t\t\t\t<\/div>\n\t\t\t<\/div>\n\t\t\t\t\t\t\t<\/div>\n\t\t\t<\/div>\n\t\t<\/div>\n\t\t\t\t\t\t<\/div>\n\t\t\t\t<\/div>\n\t\t\t\t<div class=\"elementor-element elementor-element-5df7c9c elementor-widget elementor-widget-image\" data-id=\"5df7c9c\" data-element_type=\"widget\" data-e-type=\"widget\" data-widget_type=\"image.default\">\n\t\t\t\t<div class=\"elementor-widget-container\">\n\t\t\t\t\t\t\t\t\t\t\t\t\t\t\t\t<a href=\"http:\/\/www.finprom.ro\" target=\"_blank\">\n\t\t\t\t\t\t\t<img loading=\"lazy\" decoding=\"async\" width=\"150\" height=\"150\" src=\"https:\/\/www.turismalternativ.ro\/wp-content\/uploads\/parteneri-finprom-150x150.jpg\" class=\"attachment-thumbnail size-thumbnail wp-image-1246\" alt=\"\" srcset=\"https:\/\/www.turismalternativ.ro\/wp-content\/uploads\/parteneri-finprom-150x150.jpg 150w, https:\/\/www.turismalternativ.ro\/wp-content\/uploads\/parteneri-finprom-300x300.jpg 300w, https:\/\/www.turismalternativ.ro\/wp-content\/uploads\/parteneri-finprom-16x16.jpg 16w, https:\/\/www.turismalternativ.ro\/wp-content\/uploads\/parteneri-finprom-32x32.jpg 32w, https:\/\/www.turismalternativ.ro\/wp-content\/uploads\/parteneri-finprom-48x48.jpg 48w, https:\/\/www.turismalternativ.ro\/wp-content\/uploads\/parteneri-finprom.jpg 350w\" sizes=\"(max-width: 150px) 100vw, 150px\" \/>\t\t\t\t\t\t\t\t<\/a>\n\t\t\t\t\t\t\t\t\t\t\t\t\t\t\t<\/div>\n\t\t\t\t<\/div>\n\t\t\t\t<div class=\"elementor-element elementor-element-6aea316 elementor-widget elementor-widget-image\" data-id=\"6aea316\" data-element_type=\"widget\" data-e-type=\"widget\" data-widget_type=\"image.default\">\n\t\t\t\t<div class=\"elementor-widget-container\">\n\t\t\t\t\t\t\t\t\t\t\t\t\t\t\t\t<a href=\"https:\/\/www.ascentgroup.eu\" target=\"_blank\">\n\t\t\t\t\t\t\t<img decoding=\"async\" width=\"150\" height=\"150\" src=\"https:\/\/www.turismalternativ.ro\/wp-content\/uploads\/parteneri-ascent-150x150.jpg\" class=\"attachment-thumbnail size-thumbnail wp-image-1230\" alt=\"\" srcset=\"https:\/\/www.turismalternativ.ro\/wp-content\/uploads\/parteneri-ascent-150x150.jpg 150w, https:\/\/www.turismalternativ.ro\/wp-content\/uploads\/parteneri-ascent-300x300.jpg 300w, https:\/\/www.turismalternativ.ro\/wp-content\/uploads\/parteneri-ascent-16x16.jpg 16w, https:\/\/www.turismalternativ.ro\/wp-content\/uploads\/parteneri-ascent-32x32.jpg 32w, https:\/\/www.turismalternativ.ro\/wp-content\/uploads\/parteneri-ascent-48x48.jpg 48w, https:\/\/www.turismalternativ.ro\/wp-content\/uploads\/parteneri-ascent.jpg 350w\" sizes=\"(max-width: 150px) 100vw, 150px\" \/>\t\t\t\t\t\t\t\t<\/a>\n\t\t\t\t\t\t\t\t\t\t\t\t\t\t\t<\/div>\n\t\t\t\t<\/div>\n\t\t\t\t<div class=\"elementor-element elementor-element-fb92bd9 elementor-widget elementor-widget-image\" data-id=\"fb92bd9\" data-element_type=\"widget\" data-e-type=\"widget\" data-widget_type=\"image.default\">\n\t\t\t\t<div class=\"elementor-widget-container\">\n\t\t\t\t\t\t\t\t\t\t\t\t\t\t\t\t<a href=\"https:\/\/www.promun.ro\" target=\"_blank\">\n\t\t\t\t\t\t\t<img decoding=\"async\" width=\"150\" height=\"150\" src=\"https:\/\/www.turismalternativ.ro\/wp-content\/uploads\/promun-1-150x150.jpg\" class=\"attachment-thumbnail size-thumbnail wp-image-2703\" alt=\"\" srcset=\"https:\/\/www.turismalternativ.ro\/wp-content\/uploads\/promun-1-150x150.jpg 150w, https:\/\/www.turismalternativ.ro\/wp-content\/uploads\/promun-1-300x300.jpg 300w, https:\/\/www.turismalternativ.ro\/wp-content\/uploads\/promun-1-12x12.jpg 12w, https:\/\/www.turismalternativ.ro\/wp-content\/uploads\/promun-1.jpg 350w\" sizes=\"(max-width: 150px) 100vw, 150px\" \/>\t\t\t\t\t\t\t\t<\/a>\n\t\t\t\t\t\t\t\t\t\t\t\t\t\t\t<\/div>\n\t\t\t\t<\/div>\n\t\t\t\t\t<\/div>\n\t\t<\/div>\n\t\t\t\t\t<\/div>\n\t\t<\/section>\n\t\t\t\t<\/div>","protected":false},"excerpt":{"rendered":"<p>\u0218coala de Turism Alternativ Am \u00eenceput\u00a0\u00een anul 2013 cu\u00a0Arad Free Tours, o idee, o pasiune, o zv\u00e2cnire de orgoliu: \u201ep\u0103i ce, noi nu putem face?!\u201d. \u0218i am f\u0103cut! Am \u00eenv\u0103\u021bat unii de la al\u021bii, am \u00eenv\u0103\u021bat \u00eempreun\u0103 cum s\u0103 devenim ghizi de turism \u00een propriul nostru ora\u0219. Nu s-a pus niciodat\u0103 problema de bani, era [&hellip;]<\/p>\n","protected":false},"author":1,"featured_media":0,"parent":0,"menu_order":0,"comment_status":"closed","ping_status":"closed","template":"elementor_header_footer","meta":{"_monsterinsights_skip_tracking":false,"_monsterinsights_sitenote_active":false,"_monsterinsights_sitenote_note":"","_monsterinsights_sitenote_category":0,"jetpack_post_was_ever_published":false,"footnotes":""},"class_list":["post-1872","page","type-page","status-publish","hentry"],"aioseo_notices":[],"jetpack_sharing_enabled":true,"jetpack_shortlink":"https:\/\/wp.me\/P7lhyw-uc","_links":{"self":[{"href":"https:\/\/www.turismalternativ.ro\/en\/wp-json\/wp\/v2\/pages\/1872","targetHints":{"allow":["GET"]}}],"collection":[{"href":"https:\/\/www.turismalternativ.ro\/en\/wp-json\/wp\/v2\/pages"}],"about":[{"href":"https:\/\/www.turismalternativ.ro\/en\/wp-json\/wp\/v2\/types\/page"}],"author":[{"embeddable":true,"href":"https:\/\/www.turismalternativ.ro\/en\/wp-json\/wp\/v2\/users\/1"}],"replies":[{"embeddable":true,"href":"https:\/\/www.turismalternativ.ro\/en\/wp-json\/wp\/v2\/comments?post=1872"}],"version-history":[{"count":17,"href":"https:\/\/www.turismalternativ.ro\/en\/wp-json\/wp\/v2\/pages\/1872\/revisions"}],"predecessor-version":[{"id":2770,"href":"https:\/\/www.turismalternativ.ro\/en\/wp-json\/wp\/v2\/pages\/1872\/revisions\/2770"}],"wp:attachment":[{"href":"https:\/\/www.turismalternativ.ro\/en\/wp-json\/wp\/v2\/media?parent=1872"}],"curies":[{"name":"wp","href":"https:\/\/api.w.org\/{rel}","templated":true}]}}