{"id":1898,"date":"2024-01-17T21:52:21","date_gmt":"2024-01-17T19:52:21","guid":{"rendered":"https:\/\/www.turismalternativ.ro\/?page_id=1898"},"modified":"2025-10-28T17:20:09","modified_gmt":"2025-10-28T15:20:09","slug":"turist-la-tine-acasa","status":"publish","type":"page","link":"https:\/\/www.turismalternativ.ro\/en\/turist-la-tine-acasa\/","title":{"rendered":"TOURIST IN YOUR OWN CITY"},"content":{"rendered":"<div data-elementor-type=\"wp-page\" data-elementor-id=\"1898\" class=\"elementor elementor-1898\">\n\t\t\t\t\t\t<section class=\"elementor-section elementor-top-section elementor-element elementor-element-aae7437 elementor-section-boxed elementor-section-height-default elementor-section-height-default\" data-id=\"aae7437\" data-element_type=\"section\" data-e-type=\"section\">\n\t\t\t\t\t\t<div class=\"elementor-container elementor-column-gap-default\">\n\t\t\t\t\t<div class=\"elementor-column elementor-col-100 elementor-top-column elementor-element elementor-element-b1a3e6a\" data-id=\"b1a3e6a\" data-element_type=\"column\" data-e-type=\"column\">\n\t\t\t<div class=\"elementor-widget-wrap elementor-element-populated\">\n\t\t\t\t\t\t<div class=\"elementor-element elementor-element-d917c98 elementor-arrows-position-inside elementor-pagination-position-outside elementor-widget elementor-widget-image-carousel\" data-id=\"d917c98\" data-element_type=\"widget\" data-e-type=\"widget\" data-settings=\"{&quot;navigation&quot;:&quot;both&quot;,&quot;autoplay&quot;:&quot;yes&quot;,&quot;pause_on_hover&quot;:&quot;yes&quot;,&quot;pause_on_interaction&quot;:&quot;yes&quot;,&quot;autoplay_speed&quot;:5000,&quot;infinite&quot;:&quot;yes&quot;,&quot;speed&quot;:500}\" data-widget_type=\"image-carousel.default\">\n\t\t\t\t<div class=\"elementor-widget-container\">\n\t\t\t\t\t\t\t<div class=\"elementor-image-carousel-wrapper swiper\" role=\"region\" aria-roledescription=\"carousel\" aria-label=\"Image Carousel\" dir=\"ltr\">\n\t\t\t<div class=\"elementor-image-carousel swiper-wrapper\" aria-live=\"off\">\n\t\t\t\t\t\t\t\t<div class=\"swiper-slide\" role=\"group\" aria-roledescription=\"slide\" aria-label=\"1 of 5\"><figure class=\"swiper-slide-inner\"><img decoding=\"async\" class=\"swiper-slide-image\" src=\"https:\/\/www.turismalternativ.ro\/wp-content\/uploads\/WhatsApp-Image-2023-09-25-at-20.00.58.jpeg\" alt=\"WhatsApp Image 2023-09-25 at 20.00.58\" \/><\/figure><\/div><div class=\"swiper-slide\" role=\"group\" aria-roledescription=\"slide\" aria-label=\"2 of 5\"><figure class=\"swiper-slide-inner\"><img decoding=\"async\" class=\"swiper-slide-image\" src=\"https:\/\/www.turismalternativ.ro\/wp-content\/uploads\/WhatsApp-Image-2023-08-29-at-14.31.23.jpeg\" alt=\"WhatsApp Image 2023-08-29 at 14.31.23\" \/><\/figure><\/div><div class=\"swiper-slide\" role=\"group\" aria-roledescription=\"slide\" aria-label=\"3 of 5\"><figure class=\"swiper-slide-inner\"><img decoding=\"async\" class=\"swiper-slide-image\" src=\"https:\/\/www.turismalternativ.ro\/wp-content\/uploads\/WhatsApp-Image-2023-09-07-at-10.00.57.jpeg\" alt=\"WhatsApp Image 2023-09-07 at 10.00.57\" \/><\/figure><\/div><div class=\"swiper-slide\" role=\"group\" aria-roledescription=\"slide\" aria-label=\"4 of 5\"><figure class=\"swiper-slide-inner\"><img decoding=\"async\" class=\"swiper-slide-image\" src=\"https:\/\/www.turismalternativ.ro\/wp-content\/uploads\/WhatsApp-Image-2023-09-07-at-10.00.57.jpg\" alt=\"WhatsApp Image 2023-09-07 at 10.00.57\" \/><\/figure><\/div><div class=\"swiper-slide\" role=\"group\" aria-roledescription=\"slide\" aria-label=\"5 of 5\"><figure class=\"swiper-slide-inner\"><img decoding=\"async\" class=\"swiper-slide-image\" src=\"https:\/\/www.turismalternativ.ro\/wp-content\/uploads\/WhatsApp-Image-2023-09-07-at-10.00.57-1.jpg\" alt=\"WhatsApp Image 2023-09-07 at 10.00.57\" \/><\/figure><\/div>\t\t\t<\/div>\n\t\t\t\t\t\t\t\t\t\t\t\t<div class=\"elementor-swiper-button elementor-swiper-button-prev\" role=\"button\" tabindex=\"0\">\n\t\t\t\t\t\t<i aria-hidden=\"true\" class=\"eicon-chevron-left\"><\/i>\t\t\t\t\t<\/div>\n\t\t\t\t\t<div class=\"elementor-swiper-button elementor-swiper-button-next\" role=\"button\" tabindex=\"0\">\n\t\t\t\t\t\t<i aria-hidden=\"true\" class=\"eicon-chevron-right\"><\/i>\t\t\t\t\t<\/div>\n\t\t\t\t\n\t\t\t\t\t\t\t\t\t<div class=\"swiper-pagination\"><\/div>\n\t\t\t\t\t\t\t\t\t<\/div>\n\t\t\t\t\t\t<\/div>\n\t\t\t\t<\/div>\n\t\t\t\t\t<\/div>\n\t\t<\/div>\n\t\t\t\t\t<\/div>\n\t\t<\/section>\n\t\t\t\t<section class=\"elementor-section elementor-top-section elementor-element elementor-element-25390d0 elementor-section-boxed elementor-section-height-default elementor-section-height-default\" data-id=\"25390d0\" data-element_type=\"section\" data-e-type=\"section\">\n\t\t\t\t\t\t<div class=\"elementor-container elementor-column-gap-default\">\n\t\t\t\t\t<div class=\"elementor-column elementor-col-50 elementor-top-column elementor-element elementor-element-e71f46f elementor-hidden-tablet elementor-hidden-mobile\" data-id=\"e71f46f\" data-element_type=\"column\" data-e-type=\"column\">\n\t\t\t<div class=\"elementor-widget-wrap elementor-element-populated\">\n\t\t\t\t\t\t<div class=\"elementor-element elementor-element-b81bffc elementor-widget elementor-widget-spacer\" data-id=\"b81bffc\" data-element_type=\"widget\" data-e-type=\"widget\" data-widget_type=\"spacer.default\">\n\t\t\t\t<div class=\"elementor-widget-container\">\n\t\t\t\t\t\t\t<div class=\"elementor-spacer\">\n\t\t\t<div class=\"elementor-spacer-inner\"><\/div>\n\t\t<\/div>\n\t\t\t\t\t\t<\/div>\n\t\t\t\t<\/div>\n\t\t\t\t<div class=\"elementor-element elementor-element-be55c2c elementor-widget elementor-widget-image\" data-id=\"be55c2c\" data-element_type=\"widget\" data-e-type=\"widget\" data-widget_type=\"image.default\">\n\t\t\t\t<div class=\"elementor-widget-container\">\n\t\t\t\t\t\t\t\t\t\t\t\t\t\t\t\t<a href=\"http:\/\/www.finprom.ro\" target=\"_blank\">\n\t\t\t\t\t\t\t<img fetchpriority=\"high\" decoding=\"async\" width=\"350\" height=\"350\" src=\"https:\/\/www.turismalternativ.ro\/wp-content\/uploads\/finpromsitedoi.jpg\" class=\"attachment-full size-full wp-image-2415\" alt=\"\" srcset=\"https:\/\/www.turismalternativ.ro\/wp-content\/uploads\/finpromsitedoi.jpg 350w, https:\/\/www.turismalternativ.ro\/wp-content\/uploads\/finpromsitedoi-300x300.jpg 300w, https:\/\/www.turismalternativ.ro\/wp-content\/uploads\/finpromsitedoi-150x150.jpg 150w, https:\/\/www.turismalternativ.ro\/wp-content\/uploads\/finpromsitedoi-16x16.jpg 16w, https:\/\/www.turismalternativ.ro\/wp-content\/uploads\/finpromsitedoi-32x32.jpg 32w, https:\/\/www.turismalternativ.ro\/wp-content\/uploads\/finpromsitedoi-48x48.jpg 48w, https:\/\/www.turismalternativ.ro\/wp-content\/uploads\/finpromsitedoi-12x12.jpg 12w\" sizes=\"(max-width: 350px) 100vw, 350px\" \/>\t\t\t\t\t\t\t\t<\/a>\n\t\t\t\t\t\t\t\t\t\t\t\t\t\t\t<\/div>\n\t\t\t\t<\/div>\n\t\t\t\t<div class=\"elementor-element elementor-element-37a6764 elementor-widget elementor-widget-image\" data-id=\"37a6764\" data-element_type=\"widget\" data-e-type=\"widget\" data-widget_type=\"image.default\">\n\t\t\t\t<div class=\"elementor-widget-container\">\n\t\t\t\t\t\t\t\t\t\t\t\t\t\t\t\t<a href=\"https:\/\/www.ascentgroup.eu\" target=\"_blank\">\n\t\t\t\t\t\t\t<img decoding=\"async\" width=\"150\" height=\"150\" src=\"https:\/\/www.turismalternativ.ro\/wp-content\/uploads\/parteneri-ascent-150x150.jpg\" class=\"attachment-thumbnail size-thumbnail wp-image-1230\" alt=\"\" srcset=\"https:\/\/www.turismalternativ.ro\/wp-content\/uploads\/parteneri-ascent-150x150.jpg 150w, https:\/\/www.turismalternativ.ro\/wp-content\/uploads\/parteneri-ascent-300x300.jpg 300w, https:\/\/www.turismalternativ.ro\/wp-content\/uploads\/parteneri-ascent-16x16.jpg 16w, https:\/\/www.turismalternativ.ro\/wp-content\/uploads\/parteneri-ascent-32x32.jpg 32w, https:\/\/www.turismalternativ.ro\/wp-content\/uploads\/parteneri-ascent-48x48.jpg 48w, https:\/\/www.turismalternativ.ro\/wp-content\/uploads\/parteneri-ascent.jpg 350w\" sizes=\"(max-width: 150px) 100vw, 150px\" \/>\t\t\t\t\t\t\t\t<\/a>\n\t\t\t\t\t\t\t\t\t\t\t\t\t\t\t<\/div>\n\t\t\t\t<\/div>\n\t\t\t\t<div class=\"elementor-element elementor-element-22d55b5 elementor-widget elementor-widget-image\" data-id=\"22d55b5\" data-element_type=\"widget\" data-e-type=\"widget\" data-widget_type=\"image.default\">\n\t\t\t\t<div class=\"elementor-widget-container\">\n\t\t\t\t\t\t\t\t\t\t\t\t\t\t\t\t<a href=\"https:\/\/www.promun.ro\" target=\"_blank\">\n\t\t\t\t\t\t\t<img decoding=\"async\" width=\"150\" height=\"150\" src=\"https:\/\/www.turismalternativ.ro\/wp-content\/uploads\/promun-1-150x150.jpg\" class=\"attachment-thumbnail size-thumbnail wp-image-2703\" alt=\"\" srcset=\"https:\/\/www.turismalternativ.ro\/wp-content\/uploads\/promun-1-150x150.jpg 150w, https:\/\/www.turismalternativ.ro\/wp-content\/uploads\/promun-1-300x300.jpg 300w, https:\/\/www.turismalternativ.ro\/wp-content\/uploads\/promun-1-12x12.jpg 12w, https:\/\/www.turismalternativ.ro\/wp-content\/uploads\/promun-1.jpg 350w\" sizes=\"(max-width: 150px) 100vw, 150px\" \/>\t\t\t\t\t\t\t\t<\/a>\n\t\t\t\t\t\t\t\t\t\t\t\t\t\t\t<\/div>\n\t\t\t\t<\/div>\n\t\t\t\t\t<\/div>\n\t\t<\/div>\n\t\t\t\t<div class=\"elementor-column elementor-col-50 elementor-top-column elementor-element elementor-element-84de18c\" data-id=\"84de18c\" data-element_type=\"column\" data-e-type=\"column\">\n\t\t\t<div class=\"elementor-widget-wrap elementor-element-populated\">\n\t\t\t\t\t\t<div class=\"elementor-element elementor-element-b0c21b4 elementor-widget elementor-widget-heading\" data-id=\"b0c21b4\" data-element_type=\"widget\" data-e-type=\"widget\" data-widget_type=\"heading.default\">\n\t\t\t\t<div class=\"elementor-widget-container\">\n\t\t\t\t\t<h2 class=\"elementor-heading-title elementor-size-default\">Tourist in your own city<\/h2>\t\t\t\t<\/div>\n\t\t\t\t<\/div>\n\t\t\t\t<div class=\"elementor-element elementor-element-e93543b elementor-widget elementor-widget-text-editor\" data-id=\"e93543b\" data-element_type=\"widget\" data-e-type=\"widget\" data-widget_type=\"text-editor.default\">\n\t\t\t\t<div class=\"elementor-widget-container\">\n\t\t\t\t\t\t\t\t\t<p>Wanting to give the people of Arad the opportunity to know the history and stories of the city, we set up a project through which we transformed them into \"tourists at home\". In the first seasons of the project, under the motto \"Find out the stories of the city!\", the project took shape through thematic tours related to subjects such as minorities, educational institutions, places of worship or different historical eras.<\/p><p>After a few seasons of themed tours, we changed our approach and switched to the motto \"Behind Closed Doors\". Specifically, from themed city tours, we moved on to... indoors tours. We walked the people of Arad through buildings that they may pass by every day, but they don't have the opportunity to enter too often. And in the buildings that are open to the public, we entered places which, as a rule, are not accessible to \"normal people\". The elevator under the stage of the Arad Philharmonic, the stage pocket of the Classical Theater \"Ioan Slavici\", the mayor's office , the changing rooms of the \"Francisc Neuman\" Stadium or the detention sector of the Arad Penitentiary are just some of the places that the people of Arad had the opportunity to visit during of the \"Tourist in your own city\" project, of the Alternative Tourism Association.<\/p><p>\u00a0<\/p><p>In 2021, after the success of \"Tourist in your own city\", we extended the project to Timi\u0219oara, where the tour guides of Timi\u0219oara Free Tours walked the people of Timi\u0219oara around the city to learn stories about the city's architects, minorities, revolution, but also in behind closed doors in places like the Faculty of Arts and Design or the Serbian Vicarage.<\/p><p>Follow our website and our Facebook page to find out what the next events of this project are! Or, more simply, click on the \"Tourist in your own city\" logo below.<\/p>\t\t\t\t\t\t\t\t<\/div>\n\t\t\t\t<\/div>\n\t\t\t\t<div class=\"elementor-element elementor-element-60abe31 elementor-widget elementor-widget-image\" data-id=\"60abe31\" data-element_type=\"widget\" data-e-type=\"widget\" data-widget_type=\"image.default\">\n\t\t\t\t<div class=\"elementor-widget-container\">\n\t\t\t\t\t\t\t\t\t\t\t\t\t\t\t\t<a href=\"https:\/\/www.facebook.com\/turismalternativ\/events\" target=\"_blank\">\n\t\t\t\t\t\t\t<img loading=\"lazy\" decoding=\"async\" width=\"1536\" height=\"544\" src=\"https:\/\/www.turismalternativ.ro\/wp-content\/uploads\/Turist-la-tine-acasa-logo-2022-albastru-1536x544.png\" class=\"attachment-1536x1536 size-1536x1536 wp-image-1909\" alt=\"\" srcset=\"https:\/\/www.turismalternativ.ro\/wp-content\/uploads\/Turist-la-tine-acasa-logo-2022-albastru-1536x544.png 1536w, https:\/\/www.turismalternativ.ro\/wp-content\/uploads\/Turist-la-tine-acasa-logo-2022-albastru-300x106.png 300w, https:\/\/www.turismalternativ.ro\/wp-content\/uploads\/Turist-la-tine-acasa-logo-2022-albastru-1024x363.png 1024w, https:\/\/www.turismalternativ.ro\/wp-content\/uploads\/Turist-la-tine-acasa-logo-2022-albastru-18x6.png 18w, https:\/\/www.turismalternativ.ro\/wp-content\/uploads\/Turist-la-tine-acasa-logo-2022-albastru.png 2048w\" sizes=\"(max-width: 1536px) 100vw, 1536px\" \/>\t\t\t\t\t\t\t\t<\/a>\n\t\t\t\t\t\t\t\t\t\t\t\t\t\t\t<\/div>\n\t\t\t\t<\/div>\n\t\t\t\t\t<\/div>\n\t\t<\/div>\n\t\t\t\t\t<\/div>\n\t\t<\/section>\n\t\t\t\t<\/div>","protected":false},"excerpt":{"rendered":"<p>Turist la tine acas\u0103 Dorind s\u0103 le oferim \u0219i ar\u0103denilor ocazia s\u0103 cunoasc\u0103 istoria \u0219i pove\u0219tile ora\u0219ului, nu doar turi\u0219tilor, am pus la cale un proiect prin care i-am f\u0103cut pe ace\u0219tia turi\u0219ti la ei acas\u0103. \u00cen primele sezoane ale proiectului, sub motto-ul \u201eAfl\u0103 pove\u0219tile ora\u0219ului!\u201d, proiectul s-a concretizat prin tururi tematice legate de subiecte [&hellip;]<\/p>\n","protected":false},"author":1,"featured_media":0,"parent":0,"menu_order":0,"comment_status":"closed","ping_status":"closed","template":"elementor_header_footer","meta":{"_monsterinsights_skip_tracking":false,"_monsterinsights_sitenote_active":false,"_monsterinsights_sitenote_note":"","_monsterinsights_sitenote_category":0,"jetpack_post_was_ever_published":false,"footnotes":""},"class_list":["post-1898","page","type-page","status-publish","hentry"],"aioseo_notices":[],"jetpack_sharing_enabled":true,"jetpack_shortlink":"https:\/\/wp.me\/P7lhyw-uC","_links":{"self":[{"href":"https:\/\/www.turismalternativ.ro\/en\/wp-json\/wp\/v2\/pages\/1898","targetHints":{"allow":["GET"]}}],"collection":[{"href":"https:\/\/www.turismalternativ.ro\/en\/wp-json\/wp\/v2\/pages"}],"about":[{"href":"https:\/\/www.turismalternativ.ro\/en\/wp-json\/wp\/v2\/types\/page"}],"author":[{"embeddable":true,"href":"https:\/\/www.turismalternativ.ro\/en\/wp-json\/wp\/v2\/users\/1"}],"replies":[{"embeddable":true,"href":"https:\/\/www.turismalternativ.ro\/en\/wp-json\/wp\/v2\/comments?post=1898"}],"version-history":[{"count":25,"href":"https:\/\/www.turismalternativ.ro\/en\/wp-json\/wp\/v2\/pages\/1898\/revisions"}],"predecessor-version":[{"id":2767,"href":"https:\/\/www.turismalternativ.ro\/en\/wp-json\/wp\/v2\/pages\/1898\/revisions\/2767"}],"wp:attachment":[{"href":"https:\/\/www.turismalternativ.ro\/en\/wp-json\/wp\/v2\/media?parent=1898"}],"curies":[{"name":"wp","href":"https:\/\/api.w.org\/{rel}","templated":true}]}}