{"id":1899,"date":"2024-01-17T22:11:15","date_gmt":"2024-01-17T20:11:15","guid":{"rendered":"https:\/\/www.turismalternativ.ro\/?page_id=1899"},"modified":"2024-04-20T10:28:24","modified_gmt":"2024-04-20T08:28:24","slug":"excursii","status":"publish","type":"page","link":"https:\/\/www.turismalternativ.ro\/en\/excursii\/","title":{"rendered":"TRIPS"},"content":{"rendered":"<div data-elementor-type=\"wp-page\" data-elementor-id=\"1899\" class=\"elementor elementor-1899\">\n\t\t\t\t\t\t<section class=\"elementor-section elementor-top-section elementor-element elementor-element-4a483d4 elementor-section-boxed elementor-section-height-default elementor-section-height-default\" data-id=\"4a483d4\" data-element_type=\"section\" data-e-type=\"section\">\n\t\t\t\t\t\t<div class=\"elementor-container elementor-column-gap-default\">\n\t\t\t\t\t<div class=\"elementor-column elementor-col-100 elementor-top-column elementor-element elementor-element-1d7c53a\" data-id=\"1d7c53a\" data-element_type=\"column\" data-e-type=\"column\">\n\t\t\t<div class=\"elementor-widget-wrap elementor-element-populated\">\n\t\t\t\t\t\t<div class=\"elementor-element elementor-element-43cfba2 elementor-arrows-position-inside elementor-pagination-position-outside elementor-widget elementor-widget-image-carousel\" data-id=\"43cfba2\" data-element_type=\"widget\" data-e-type=\"widget\" data-settings=\"{&quot;navigation&quot;:&quot;both&quot;,&quot;autoplay&quot;:&quot;yes&quot;,&quot;pause_on_hover&quot;:&quot;yes&quot;,&quot;pause_on_interaction&quot;:&quot;yes&quot;,&quot;autoplay_speed&quot;:5000,&quot;infinite&quot;:&quot;yes&quot;,&quot;speed&quot;:500}\" data-widget_type=\"image-carousel.default\">\n\t\t\t\t<div class=\"elementor-widget-container\">\n\t\t\t\t\t\t\t<div class=\"elementor-image-carousel-wrapper swiper\" role=\"region\" aria-roledescription=\"carousel\" aria-label=\"Carusel de imagini\" dir=\"ltr\">\n\t\t\t<div class=\"elementor-image-carousel swiper-wrapper\" aria-live=\"off\">\n\t\t\t\t\t\t\t\t<div class=\"swiper-slide\" role=\"group\" aria-roledescription=\"slide\" aria-label=\"1 din 6\"><figure class=\"swiper-slide-inner\"><img decoding=\"async\" class=\"swiper-slide-image\" src=\"https:\/\/www.turismalternativ.ro\/wp-content\/uploads\/excursie5.jpg\" alt=\"excursie5\" \/><\/figure><\/div><div class=\"swiper-slide\" role=\"group\" aria-roledescription=\"slide\" aria-label=\"2 din 6\"><figure class=\"swiper-slide-inner\"><img decoding=\"async\" class=\"swiper-slide-image\" src=\"https:\/\/www.turismalternativ.ro\/wp-content\/uploads\/excursie-6.jpg\" alt=\"excursie 6\" \/><\/figure><\/div><div class=\"swiper-slide\" role=\"group\" aria-roledescription=\"slide\" aria-label=\"3 din 6\"><figure class=\"swiper-slide-inner\"><img decoding=\"async\" class=\"swiper-slide-image\" src=\"https:\/\/www.turismalternativ.ro\/wp-content\/uploads\/excursie1.jpg\" alt=\"excursie1\" \/><\/figure><\/div><div class=\"swiper-slide\" role=\"group\" aria-roledescription=\"slide\" aria-label=\"4 din 6\"><figure class=\"swiper-slide-inner\"><img decoding=\"async\" class=\"swiper-slide-image\" src=\"https:\/\/www.turismalternativ.ro\/wp-content\/uploads\/excursie2.jpg\" alt=\"excursie2\" \/><\/figure><\/div><div class=\"swiper-slide\" role=\"group\" aria-roledescription=\"slide\" aria-label=\"5 din 6\"><figure class=\"swiper-slide-inner\"><img decoding=\"async\" class=\"swiper-slide-image\" src=\"https:\/\/www.turismalternativ.ro\/wp-content\/uploads\/excursie3.jpg\" alt=\"excursie3\" \/><\/figure><\/div><div class=\"swiper-slide\" role=\"group\" aria-roledescription=\"slide\" aria-label=\"6 din 6\"><figure class=\"swiper-slide-inner\"><img decoding=\"async\" class=\"swiper-slide-image\" src=\"https:\/\/www.turismalternativ.ro\/wp-content\/uploads\/excursie4.jpg\" alt=\"excursie4\" \/><\/figure><\/div>\t\t\t<\/div>\n\t\t\t\t\t\t\t\t\t\t\t\t<div class=\"elementor-swiper-button elementor-swiper-button-prev\" role=\"button\" tabindex=\"0\">\n\t\t\t\t\t\t<i aria-hidden=\"true\" class=\"eicon-chevron-left\"><\/i>\t\t\t\t\t<\/div>\n\t\t\t\t\t<div class=\"elementor-swiper-button elementor-swiper-button-next\" role=\"button\" tabindex=\"0\">\n\t\t\t\t\t\t<i aria-hidden=\"true\" class=\"eicon-chevron-right\"><\/i>\t\t\t\t\t<\/div>\n\t\t\t\t\n\t\t\t\t\t\t\t\t\t<div class=\"swiper-pagination\"><\/div>\n\t\t\t\t\t\t\t\t\t<\/div>\n\t\t\t\t\t\t<\/div>\n\t\t\t\t<\/div>\n\t\t\t\t\t<\/div>\n\t\t<\/div>\n\t\t\t\t\t<\/div>\n\t\t<\/section>\n\t\t\t\t<section class=\"elementor-section elementor-top-section elementor-element elementor-element-80e6f65 elementor-section-boxed elementor-section-height-default elementor-section-height-default\" data-id=\"80e6f65\" data-element_type=\"section\" data-e-type=\"section\">\n\t\t\t\t\t\t<div class=\"elementor-container elementor-column-gap-default\">\n\t\t\t\t\t<div class=\"elementor-column elementor-col-100 elementor-top-column elementor-element elementor-element-5ef4b1a\" data-id=\"5ef4b1a\" data-element_type=\"column\" data-e-type=\"column\">\n\t\t\t<div class=\"elementor-widget-wrap elementor-element-populated\">\n\t\t\t\t\t\t<div class=\"elementor-element elementor-element-233be20 elementor-widget elementor-widget-heading\" data-id=\"233be20\" data-element_type=\"widget\" data-e-type=\"widget\" data-widget_type=\"heading.default\">\n\t\t\t\t<div class=\"elementor-widget-container\">\n\t\t\t\t\t<h2 class=\"elementor-heading-title elementor-size-default\">One-day trips<\/h2>\t\t\t\t<\/div>\n\t\t\t\t<\/div>\n\t\t\t\t<div class=\"elementor-element elementor-element-8c66d5e elementor-widget elementor-widget-text-editor\" data-id=\"8c66d5e\" data-element_type=\"widget\" data-e-type=\"widget\" data-widget_type=\"text-editor.default\">\n\t\t\t\t<div class=\"elementor-widget-container\">\n\t\t\t\t\t\t\t\t\t<p>Below are some of the one-day trips we offer, through well-known areas of the country, but with unique stories and alternative experiences!<\/p><p>Because we support alternative, quality tourism that focuses on the individual experience of each tourist and leaves a minimal footprint on the places they visit, the spots are limited. Click on one of the excursions below (on the images or on the trip's name) and find out more details!<\/p>\t\t\t\t\t\t\t\t<\/div>\n\t\t\t\t<\/div>\n\t\t\t\t\t<\/div>\n\t\t<\/div>\n\t\t\t\t\t<\/div>\n\t\t<\/section>\n\t\t\t\t<section class=\"elementor-section elementor-top-section elementor-element elementor-element-0a53bc4 elementor-section-boxed elementor-section-height-default elementor-section-height-default\" data-id=\"0a53bc4\" data-element_type=\"section\" data-e-type=\"section\">\n\t\t\t\t\t\t<div class=\"elementor-container elementor-column-gap-default\">\n\t\t\t\t\t<div class=\"elementor-column elementor-col-100 elementor-top-column elementor-element elementor-element-9988265 elementor-hidden-desktop\" data-id=\"9988265\" data-element_type=\"column\" data-e-type=\"column\">\n\t\t\t<div class=\"elementor-widget-wrap elementor-element-populated\">\n\t\t\t\t\t\t<div class=\"elementor-element elementor-element-649aa04 elementor-widget elementor-widget-spacer\" data-id=\"649aa04\" data-element_type=\"widget\" data-e-type=\"widget\" data-widget_type=\"spacer.default\">\n\t\t\t\t<div class=\"elementor-widget-container\">\n\t\t\t\t\t\t\t<div class=\"elementor-spacer\">\n\t\t\t<div class=\"elementor-spacer-inner\"><\/div>\n\t\t<\/div>\n\t\t\t\t\t\t<\/div>\n\t\t\t\t<\/div>\n\t\t\t\t<div class=\"elementor-element elementor-element-a2c050b animated-slow elementor-widget__width-initial premium-adv-carousel__infinite premium-adv-carousel__horizontal elementor-widget elementor-widget-premium-media-wheel\" data-id=\"a2c050b\" data-element_type=\"widget\" data-e-type=\"widget\" data-settings=\"{&quot;_animation&quot;:&quot;none&quot;}\" data-widget_type=\"premium-media-wheel.default\">\n\t\t\t\t<div class=\"elementor-widget-container\">\n\t\t\t\t\t\t\t<div class=\"premium-adv-carousel-no-lightbox premium-adv-carousel__container\" data-settings=\"{&quot;type&quot;:&quot;infinite&quot;,&quot;scroll&quot;:false,&quot;speed&quot;:50,&quot;pauseOnHover&quot;:true,&quot;dir&quot;:&quot;horizontal&quot;,&quot;reverse&quot;:&quot;normal&quot;,&quot;renderEvent&quot;:&quot;scroll&quot;}\">\n\n\t\t\t<div style=\"visibility:hidden;\" class=\"premium-adv-carousel__inner-container\">\n\n\t\t\t\t<div class=\"premium-adv-carousel__items\">\n\n\t\t\t\t\t\t\t\t<div class=\"premium-adv-carousel__item-outer-wrapper\">\n\t\t\t\t<div class=\"elementor-repeater-item-a3f44b3 premium-adv-carousel__item premium-adv-carousel__item-image\">\n\t\t\t\t\t<div class=\"premium-adv-carousel__media-wrap\">\n\t\t\t\t\t\t\t\t\t\t\t\t\t\t<img decoding=\"async\" src=\"https:\/\/www.turismalternativ.ro\/wp-content\/uploads\/410922680_852838460184992_1199138102588227431_n.jpg\" alt=\"410922680_852838460184992_1199138102588227431_n\" class=\"premium-adv-carousel__item-img\">\n\t\t\t\t\t\t\t<a class=\"premium-adv-carousel__item-link\" aria-label=\"\" href=\"https:\/\/www.facebook.com\/events\/3739816486298659\/\" target=\"_blank\"><\/a>\t\t\t\t\t<\/div>\n\n\t\t\t\t\t\n\t\t\t\t\t\t\t\t\t<\/div>\n\t\t\t<\/div>\n\t\t\t\t\t\t<div class=\"premium-adv-carousel__item-outer-wrapper\">\n\t\t\t\t<div class=\"elementor-repeater-item-ebf65ee premium-adv-carousel__item premium-adv-carousel__item-image\">\n\t\t\t\t\t<div class=\"premium-adv-carousel__media-wrap\">\n\t\t\t\t\t\t\t\t\t\t\t\t\t\t<img decoding=\"async\" src=\"https:\/\/www.turismalternativ.ro\/wp-content\/uploads\/407722150_1302468097310529_2994274246382916651_n.jpg\" alt=\"407722150_1302468097310529_2994274246382916651_n\" class=\"premium-adv-carousel__item-img\">\n\t\t\t\t\t\t\t<a class=\"premium-adv-carousel__item-link\" aria-label=\"\" href=\"https:\/\/www.facebook.com\/events\/906592320899451\/\" target=\"_blank\"><\/a>\t\t\t\t\t<\/div>\n\n\t\t\t\t\t\n\t\t\t\t\t\t\t\t\t<\/div>\n\t\t\t<\/div>\n\t\t\t\t\t\t<div class=\"premium-adv-carousel__item-outer-wrapper\">\n\t\t\t\t<div class=\"elementor-repeater-item-6402085 premium-adv-carousel__item premium-adv-carousel__item-image\">\n\t\t\t\t\t<div class=\"premium-adv-carousel__media-wrap\">\n\t\t\t\t\t\t\t\t\t\t\t\t\t\t<img decoding=\"async\" src=\"https:\/\/www.turismalternativ.ro\/wp-content\/uploads\/402635931_1294236468133692_5306807926220716536_n.jpg\" alt=\"402635931_1294236468133692_5306807926220716536_n\" class=\"premium-adv-carousel__item-img\">\n\t\t\t\t\t\t\t<a class=\"premium-adv-carousel__item-link\" aria-label=\"\" href=\"https:\/\/www.facebook.com\/events\/1323018354996442\" target=\"_blank\"><\/a>\t\t\t\t\t<\/div>\n\n\t\t\t\t\t\n\t\t\t\t\t\t\t\t\t<\/div>\n\t\t\t<\/div>\n\t\t\t\t\t\t<div class=\"premium-adv-carousel__item-outer-wrapper\">\n\t\t\t\t<div class=\"elementor-repeater-item-0605f11 premium-adv-carousel__item premium-adv-carousel__item-image\">\n\t\t\t\t\t<div class=\"premium-adv-carousel__media-wrap\">\n\t\t\t\t\t\t\t\t\t\t\t\t\t\t<img decoding=\"async\" src=\"https:\/\/www.turismalternativ.ro\/wp-content\/uploads\/387860698_805647801570725_6700853145937538724_n.jpg\" alt=\"387860698_805647801570725_6700853145937538724_n\" class=\"premium-adv-carousel__item-img\">\n\t\t\t\t\t\t\t<a class=\"premium-adv-carousel__item-link\" aria-label=\"\" href=\"https:\/\/www.facebook.com\/events\/1384246255459670\" target=\"_blank\"><\/a>\t\t\t\t\t<\/div>\n\n\t\t\t\t\t\n\t\t\t\t\t\t\t\t\t<\/div>\n\t\t\t<\/div>\n\t\t\t\t\t\t<div class=\"premium-adv-carousel__item-outer-wrapper\">\n\t\t\t\t<div class=\"elementor-repeater-item-9a447df premium-adv-carousel__item premium-adv-carousel__item-image\">\n\t\t\t\t\t<div class=\"premium-adv-carousel__media-wrap\">\n\t\t\t\t\t\t\t\t\t\t\t\t\t\t<img decoding=\"async\" src=\"https:\/\/www.turismalternativ.ro\/wp-content\/uploads\/379371432_1252073259016680_3859148910324986905_n.jpg\" alt=\"379371432_1252073259016680_3859148910324986905_n\" class=\"premium-adv-carousel__item-img\">\n\t\t\t\t\t\t\t<a class=\"premium-adv-carousel__item-link\" aria-label=\"\" href=\"https:\/\/www.facebook.com\/events\/1059718625047003\" target=\"_blank\"><\/a>\t\t\t\t\t<\/div>\n\n\t\t\t\t\t\n\t\t\t\t\t\t\t\t\t<\/div>\n\t\t\t<\/div>\n\t\t\t\t\t\t\t<\/div>\n\t\t\t<\/div>\n\t\t<\/div>\n\t\t\t\t\t\t<\/div>\n\t\t\t\t<\/div>\n\t\t\t\t<div class=\"elementor-element elementor-element-72bbb76 elementor-widget elementor-widget-image\" data-id=\"72bbb76\" data-element_type=\"widget\" data-e-type=\"widget\" data-widget_type=\"image.default\">\n\t\t\t\t<div class=\"elementor-widget-container\">\n\t\t\t\t\t\t\t\t\t\t\t\t\t\t\t\t<a href=\"http:\/\/www.finprom.ro\" target=\"_blank\">\n\t\t\t\t\t\t\t<img fetchpriority=\"high\" decoding=\"async\" width=\"350\" height=\"350\" src=\"https:\/\/www.turismalternativ.ro\/wp-content\/uploads\/finpromsitedoi.jpg\" class=\"attachment-full size-full wp-image-2415\" alt=\"\" srcset=\"https:\/\/www.turismalternativ.ro\/wp-content\/uploads\/finpromsitedoi.jpg 350w, https:\/\/www.turismalternativ.ro\/wp-content\/uploads\/finpromsitedoi-300x300.jpg 300w, https:\/\/www.turismalternativ.ro\/wp-content\/uploads\/finpromsitedoi-150x150.jpg 150w, https:\/\/www.turismalternativ.ro\/wp-content\/uploads\/finpromsitedoi-16x16.jpg 16w, https:\/\/www.turismalternativ.ro\/wp-content\/uploads\/finpromsitedoi-32x32.jpg 32w, https:\/\/www.turismalternativ.ro\/wp-content\/uploads\/finpromsitedoi-48x48.jpg 48w, https:\/\/www.turismalternativ.ro\/wp-content\/uploads\/finpromsitedoi-12x12.jpg 12w\" sizes=\"(max-width: 350px) 100vw, 350px\" \/>\t\t\t\t\t\t\t\t<\/a>\n\t\t\t\t\t\t\t\t\t\t\t\t\t\t\t<\/div>\n\t\t\t\t<\/div>\n\t\t\t\t<div class=\"elementor-element elementor-element-e81b487 elementor-widget elementor-widget-image\" data-id=\"e81b487\" data-element_type=\"widget\" data-e-type=\"widget\" data-widget_type=\"image.default\">\n\t\t\t\t<div class=\"elementor-widget-container\">\n\t\t\t\t\t\t\t\t\t\t\t\t\t\t\t\t<a href=\"https:\/\/www.ascentgroup.eu\" target=\"_blank\">\n\t\t\t\t\t\t\t<img decoding=\"async\" width=\"150\" height=\"150\" src=\"https:\/\/www.turismalternativ.ro\/wp-content\/uploads\/parteneri-ascent-150x150.jpg\" class=\"attachment-thumbnail size-thumbnail wp-image-1230\" alt=\"\" srcset=\"https:\/\/www.turismalternativ.ro\/wp-content\/uploads\/parteneri-ascent-150x150.jpg 150w, https:\/\/www.turismalternativ.ro\/wp-content\/uploads\/parteneri-ascent-300x300.jpg 300w, https:\/\/www.turismalternativ.ro\/wp-content\/uploads\/parteneri-ascent-16x16.jpg 16w, https:\/\/www.turismalternativ.ro\/wp-content\/uploads\/parteneri-ascent-32x32.jpg 32w, https:\/\/www.turismalternativ.ro\/wp-content\/uploads\/parteneri-ascent-48x48.jpg 48w, https:\/\/www.turismalternativ.ro\/wp-content\/uploads\/parteneri-ascent.jpg 350w\" sizes=\"(max-width: 150px) 100vw, 150px\" \/>\t\t\t\t\t\t\t\t<\/a>\n\t\t\t\t\t\t\t\t\t\t\t\t\t\t\t<\/div>\n\t\t\t\t<\/div>\n\t\t\t\t<div class=\"elementor-element elementor-element-c3bae4b elementor-widget elementor-widget-image\" data-id=\"c3bae4b\" data-element_type=\"widget\" data-e-type=\"widget\" data-widget_type=\"image.default\">\n\t\t\t\t<div class=\"elementor-widget-container\">\n\t\t\t\t\t\t\t\t\t\t\t\t\t\t\t\t<a href=\"https:\/\/www.promun.ro\" target=\"_blank\">\n\t\t\t\t\t\t\t<img decoding=\"async\" width=\"150\" height=\"150\" src=\"https:\/\/www.turismalternativ.ro\/wp-content\/uploads\/parteneri-promun-150x150.jpg\" class=\"attachment-thumbnail size-thumbnail wp-image-1235\" alt=\"\" srcset=\"https:\/\/www.turismalternativ.ro\/wp-content\/uploads\/parteneri-promun-150x150.jpg 150w, https:\/\/www.turismalternativ.ro\/wp-content\/uploads\/parteneri-promun-300x300.jpg 300w, https:\/\/www.turismalternativ.ro\/wp-content\/uploads\/parteneri-promun-16x16.jpg 16w, https:\/\/www.turismalternativ.ro\/wp-content\/uploads\/parteneri-promun-32x32.jpg 32w, https:\/\/www.turismalternativ.ro\/wp-content\/uploads\/parteneri-promun-48x48.jpg 48w, https:\/\/www.turismalternativ.ro\/wp-content\/uploads\/parteneri-promun.jpg 350w\" sizes=\"(max-width: 150px) 100vw, 150px\" \/>\t\t\t\t\t\t\t\t<\/a>\n\t\t\t\t\t\t\t\t\t\t\t\t\t\t\t<\/div>\n\t\t\t\t<\/div>\n\t\t\t\t\t<\/div>\n\t\t<\/div>\n\t\t\t\t\t<\/div>\n\t\t<\/section>\n\t\t\t\t<section class=\"elementor-section elementor-top-section elementor-element elementor-element-6c314b9 elementor-section-boxed elementor-section-height-default elementor-section-height-default\" data-id=\"6c314b9\" data-element_type=\"section\" data-e-type=\"section\">\n\t\t\t\t\t\t<div class=\"elementor-container elementor-column-gap-default\">\n\t\t\t\t\t<div class=\"elementor-column elementor-col-100 elementor-top-column elementor-element elementor-element-057a4c0\" data-id=\"057a4c0\" data-element_type=\"column\" data-e-type=\"column\">\n\t\t\t<div class=\"elementor-widget-wrap\">\n\t\t\t\t\t\t\t<\/div>\n\t\t<\/div>\n\t\t\t\t\t<\/div>\n\t\t<\/section>\n\t\t\t\t<section class=\"elementor-section elementor-top-section elementor-element elementor-element-adaad84 elementor-section-boxed elementor-section-height-default elementor-section-height-default\" data-id=\"adaad84\" data-element_type=\"section\" data-e-type=\"section\">\n\t\t\t\t\t\t<div class=\"elementor-container elementor-column-gap-default\">\n\t\t\t\t\t<div class=\"elementor-column elementor-col-100 elementor-top-column elementor-element elementor-element-008ecfe\" data-id=\"008ecfe\" data-element_type=\"column\" data-e-type=\"column\">\n\t\t\t<div class=\"elementor-widget-wrap\">\n\t\t\t\t\t\t\t<\/div>\n\t\t<\/div>\n\t\t\t\t\t<\/div>\n\t\t<\/section>\n\t\t\t\t<\/div>","protected":false},"excerpt":{"rendered":"<p>Excursii de o zi Mai jos sunt c\u00e2teva dintre excursiile de o zi pe care vi le propunem, prin zone cunoscute ale \u021b\u0103rii, dar cu pove\u0219ti inedite \u0219i experien\u021be alternative! Pentru c\u0103 sus\u021binem turismul alternativ, de calitate, care pune accentul pe experien\u021ba fiec\u0103rui turist \u00een parte \u0219i las\u0103 o amprent\u0103 c\u00e2t mai mic\u0103 asupra locurilor [&hellip;]<\/p>\n","protected":false},"author":1,"featured_media":0,"parent":0,"menu_order":0,"comment_status":"closed","ping_status":"closed","template":"elementor_header_footer","meta":{"_monsterinsights_skip_tracking":false,"_monsterinsights_sitenote_active":false,"_monsterinsights_sitenote_note":"","_monsterinsights_sitenote_category":0,"jetpack_post_was_ever_published":false,"footnotes":""},"class_list":["post-1899","page","type-page","status-publish","hentry"],"aioseo_notices":[],"jetpack_sharing_enabled":true,"jetpack_shortlink":"https:\/\/wp.me\/P7lhyw-uD","_links":{"self":[{"href":"https:\/\/www.turismalternativ.ro\/en\/wp-json\/wp\/v2\/pages\/1899","targetHints":{"allow":["GET"]}}],"collection":[{"href":"https:\/\/www.turismalternativ.ro\/en\/wp-json\/wp\/v2\/pages"}],"about":[{"href":"https:\/\/www.turismalternativ.ro\/en\/wp-json\/wp\/v2\/types\/page"}],"author":[{"embeddable":true,"href":"https:\/\/www.turismalternativ.ro\/en\/wp-json\/wp\/v2\/users\/1"}],"replies":[{"embeddable":true,"href":"https:\/\/www.turismalternativ.ro\/en\/wp-json\/wp\/v2\/comments?post=1899"}],"version-history":[{"count":64,"href":"https:\/\/www.turismalternativ.ro\/en\/wp-json\/wp\/v2\/pages\/1899\/revisions"}],"predecessor-version":[{"id":2640,"href":"https:\/\/www.turismalternativ.ro\/en\/wp-json\/wp\/v2\/pages\/1899\/revisions\/2640"}],"wp:attachment":[{"href":"https:\/\/www.turismalternativ.ro\/en\/wp-json\/wp\/v2\/media?parent=1899"}],"curies":[{"name":"wp","href":"https:\/\/api.w.org\/{rel}","templated":true}]}}