{"id":2349,"date":"2024-03-26T18:42:51","date_gmt":"2024-03-26T16:42:51","guid":{"rendered":"https:\/\/www.turismalternativ.ro\/?page_id=2349"},"modified":"2024-03-26T19:15:47","modified_gmt":"2024-03-26T17:15:47","slug":"alatura-te-echipei","status":"publish","type":"page","link":"https:\/\/www.turismalternativ.ro\/en\/alatura-te-echipei\/","title":{"rendered":"Al\u0103tur\u0103-te echipei"},"content":{"rendered":"<div data-elementor-type=\"wp-page\" data-elementor-id=\"2349\" class=\"elementor elementor-2349\">\n\t\t\t\t\t\t<section class=\"elementor-section elementor-top-section elementor-element elementor-element-9987cf2 elementor-section-boxed elementor-section-height-default elementor-section-height-default\" data-id=\"9987cf2\" data-element_type=\"section\" data-e-type=\"section\">\n\t\t\t\t\t\t<div class=\"elementor-container elementor-column-gap-default\">\n\t\t\t\t\t<div class=\"elementor-column elementor-col-50 elementor-top-column elementor-element elementor-element-97b698d elementor-hidden-tablet elementor-hidden-mobile\" data-id=\"97b698d\" data-element_type=\"column\" data-e-type=\"column\">\n\t\t\t<div class=\"elementor-widget-wrap elementor-element-populated\">\n\t\t\t\t\t\t<div class=\"elementor-element elementor-element-d555dae elementor-widget__width-inherit elementor-widget elementor-widget-image-carousel\" data-id=\"d555dae\" data-element_type=\"widget\" data-e-type=\"widget\" data-settings=\"{&quot;slides_to_show&quot;:&quot;1&quot;,&quot;navigation&quot;:&quot;none&quot;,&quot;autoplay&quot;:&quot;yes&quot;,&quot;pause_on_hover&quot;:&quot;yes&quot;,&quot;pause_on_interaction&quot;:&quot;yes&quot;,&quot;autoplay_speed&quot;:5000,&quot;infinite&quot;:&quot;yes&quot;,&quot;effect&quot;:&quot;slide&quot;,&quot;speed&quot;:500}\" data-widget_type=\"image-carousel.default\">\n\t\t\t\t<div class=\"elementor-widget-container\">\n\t\t\t\t\t\t\t<div class=\"elementor-image-carousel-wrapper swiper\" role=\"region\" aria-roledescription=\"carousel\" aria-label=\"Carusel de imagini\" dir=\"ltr\">\n\t\t\t<div class=\"elementor-image-carousel swiper-wrapper\" aria-live=\"off\">\n\t\t\t\t\t\t\t\t<div class=\"swiper-slide\" role=\"group\" aria-roledescription=\"slide\" aria-label=\"1 din 5\"><figure class=\"swiper-slide-inner\"><img decoding=\"async\" class=\"swiper-slide-image\" src=\"https:\/\/www.turismalternativ.ro\/wp-content\/uploads\/WhatsApp-Image-2024-03-26-at-18.29.23-4.jpeg\" alt=\"WhatsApp Image 2024-03-26 at 18.29.23 (4)\" \/><\/figure><\/div><div class=\"swiper-slide\" role=\"group\" aria-roledescription=\"slide\" aria-label=\"2 din 5\"><figure class=\"swiper-slide-inner\"><img decoding=\"async\" class=\"swiper-slide-image\" src=\"https:\/\/www.turismalternativ.ro\/wp-content\/uploads\/WhatsApp-Image-2024-03-26-at-18.29.23-3.jpeg\" alt=\"WhatsApp Image 2024-03-26 at 18.29.23 (3)\" \/><\/figure><\/div><div class=\"swiper-slide\" role=\"group\" aria-roledescription=\"slide\" aria-label=\"3 din 5\"><figure class=\"swiper-slide-inner\"><img decoding=\"async\" class=\"swiper-slide-image\" src=\"https:\/\/www.turismalternativ.ro\/wp-content\/uploads\/WhatsApp-Image-2024-03-26-at-18.29.23-5.jpeg\" alt=\"WhatsApp Image 2024-03-26 at 18.29.23 (5)\" \/><\/figure><\/div><div class=\"swiper-slide\" role=\"group\" aria-roledescription=\"slide\" aria-label=\"4 din 5\"><figure class=\"swiper-slide-inner\"><img decoding=\"async\" class=\"swiper-slide-image\" src=\"https:\/\/www.turismalternativ.ro\/wp-content\/uploads\/WhatsApp-Image-2024-03-26-at-18.29.23-2.jpeg\" alt=\"WhatsApp Image 2024-03-26 at 18.29.23 (2)\" \/><\/figure><\/div><div class=\"swiper-slide\" role=\"group\" aria-roledescription=\"slide\" aria-label=\"5 din 5\"><figure class=\"swiper-slide-inner\"><img decoding=\"async\" class=\"swiper-slide-image\" src=\"https:\/\/www.turismalternativ.ro\/wp-content\/uploads\/WhatsApp-Image-2024-03-26-at-18.29.23.jpeg\" alt=\"WhatsApp Image 2024-03-26 at 18.29.23\" \/><\/figure><\/div>\t\t\t<\/div>\n\t\t\t\t\t\t\t\n\t\t\t\t\t\t\t\t\t<\/div>\n\t\t\t\t\t\t<\/div>\n\t\t\t\t<\/div>\n\t\t\t\t<div class=\"elementor-element elementor-element-7cf38f6 elementor-widget__width-inherit elementor-widget elementor-widget-image-carousel\" data-id=\"7cf38f6\" data-element_type=\"widget\" data-e-type=\"widget\" data-settings=\"{&quot;slides_to_show&quot;:&quot;1&quot;,&quot;navigation&quot;:&quot;none&quot;,&quot;autoplay&quot;:&quot;yes&quot;,&quot;pause_on_hover&quot;:&quot;yes&quot;,&quot;pause_on_interaction&quot;:&quot;yes&quot;,&quot;autoplay_speed&quot;:5000,&quot;infinite&quot;:&quot;yes&quot;,&quot;effect&quot;:&quot;slide&quot;,&quot;speed&quot;:500}\" data-widget_type=\"image-carousel.default\">\n\t\t\t\t<div class=\"elementor-widget-container\">\n\t\t\t\t\t\t\t<div class=\"elementor-image-carousel-wrapper swiper\" role=\"region\" aria-roledescription=\"carousel\" aria-label=\"Carusel de imagini\" dir=\"ltr\">\n\t\t\t<div class=\"elementor-image-carousel swiper-wrapper\" aria-live=\"off\">\n\t\t\t\t\t\t\t\t<div class=\"swiper-slide\" role=\"group\" aria-roledescription=\"slide\" aria-label=\"1 din 4\"><figure class=\"swiper-slide-inner\"><img decoding=\"async\" class=\"swiper-slide-image\" src=\"https:\/\/www.turismalternativ.ro\/wp-content\/uploads\/WhatsApp-Image-2024-03-26-at-18.30.55.jpeg\" alt=\"WhatsApp Image 2024-03-26 at 18.30.55\" \/><\/figure><\/div><div class=\"swiper-slide\" role=\"group\" aria-roledescription=\"slide\" aria-label=\"2 din 4\"><figure class=\"swiper-slide-inner\"><img decoding=\"async\" class=\"swiper-slide-image\" src=\"https:\/\/www.turismalternativ.ro\/wp-content\/uploads\/WhatsApp-Image-2024-03-26-at-18.30.50-1.jpeg\" alt=\"WhatsApp Image 2024-03-26 at 18.30.50 (1)\" \/><\/figure><\/div><div class=\"swiper-slide\" role=\"group\" aria-roledescription=\"slide\" aria-label=\"3 din 4\"><figure class=\"swiper-slide-inner\"><img decoding=\"async\" class=\"swiper-slide-image\" src=\"https:\/\/www.turismalternativ.ro\/wp-content\/uploads\/WhatsApp-Image-2024-03-26-at-18.30.50.jpeg\" alt=\"WhatsApp Image 2024-03-26 at 18.30.50\" \/><\/figure><\/div><div class=\"swiper-slide\" role=\"group\" aria-roledescription=\"slide\" aria-label=\"4 din 4\"><figure class=\"swiper-slide-inner\"><img decoding=\"async\" class=\"swiper-slide-image\" src=\"https:\/\/www.turismalternativ.ro\/wp-content\/uploads\/WhatsApp-Image-2024-03-26-at-18.29.23-1.jpeg\" alt=\"WhatsApp Image 2024-03-26 at 18.29.23 (1)\" \/><\/figure><\/div>\t\t\t<\/div>\n\t\t\t\t\t\t\t\n\t\t\t\t\t\t\t\t\t<\/div>\n\t\t\t\t\t\t<\/div>\n\t\t\t\t<\/div>\n\t\t\t\t\t<\/div>\n\t\t<\/div>\n\t\t\t\t<div class=\"elementor-column elementor-col-50 elementor-top-column elementor-element elementor-element-f415cc2\" data-id=\"f415cc2\" data-element_type=\"column\" data-e-type=\"column\">\n\t\t\t<div class=\"elementor-widget-wrap elementor-element-populated\">\n\t\t\t\t\t\t<div class=\"elementor-element elementor-element-63d09e0 elementor-widget elementor-widget-text-editor\" data-id=\"63d09e0\" data-element_type=\"widget\" data-e-type=\"widget\" data-widget_type=\"text-editor.default\">\n\t\t\t\t<div class=\"elementor-widget-container\">\n\t\t\t\t\t\t\t\t\t<p>Tururile gratuite reprezint\u0103 unul dintre cele mai faine moduri de a afla pove\u0219tile ora\u0219elor pe care le vizit\u0103m. Ghizii sunt localnici (sau oameni \u201eadopta\u021bi\u201d de ora\u0219ele \u00een care ghideaz\u0103) \u00eendr\u0103gosti\u021bi de istoria \u0219i pove\u0219tile ora\u0219elor, ceea ce face ca tururile de tip Free Tour s\u0103 fie o experien\u021b\u0103 aparte, complet diferit\u0103 de tururile ghidate clasice, realizate de cele mai multe ori de persoane care nu au o leg\u0103tur\u0103 aparte cu ora\u0219ele respective.<\/p><p>Tocmai asta \u00eencerc\u0103m s\u0103 facem \u0219i noi, Asocia\u021bia Turism Alternativ, prin proiectele noastre din seria \u201eFree Tours\u201d. P\u00e2n\u0103 acum am reu\u0219it s\u0103 lans\u0103m astfel de proiecte \u00een Arad (de unde am \u0219i \u00eenceput), Timi\u0219oara \u0219i Alba-Iulia. Ne propunem s\u0103 ajungem \u00een c\u00e2t mai multe ora\u0219e din \u021bar\u0103, \u00een mod special \u00een cele de dimensiune medie, care au o gr\u0103mad\u0103 de pove\u0219ti de spus, dar \u00een care autorit\u0103\u021bile locale nu \u00ee\u0219i \u00eendreapt\u0103 neap\u0103rat aten\u021bia c\u0103tre turism.<\/p><p>Dac\u0103 ai atestat de ghid de turism \u2013 sau vrei s\u0103 \u00eel ob\u021bii, e\u0219ti pasionat de istoria \u0219i pove\u0219tile ora\u0219ului t\u0103u, ai un mod pl\u0103cut de a le spune pove\u0219ti oamenilor \u0219i e\u0219ti capabil s\u0103 conduci un grup de oameni \u0219i s\u0103 le p\u0103strezi aten\u021bia a\u021bintit\u0103 asupra ta timp de dou\u0103 ore, e\u0219ti \u201ecandidatul\u201d perfect pentru a face parte din echipa noastr\u0103.<\/p><p>Indiferent dac\u0103 e\u0219ti din vreunul dintre ora\u0219ele \u00een care deja avem proiecte de Free Tours, sau nu, \u0219i \u00ee\u021bi dore\u0219ti s\u0103 pui um\u0103rul la promovarea patrimoniului local, te a\u0219tept\u0103m \u00een echip\u0103. Promitem c\u0103 suntem oameni faini \u0219i singura noastr\u0103 cerin\u021b\u0103 fa\u021b\u0103 de tine e tocmai asta \u2013 s\u0103 fii \u0219i tu om fain!<\/p><p><strong>Completeaz\u0103 formularul de mai jos \u0219i vom reveni c\u00e2t de repede putem cu un r\u0103spuns!<\/strong><\/p>\t\t\t\t\t\t\t\t<\/div>\n\t\t\t\t<\/div>\n\t\t\t\t\t<\/div>\n\t\t<\/div>\n\t\t\t\t\t<\/div>\n\t\t<\/section>\n\t\t\t\t<section class=\"elementor-section elementor-top-section elementor-element elementor-element-5764664 elementor-section-boxed elementor-section-height-default elementor-section-height-default\" data-id=\"5764664\" data-element_type=\"section\" data-e-type=\"section\">\n\t\t\t\t\t\t<div class=\"elementor-container elementor-column-gap-default\">\n\t\t\t\t\t<div class=\"elementor-column elementor-col-100 elementor-top-column elementor-element elementor-element-9ca3b85\" data-id=\"9ca3b85\" data-element_type=\"column\" data-e-type=\"column\">\n\t\t\t<div class=\"elementor-widget-wrap elementor-element-populated\">\n\t\t\t\t\t\t<div class=\"elementor-element elementor-element-e3a5c5c elementor-widget elementor-widget-image\" data-id=\"e3a5c5c\" data-element_type=\"widget\" data-e-type=\"widget\" data-widget_type=\"image.default\">\n\t\t\t\t<div class=\"elementor-widget-container\">\n\t\t\t\t\t\t\t\t\t\t\t\t\t\t\t<img fetchpriority=\"high\" decoding=\"async\" width=\"900\" height=\"228\" src=\"https:\/\/www.turismalternativ.ro\/wp-content\/uploads\/banner-join-the-team-1024x259.jpg\" class=\"attachment-large size-large wp-image-2366\" alt=\"\" srcset=\"https:\/\/www.turismalternativ.ro\/wp-content\/uploads\/banner-join-the-team-1024x259.jpg 1024w, https:\/\/www.turismalternativ.ro\/wp-content\/uploads\/banner-join-the-team-300x76.jpg 300w, https:\/\/www.turismalternativ.ro\/wp-content\/uploads\/banner-join-the-team-1536x388.jpg 1536w, https:\/\/www.turismalternativ.ro\/wp-content\/uploads\/banner-join-the-team-2048x518.jpg 2048w, https:\/\/www.turismalternativ.ro\/wp-content\/uploads\/banner-join-the-team-18x5.jpg 18w\" sizes=\"(max-width: 900px) 100vw, 900px\" \/>\t\t\t\t\t\t\t\t\t\t\t\t\t\t\t<\/div>\n\t\t\t\t<\/div>\n\t\t\t\t<div class=\"elementor-element elementor-element-224e738 elementor-widget elementor-widget-text-editor\" data-id=\"224e738\" data-element_type=\"widget\" data-e-type=\"widget\" data-widget_type=\"text-editor.default\">\n\t\t\t\t<div class=\"elementor-widget-container\">\n\t\t\t\t\t\t\t\t\t<iframe src=\"https:\/\/docs.google.com\/forms\/d\/e\/1FAIpQLScpmL31SwSdxHT-E9miwFeArIDyFMNlC97i72Q-Nd1-YDloPw\/viewform?embedded=true\" width=\"640\" height=\"1149\" frameborder=\"0\" marginheight=\"0\" marginwidth=\"0\">Loading\u2026<\/iframe>\t\t\t\t\t\t\t\t<\/div>\n\t\t\t\t<\/div>\n\t\t\t\t<div class=\"elementor-element elementor-element-a7104dd elementor-widget__width-inherit elementor-hidden-desktop elementor-widget elementor-widget-image-carousel\" data-id=\"a7104dd\" data-element_type=\"widget\" data-e-type=\"widget\" data-settings=\"{&quot;slides_to_show&quot;:&quot;1&quot;,&quot;navigation&quot;:&quot;none&quot;,&quot;autoplay&quot;:&quot;yes&quot;,&quot;pause_on_hover&quot;:&quot;yes&quot;,&quot;pause_on_interaction&quot;:&quot;yes&quot;,&quot;autoplay_speed&quot;:5000,&quot;infinite&quot;:&quot;yes&quot;,&quot;effect&quot;:&quot;slide&quot;,&quot;speed&quot;:500}\" data-widget_type=\"image-carousel.default\">\n\t\t\t\t<div class=\"elementor-widget-container\">\n\t\t\t\t\t\t\t<div class=\"elementor-image-carousel-wrapper swiper\" role=\"region\" aria-roledescription=\"carousel\" aria-label=\"Carusel de imagini\" dir=\"ltr\">\n\t\t\t<div class=\"elementor-image-carousel swiper-wrapper\" aria-live=\"off\">\n\t\t\t\t\t\t\t\t<div class=\"swiper-slide\" role=\"group\" aria-roledescription=\"slide\" aria-label=\"1 din 9\"><figure class=\"swiper-slide-inner\"><img decoding=\"async\" class=\"swiper-slide-image\" src=\"https:\/\/www.turismalternativ.ro\/wp-content\/uploads\/WhatsApp-Image-2024-03-26-at-18.29.23-4.jpeg\" alt=\"WhatsApp Image 2024-03-26 at 18.29.23 (4)\" \/><\/figure><\/div><div class=\"swiper-slide\" role=\"group\" aria-roledescription=\"slide\" aria-label=\"2 din 9\"><figure class=\"swiper-slide-inner\"><img decoding=\"async\" class=\"swiper-slide-image\" src=\"https:\/\/www.turismalternativ.ro\/wp-content\/uploads\/WhatsApp-Image-2024-03-26-at-18.29.23-3.jpeg\" alt=\"WhatsApp Image 2024-03-26 at 18.29.23 (3)\" \/><\/figure><\/div><div class=\"swiper-slide\" role=\"group\" aria-roledescription=\"slide\" aria-label=\"3 din 9\"><figure class=\"swiper-slide-inner\"><img decoding=\"async\" class=\"swiper-slide-image\" src=\"https:\/\/www.turismalternativ.ro\/wp-content\/uploads\/WhatsApp-Image-2024-03-26-at-18.29.23-5.jpeg\" alt=\"WhatsApp Image 2024-03-26 at 18.29.23 (5)\" \/><\/figure><\/div><div class=\"swiper-slide\" role=\"group\" aria-roledescription=\"slide\" aria-label=\"4 din 9\"><figure class=\"swiper-slide-inner\"><img decoding=\"async\" class=\"swiper-slide-image\" src=\"https:\/\/www.turismalternativ.ro\/wp-content\/uploads\/WhatsApp-Image-2024-03-26-at-18.29.23-2.jpeg\" alt=\"WhatsApp Image 2024-03-26 at 18.29.23 (2)\" \/><\/figure><\/div><div class=\"swiper-slide\" role=\"group\" aria-roledescription=\"slide\" aria-label=\"5 din 9\"><figure class=\"swiper-slide-inner\"><img decoding=\"async\" class=\"swiper-slide-image\" src=\"https:\/\/www.turismalternativ.ro\/wp-content\/uploads\/WhatsApp-Image-2024-03-26-at-18.29.23.jpeg\" alt=\"WhatsApp Image 2024-03-26 at 18.29.23\" \/><\/figure><\/div><div class=\"swiper-slide\" role=\"group\" aria-roledescription=\"slide\" aria-label=\"6 din 9\"><figure class=\"swiper-slide-inner\"><img decoding=\"async\" class=\"swiper-slide-image\" src=\"https:\/\/www.turismalternativ.ro\/wp-content\/uploads\/WhatsApp-Image-2024-03-26-at-18.29.23-1.jpeg\" alt=\"WhatsApp Image 2024-03-26 at 18.29.23 (1)\" \/><\/figure><\/div><div class=\"swiper-slide\" role=\"group\" aria-roledescription=\"slide\" aria-label=\"7 din 9\"><figure class=\"swiper-slide-inner\"><img decoding=\"async\" class=\"swiper-slide-image\" src=\"https:\/\/www.turismalternativ.ro\/wp-content\/uploads\/WhatsApp-Image-2024-03-26-at-18.30.50.jpeg\" alt=\"WhatsApp Image 2024-03-26 at 18.30.50\" \/><\/figure><\/div><div class=\"swiper-slide\" role=\"group\" aria-roledescription=\"slide\" aria-label=\"8 din 9\"><figure class=\"swiper-slide-inner\"><img decoding=\"async\" class=\"swiper-slide-image\" src=\"https:\/\/www.turismalternativ.ro\/wp-content\/uploads\/WhatsApp-Image-2024-03-26-at-18.30.50-1.jpeg\" alt=\"WhatsApp Image 2024-03-26 at 18.30.50 (1)\" \/><\/figure><\/div><div class=\"swiper-slide\" role=\"group\" aria-roledescription=\"slide\" aria-label=\"9 din 9\"><figure class=\"swiper-slide-inner\"><img decoding=\"async\" class=\"swiper-slide-image\" src=\"https:\/\/www.turismalternativ.ro\/wp-content\/uploads\/WhatsApp-Image-2024-03-26-at-18.30.55.jpeg\" alt=\"WhatsApp Image 2024-03-26 at 18.30.55\" \/><\/figure><\/div>\t\t\t<\/div>\n\t\t\t\t\t\t\t\n\t\t\t\t\t\t\t\t\t<\/div>\n\t\t\t\t\t\t<\/div>\n\t\t\t\t<\/div>\n\t\t\t\t\t<\/div>\n\t\t<\/div>\n\t\t\t\t\t<\/div>\n\t\t<\/section>\n\t\t\t\t<\/div>","protected":false},"excerpt":{"rendered":"<p>Tururile gratuite reprezint\u0103 unul dintre cele mai faine moduri de a afla pove\u0219tile ora\u0219elor pe care le vizit\u0103m. Ghizii sunt localnici (sau oameni \u201eadopta\u021bi\u201d de ora\u0219ele \u00een care ghideaz\u0103) \u00eendr\u0103gosti\u021bi de istoria \u0219i pove\u0219tile ora\u0219elor, ceea ce face ca tururile de tip Free Tour s\u0103 fie o experien\u021b\u0103 aparte, complet diferit\u0103 de tururile ghidate clasice, [&hellip;]<\/p>\n","protected":false},"author":1,"featured_media":0,"parent":0,"menu_order":0,"comment_status":"closed","ping_status":"closed","template":"elementor_header_footer","meta":{"_monsterinsights_skip_tracking":false,"_monsterinsights_sitenote_active":false,"_monsterinsights_sitenote_note":"","_monsterinsights_sitenote_category":0,"jetpack_post_was_ever_published":false,"footnotes":""},"class_list":["post-2349","page","type-page","status-publish","hentry"],"aioseo_notices":[],"jetpack_sharing_enabled":true,"jetpack_shortlink":"https:\/\/wp.me\/P7lhyw-BT","_links":{"self":[{"href":"https:\/\/www.turismalternativ.ro\/en\/wp-json\/wp\/v2\/pages\/2349","targetHints":{"allow":["GET"]}}],"collection":[{"href":"https:\/\/www.turismalternativ.ro\/en\/wp-json\/wp\/v2\/pages"}],"about":[{"href":"https:\/\/www.turismalternativ.ro\/en\/wp-json\/wp\/v2\/types\/page"}],"author":[{"embeddable":true,"href":"https:\/\/www.turismalternativ.ro\/en\/wp-json\/wp\/v2\/users\/1"}],"replies":[{"embeddable":true,"href":"https:\/\/www.turismalternativ.ro\/en\/wp-json\/wp\/v2\/comments?post=2349"}],"version-history":[{"count":10,"href":"https:\/\/www.turismalternativ.ro\/en\/wp-json\/wp\/v2\/pages\/2349\/revisions"}],"predecessor-version":[{"id":2369,"href":"https:\/\/www.turismalternativ.ro\/en\/wp-json\/wp\/v2\/pages\/2349\/revisions\/2369"}],"wp:attachment":[{"href":"https:\/\/www.turismalternativ.ro\/en\/wp-json\/wp\/v2\/media?parent=2349"}],"curies":[{"name":"wp","href":"https:\/\/api.w.org\/{rel}","templated":true}]}}