{"id":2449,"date":"2024-04-15T21:15:35","date_gmt":"2024-04-15T19:15:35","guid":{"rendered":"https:\/\/www.turismalternativ.ro\/?page_id=2449"},"modified":"2024-04-20T10:28:19","modified_gmt":"2024-04-20T08:28:19","slug":"la-dunare","status":"publish","type":"page","link":"https:\/\/www.turismalternativ.ro\/en\/la-dunare\/","title":{"rendered":"ON THE DANUBE"},"content":{"rendered":"<div data-elementor-type=\"wp-page\" data-elementor-id=\"2449\" class=\"elementor elementor-2449\">\n\t\t\t\t\t\t<section class=\"elementor-section elementor-top-section elementor-element elementor-element-152ef5e elementor-section-boxed elementor-section-height-default elementor-section-height-default\" data-id=\"152ef5e\" data-element_type=\"section\" data-e-type=\"section\">\n\t\t\t\t\t\t<div class=\"elementor-container elementor-column-gap-default\">\n\t\t\t\t\t<div class=\"elementor-column elementor-col-50 elementor-top-column elementor-element elementor-element-0c458ba\" data-id=\"0c458ba\" data-element_type=\"column\" data-e-type=\"column\">\n\t\t\t<div class=\"elementor-widget-wrap elementor-element-populated\">\n\t\t\t\t\t\t<div class=\"elementor-element elementor-element-5e5d191 elementor-widget elementor-widget-image\" data-id=\"5e5d191\" data-element_type=\"widget\" data-e-type=\"widget\" data-widget_type=\"image.default\">\n\t\t\t\t<div class=\"elementor-widget-container\">\n\t\t\t\t\t\t\t\t\t\t\t\t\t\t\t<img fetchpriority=\"high\" decoding=\"async\" width=\"900\" height=\"900\" src=\"https:\/\/www.turismalternativ.ro\/wp-content\/uploads\/Danube-1.jpg\" class=\"attachment-large size-large wp-image-2634\" alt=\"\" srcset=\"https:\/\/www.turismalternativ.ro\/wp-content\/uploads\/Danube-1.jpg 1000w, https:\/\/www.turismalternativ.ro\/wp-content\/uploads\/Danube-1-300x300.jpg 300w, https:\/\/www.turismalternativ.ro\/wp-content\/uploads\/Danube-1-150x150.jpg 150w, https:\/\/www.turismalternativ.ro\/wp-content\/uploads\/Danube-1-16x16.jpg 16w, https:\/\/www.turismalternativ.ro\/wp-content\/uploads\/Danube-1-32x32.jpg 32w, https:\/\/www.turismalternativ.ro\/wp-content\/uploads\/Danube-1-48x48.jpg 48w, https:\/\/www.turismalternativ.ro\/wp-content\/uploads\/Danube-1-12x12.jpg 12w\" sizes=\"(max-width: 900px) 100vw, 900px\" \/>\t\t\t\t\t\t\t\t\t\t\t\t\t\t\t<\/div>\n\t\t\t\t<\/div>\n\t\t\t\t<div class=\"elementor-element elementor-element-f83effb elementor-hidden-tablet elementor-hidden-mobile elementor-widget elementor-widget-image\" data-id=\"f83effb\" data-element_type=\"widget\" data-e-type=\"widget\" data-widget_type=\"image.default\">\n\t\t\t\t<div class=\"elementor-widget-container\">\n\t\t\t\t\t\t\t\t\t\t\t\t\t\t\t<img decoding=\"async\" width=\"900\" height=\"900\" src=\"https:\/\/www.turismalternativ.ro\/wp-content\/uploads\/cazane.jpg\" class=\"attachment-large size-large wp-image-2454\" alt=\"\" srcset=\"https:\/\/www.turismalternativ.ro\/wp-content\/uploads\/cazane.jpg 1000w, https:\/\/www.turismalternativ.ro\/wp-content\/uploads\/cazane-300x300.jpg 300w, https:\/\/www.turismalternativ.ro\/wp-content\/uploads\/cazane-150x150.jpg 150w, https:\/\/www.turismalternativ.ro\/wp-content\/uploads\/cazane-16x16.jpg 16w, https:\/\/www.turismalternativ.ro\/wp-content\/uploads\/cazane-32x32.jpg 32w, https:\/\/www.turismalternativ.ro\/wp-content\/uploads\/cazane-48x48.jpg 48w, https:\/\/www.turismalternativ.ro\/wp-content\/uploads\/cazane-12x12.jpg 12w\" sizes=\"(max-width: 900px) 100vw, 900px\" \/>\t\t\t\t\t\t\t\t\t\t\t\t\t\t\t<\/div>\n\t\t\t\t<\/div>\n\t\t\t\t<div class=\"elementor-element elementor-element-d09a157 elementor-hidden-tablet elementor-hidden-mobile elementor-widget elementor-widget-image\" data-id=\"d09a157\" data-element_type=\"widget\" data-e-type=\"widget\" data-widget_type=\"image.default\">\n\t\t\t\t<div class=\"elementor-widget-container\">\n\t\t\t\t\t\t\t\t\t\t\t\t\t\t\t<img decoding=\"async\" width=\"900\" height=\"900\" src=\"https:\/\/www.turismalternativ.ro\/wp-content\/uploads\/pestera.jpg\" class=\"attachment-large size-large wp-image-2455\" alt=\"\" srcset=\"https:\/\/www.turismalternativ.ro\/wp-content\/uploads\/pestera.jpg 1000w, https:\/\/www.turismalternativ.ro\/wp-content\/uploads\/pestera-300x300.jpg 300w, https:\/\/www.turismalternativ.ro\/wp-content\/uploads\/pestera-150x150.jpg 150w, https:\/\/www.turismalternativ.ro\/wp-content\/uploads\/pestera-16x16.jpg 16w, https:\/\/www.turismalternativ.ro\/wp-content\/uploads\/pestera-32x32.jpg 32w, https:\/\/www.turismalternativ.ro\/wp-content\/uploads\/pestera-48x48.jpg 48w, https:\/\/www.turismalternativ.ro\/wp-content\/uploads\/pestera-12x12.jpg 12w\" sizes=\"(max-width: 900px) 100vw, 900px\" \/>\t\t\t\t\t\t\t\t\t\t\t\t\t\t\t<\/div>\n\t\t\t\t<\/div>\n\t\t\t\t<div class=\"elementor-element elementor-element-5c3598a elementor-hidden-tablet elementor-hidden-mobile elementor-widget elementor-widget-image\" data-id=\"5c3598a\" data-element_type=\"widget\" data-e-type=\"widget\" data-widget_type=\"image.default\">\n\t\t\t\t<div class=\"elementor-widget-container\">\n\t\t\t\t\t\t\t\t\t\t\t\t\t\t\t<img loading=\"lazy\" decoding=\"async\" width=\"900\" height=\"900\" src=\"https:\/\/www.turismalternativ.ro\/wp-content\/uploads\/decebal.jpg\" class=\"attachment-large size-large wp-image-2453\" alt=\"\" srcset=\"https:\/\/www.turismalternativ.ro\/wp-content\/uploads\/decebal.jpg 1000w, https:\/\/www.turismalternativ.ro\/wp-content\/uploads\/decebal-300x300.jpg 300w, https:\/\/www.turismalternativ.ro\/wp-content\/uploads\/decebal-150x150.jpg 150w, https:\/\/www.turismalternativ.ro\/wp-content\/uploads\/decebal-16x16.jpg 16w, https:\/\/www.turismalternativ.ro\/wp-content\/uploads\/decebal-32x32.jpg 32w, https:\/\/www.turismalternativ.ro\/wp-content\/uploads\/decebal-48x48.jpg 48w, https:\/\/www.turismalternativ.ro\/wp-content\/uploads\/decebal-12x12.jpg 12w\" sizes=\"(max-width: 900px) 100vw, 900px\" \/>\t\t\t\t\t\t\t\t\t\t\t\t\t\t\t<\/div>\n\t\t\t\t<\/div>\n\t\t\t\t\t<\/div>\n\t\t<\/div>\n\t\t\t\t<div class=\"elementor-column elementor-col-50 elementor-top-column elementor-element elementor-element-343f345\" data-id=\"343f345\" data-element_type=\"column\" data-e-type=\"column\">\n\t\t\t<div class=\"elementor-widget-wrap elementor-element-populated\">\n\t\t\t\t\t\t<div class=\"elementor-element elementor-element-2e8d073 elementor-widget elementor-widget-heading\" data-id=\"2e8d073\" data-element_type=\"widget\" data-e-type=\"widget\" data-widget_type=\"heading.default\">\n\t\t\t\t<div class=\"elementor-widget-container\">\n\t\t\t\t\t<h2 class=\"elementor-heading-title elementor-size-default\">ON THE DANUBE | One-day trip<\/h2>\t\t\t\t<\/div>\n\t\t\t\t<\/div>\n\t\t\t\t<div class=\"elementor-element elementor-element-d858bdd elementor-widget-divider--view-line elementor-widget elementor-widget-divider\" data-id=\"d858bdd\" data-element_type=\"widget\" data-e-type=\"widget\" data-widget_type=\"divider.default\">\n\t\t\t\t<div class=\"elementor-widget-container\">\n\t\t\t\t\t\t\t<div class=\"elementor-divider\">\n\t\t\t<span class=\"elementor-divider-separator\">\n\t\t\t\t\t\t<\/span>\n\t\t<\/div>\n\t\t\t\t\t\t<\/div>\n\t\t\t\t<\/div>\n\t\t\t\t<div class=\"elementor-element elementor-element-86735d9 elementor-widget elementor-widget-text-editor\" data-id=\"86735d9\" data-element_type=\"widget\" data-e-type=\"widget\" data-widget_type=\"text-editor.default\">\n\t\t\t\t<div class=\"elementor-widget-container\">\n\t\t\t\t\t\t\t\t\t<p><strong>Surely you have heard of the Danube Boilers or the sculpture of Decebalus - the famous rock sculpture. These are just two of the attractions we will visit during the one-day trip to the Danube!<\/strong><\/p>\t\t\t\t\t\t\t\t<\/div>\n\t\t\t\t<\/div>\n\t\t\t\t<div class=\"elementor-element elementor-element-4e1ce0e elementor-widget elementor-widget-text-editor\" data-id=\"4e1ce0e\" data-element_type=\"widget\" data-e-type=\"widget\" data-widget_type=\"text-editor.default\">\n\t\t\t\t<div class=\"elementor-widget-container\">\n\t\t\t\t\t\t\t\t\t<p>We'll step into the <span style=\"color: #263c6b;\"><strong>Ponicova cave<\/strong><\/span>, cea mai mare din Defileul Dun\u0103rii, o pe\u0219ter\u0103 cu galerii bogate, de o s\u0103lb\u0103ticie impresionant\u0103. O pe\u0219ter\u0103 spectaculoas\u0103, cu dou\u0103 intr\u0103ri \u2013 una pe ap\u0103 \u0219i cealalt\u0103 pe uscat \u2013 prin care ne va purta un ghid local care ne va ar\u0103ta \u0219i ne va povesti despre forma\u021biuni interesante pe l\u00e2ng\u0103 care, f\u0103r\u0103 acesta, am trece f\u0103r\u0103 s\u0103 le \u0219tim povestea.<\/p><p><span style=\"color: #263c6b;\"><strong>Ciucarul Mare peak<\/strong><\/span> will also be on the list of places we'll visit. An easy hike to the peak will take us to a place from where we will have the opportunity to enjoy some superb viewpoints, right above the Danube Boilers. Of course, the stories about the old river, the eternal border of Romania, will be part of the hike!<\/p><p>And to make the whole story complete, being on the Danube - a boat ride is a \"must do\". We'll ride through the boilers, we will float towards <span style=\"color: #263c6b;\"><strong>the Rock sculpture of Decebalus<\/strong><\/span>, the impressionant 55 m. high sculpture, and we'll visit <span style=\"color: #263c6b;\"><strong>the Veterans Grotto<\/strong><\/span>, to which access is made only by water.<\/p>\t\t\t\t\t\t\t\t<\/div>\n\t\t\t\t<\/div>\n\t\t\t\t<div class=\"elementor-element elementor-element-ff2328f elementor-widget elementor-widget-text-editor\" data-id=\"ff2328f\" data-element_type=\"widget\" data-e-type=\"widget\" data-widget_type=\"text-editor.default\">\n\t\t\t\t<div class=\"elementor-widget-container\">\n\t\t\t\t\t\t\t\t\t<p><strong><span style=\"color: #253c6b;\">If you choose the day trip to the Danube, don't make other plans for that day, because we will fill it with unforgettable experiences and memories!<\/span><\/strong><\/p>\t\t\t\t\t\t\t\t<\/div>\n\t\t\t\t<\/div>\n\t\t\t\t<div class=\"elementor-element elementor-element-2fab781 elementor-widget elementor-widget-text-editor\" data-id=\"2fab781\" data-element_type=\"widget\" data-e-type=\"widget\" data-widget_type=\"text-editor.default\">\n\t\t\t\t<div class=\"elementor-widget-container\">\n\t\t\t\t\t\t\t\t\t<p class=\"translation-block\">Departure on the day-trip is made either from Arad or from Timi\u0219oara, depending on the option you choose. Because we support alternative, quality tourism that emphasizes the experience of each individual tourist and leaves as small a footprint as possible on the places they walk through, places are limited. Our trips are done in small groups, traveling by \"small car\". Therefore, the maximum number of people is 3. The rates differ depending on how many people take part in the trip.<\/p>\t\t\t\t\t\t\t\t<\/div>\n\t\t\t\t<\/div>\n\t\t\t\t<section class=\"elementor-section elementor-inner-section elementor-element elementor-element-d15f6aa elementor-section-boxed elementor-section-height-default elementor-section-height-default\" data-id=\"d15f6aa\" data-element_type=\"section\" data-e-type=\"section\">\n\t\t\t\t\t\t<div class=\"elementor-container elementor-column-gap-default\">\n\t\t\t\t\t<div class=\"elementor-column elementor-col-50 elementor-inner-column elementor-element elementor-element-0e213b7\" data-id=\"0e213b7\" data-element_type=\"column\" data-e-type=\"column\">\n\t\t\t<div class=\"elementor-widget-wrap elementor-element-populated\">\n\t\t\t\t\t\t<div class=\"elementor-element elementor-element-940ac4a elementor-widget__width-initial elementor-widget elementor-widget-text-editor\" data-id=\"940ac4a\" data-element_type=\"widget\" data-e-type=\"widget\" data-widget_type=\"text-editor.default\">\n\t\t\t\t<div class=\"elementor-widget-container\">\n\t\t\t\t\t\t\t\t\t<p><strong>The rates are as follows:<\/strong><\/p><p><strong>&#8211; <\/strong>one person trip<span style=\"color: #263c6b;\"><strong> 180 EUR<\/strong><\/span><\/p><p><strong>&#8211;<\/strong> two persons trip<strong><span style=\"color: #263c6b;\"> 120 EUR\/pers<\/span>.<\/strong><\/p><p><strong>&#8211; <\/strong>three persons trip<strong><span style=\"color: #263c6b;\"> 100 EUR\/pers<\/span>.<\/strong><\/p>\t\t\t\t\t\t\t\t<\/div>\n\t\t\t\t<\/div>\n\t\t\t\t\t<\/div>\n\t\t<\/div>\n\t\t\t\t<div class=\"elementor-column elementor-col-50 elementor-inner-column elementor-element elementor-element-17a12ef\" data-id=\"17a12ef\" data-element_type=\"column\" data-e-type=\"column\">\n\t\t\t<div class=\"elementor-widget-wrap elementor-element-populated\">\n\t\t\t\t\t\t<div class=\"elementor-element elementor-element-ccd942a elementor-widget__width-initial elementor-widget elementor-widget-text-editor\" data-id=\"ccd942a\" data-element_type=\"widget\" data-e-type=\"widget\" data-widget_type=\"text-editor.default\">\n\t\t\t\t<div class=\"elementor-widget-container\">\n\t\t\t\t\t\t\t\t\t<p class=\"MsoNormal\"><span style=\"color: #263c6b;\"><strong>The rates<\/strong> <strong>include<\/strong><\/span> <br \/>- accompanying tour guide;<br \/>- local guide at the Ponicova cave;<br \/>- entrance fee to the Veterani Grotto;<br \/>- boat ride;<br \/>- transportation.<\/p><p class=\"MsoNormal\"><span style=\"color: #263c6b;\"><strong>The rate, however, does not include meals<\/strong><\/span><\/p>\t\t\t\t\t\t\t\t<\/div>\n\t\t\t\t<\/div>\n\t\t\t\t\t<\/div>\n\t\t<\/div>\n\t\t\t\t\t<\/div>\n\t\t<\/section>\n\t\t\t\t<div class=\"elementor-element elementor-element-d9a7432 elementor-widget elementor-widget-text-editor\" data-id=\"d9a7432\" data-element_type=\"widget\" data-e-type=\"widget\" data-widget_type=\"text-editor.default\">\n\t\t\t\t<div class=\"elementor-widget-container\">\n\t\t\t\t\t\t\t\t\t<p><span style=\"color: #ffffff;\"><b>We can organize trips for larger groups as well, which will make the fare per person lower.<\/b><\/span><\/p>\t\t\t\t\t\t\t\t<\/div>\n\t\t\t\t<\/div>\n\t\t\t\t<div class=\"elementor-element elementor-element-83fcac6 elementor-widget elementor-widget-heading\" data-id=\"83fcac6\" data-element_type=\"widget\" data-e-type=\"widget\" data-widget_type=\"heading.default\">\n\t\t\t\t<div class=\"elementor-widget-container\">\n\t\t\t\t\t<h2 class=\"elementor-heading-title elementor-size-default\">For reservations, you can use the form below, or the phone numbers +40 724 362 434 and +40 731 050 384.<\/h2>\t\t\t\t<\/div>\n\t\t\t\t<\/div>\n\t\t\t\t<div class=\"elementor-element elementor-element-ba41cfa elementor-widget elementor-widget-html\" data-id=\"ba41cfa\" data-element_type=\"widget\" data-e-type=\"widget\" data-widget_type=\"html.default\">\n\t\t\t\t<div class=\"elementor-widget-container\">\n\t\t\t\t\t<iframe src=\"https:\/\/docs.google.com\/forms\/d\/e\/1FAIpQLSfE0dGuRyI9jder2Z9Etldwe3CecixwtgCxa0dz1TpSf1RX_w\/viewform?embedded=true\" width=\"640\" height=\"1757\" frameborder=\"0\" marginheight=\"0\" marginwidth=\"0\">Loading\u2026<\/iframe>\t\t\t\t<\/div>\n\t\t\t\t<\/div>\n\t\t\t\t<div class=\"elementor-element elementor-element-71f0d3c elementor-hidden-desktop elementor-widget elementor-widget-image-gallery\" data-id=\"71f0d3c\" data-element_type=\"widget\" data-e-type=\"widget\" data-widget_type=\"image-gallery.default\">\n\t\t\t\t<div class=\"elementor-widget-container\">\n\t\t\t\t\t\t\t<div class=\"elementor-image-gallery\">\n\t\t\t\n\t\t<style type=\"text\/css\">\n\t\t\t#gallery-1 {\n\t\t\t\tmargin: auto;\n\t\t\t}\n\t\t\t#gallery-1 .gallery-item {\n\t\t\t\tfloat: left;\n\t\t\t\tmargin-top: 10px;\n\t\t\t\ttext-align: center;\n\t\t\t\twidth: 33%;\n\t\t\t}\n\t\t\t#gallery-1 img {\n\t\t\t\tborder: 2px solid #cfcfcf;\n\t\t\t}\n\t\t\t#gallery-1 .gallery-caption {\n\t\t\t\tmargin-left: 0;\n\t\t\t}\n\t\t\t\/* see gallery_shortcode() in wp-includes\/media.php *\/\n\t\t<\/style>\n\t\t<div id='gallery-1' class='gallery galleryid-2449 gallery-columns-3 gallery-size-full'><dl class='gallery-item'>\n\t\t\t<dt class='gallery-icon landscape'>\n\t\t\t\t<img loading=\"lazy\" decoding=\"async\" width=\"1000\" height=\"1000\" src=\"https:\/\/www.turismalternativ.ro\/wp-content\/uploads\/cazane.jpg\" class=\"attachment-full size-full\" alt=\"\" srcset=\"https:\/\/www.turismalternativ.ro\/wp-content\/uploads\/cazane.jpg 1000w, https:\/\/www.turismalternativ.ro\/wp-content\/uploads\/cazane-300x300.jpg 300w, https:\/\/www.turismalternativ.ro\/wp-content\/uploads\/cazane-150x150.jpg 150w, https:\/\/www.turismalternativ.ro\/wp-content\/uploads\/cazane-16x16.jpg 16w, https:\/\/www.turismalternativ.ro\/wp-content\/uploads\/cazane-32x32.jpg 32w, https:\/\/www.turismalternativ.ro\/wp-content\/uploads\/cazane-48x48.jpg 48w, https:\/\/www.turismalternativ.ro\/wp-content\/uploads\/cazane-12x12.jpg 12w\" sizes=\"(max-width: 1000px) 100vw, 1000px\" \/>\n\t\t\t<\/dt><\/dl><dl class='gallery-item'>\n\t\t\t<dt class='gallery-icon landscape'>\n\t\t\t\t<img loading=\"lazy\" decoding=\"async\" width=\"1000\" height=\"1000\" src=\"https:\/\/www.turismalternativ.ro\/wp-content\/uploads\/pestera.jpg\" class=\"attachment-full size-full\" alt=\"\" srcset=\"https:\/\/www.turismalternativ.ro\/wp-content\/uploads\/pestera.jpg 1000w, https:\/\/www.turismalternativ.ro\/wp-content\/uploads\/pestera-300x300.jpg 300w, https:\/\/www.turismalternativ.ro\/wp-content\/uploads\/pestera-150x150.jpg 150w, https:\/\/www.turismalternativ.ro\/wp-content\/uploads\/pestera-16x16.jpg 16w, https:\/\/www.turismalternativ.ro\/wp-content\/uploads\/pestera-32x32.jpg 32w, https:\/\/www.turismalternativ.ro\/wp-content\/uploads\/pestera-48x48.jpg 48w, https:\/\/www.turismalternativ.ro\/wp-content\/uploads\/pestera-12x12.jpg 12w\" sizes=\"(max-width: 1000px) 100vw, 1000px\" \/>\n\t\t\t<\/dt><\/dl><dl class='gallery-item'>\n\t\t\t<dt class='gallery-icon landscape'>\n\t\t\t\t<img loading=\"lazy\" decoding=\"async\" width=\"1000\" height=\"1000\" src=\"https:\/\/www.turismalternativ.ro\/wp-content\/uploads\/decebal.jpg\" class=\"attachment-full size-full\" alt=\"\" srcset=\"https:\/\/www.turismalternativ.ro\/wp-content\/uploads\/decebal.jpg 1000w, https:\/\/www.turismalternativ.ro\/wp-content\/uploads\/decebal-300x300.jpg 300w, https:\/\/www.turismalternativ.ro\/wp-content\/uploads\/decebal-150x150.jpg 150w, https:\/\/www.turismalternativ.ro\/wp-content\/uploads\/decebal-16x16.jpg 16w, https:\/\/www.turismalternativ.ro\/wp-content\/uploads\/decebal-32x32.jpg 32w, https:\/\/www.turismalternativ.ro\/wp-content\/uploads\/decebal-48x48.jpg 48w, https:\/\/www.turismalternativ.ro\/wp-content\/uploads\/decebal-12x12.jpg 12w\" sizes=\"(max-width: 1000px) 100vw, 1000px\" \/>\n\t\t\t<\/dt><\/dl><br style=\"clear: both\" \/>\n\t\t<\/div>\n\t\t<\/div>\n\t\t\t\t\t\t<\/div>\n\t\t\t\t<\/div>\n\t\t\t\t\t<\/div>\n\t\t<\/div>\n\t\t\t\t\t<\/div>\n\t\t<\/section>\n\t\t\t\t<\/div>","protected":false},"excerpt":{"rendered":"<p>LA DUN\u0102RE | Excursie de o zi Cu siguran\u021b\u0103 ai auzit de Cazanele Dun\u0103rii sau Chipul lui Decebal \u2013 faimoasa sculptur\u0103 \u00een st\u00e2nc\u0103. Acestea sunt doar dou\u0103 dintre obiectivele pe care le vom vizita \u00een cadrul excursiei de o zi la Dun\u0103re! Vom trece \u201epragul\u201d pe\u0219terii Ponicova, cea mai mare din Defileul Dun\u0103rii, o pe\u0219ter\u0103 [&hellip;]<\/p>\n","protected":false},"author":1,"featured_media":2454,"parent":0,"menu_order":0,"comment_status":"closed","ping_status":"closed","template":"elementor_header_footer","meta":{"_monsterinsights_skip_tracking":false,"_monsterinsights_sitenote_active":false,"_monsterinsights_sitenote_note":"","_monsterinsights_sitenote_category":0,"jetpack_post_was_ever_published":false,"footnotes":""},"class_list":["post-2449","page","type-page","status-publish","has-post-thumbnail","hentry"],"aioseo_notices":[],"jetpack_sharing_enabled":true,"jetpack_shortlink":"https:\/\/wp.me\/P7lhyw-Dv","_links":{"self":[{"href":"https:\/\/www.turismalternativ.ro\/en\/wp-json\/wp\/v2\/pages\/2449","targetHints":{"allow":["GET"]}}],"collection":[{"href":"https:\/\/www.turismalternativ.ro\/en\/wp-json\/wp\/v2\/pages"}],"about":[{"href":"https:\/\/www.turismalternativ.ro\/en\/wp-json\/wp\/v2\/types\/page"}],"author":[{"embeddable":true,"href":"https:\/\/www.turismalternativ.ro\/en\/wp-json\/wp\/v2\/users\/1"}],"replies":[{"embeddable":true,"href":"https:\/\/www.turismalternativ.ro\/en\/wp-json\/wp\/v2\/comments?post=2449"}],"version-history":[{"count":37,"href":"https:\/\/www.turismalternativ.ro\/en\/wp-json\/wp\/v2\/pages\/2449\/revisions"}],"predecessor-version":[{"id":2637,"href":"https:\/\/www.turismalternativ.ro\/en\/wp-json\/wp\/v2\/pages\/2449\/revisions\/2637"}],"wp:featuredmedia":[{"embeddable":true,"href":"https:\/\/www.turismalternativ.ro\/en\/wp-json\/wp\/v2\/media\/2454"}],"wp:attachment":[{"href":"https:\/\/www.turismalternativ.ro\/en\/wp-json\/wp\/v2\/media?parent=2449"}],"curies":[{"name":"wp","href":"https:\/\/api.w.org\/{rel}","templated":true}]}}