{"id":2476,"date":"2024-04-16T20:09:15","date_gmt":"2024-04-16T18:09:15","guid":{"rendered":"https:\/\/www.turismalternativ.ro\/?page_id=2476"},"modified":"2024-04-19T09:38:55","modified_gmt":"2024-04-19T07:38:55","slug":"intre-capitalele-dacilor","status":"publish","type":"page","link":"https:\/\/www.turismalternativ.ro\/en\/intre-capitalele-dacilor\/","title":{"rendered":"BETWEEN THE CAPITALS OF THE DACIANS"},"content":{"rendered":"<div data-elementor-type=\"wp-page\" data-elementor-id=\"2476\" class=\"elementor elementor-2476\">\n\t\t\t\t\t\t<section class=\"elementor-section elementor-top-section elementor-element elementor-element-a75fd2c elementor-section-boxed elementor-section-height-default elementor-section-height-default\" data-id=\"a75fd2c\" data-element_type=\"section\" data-e-type=\"section\">\n\t\t\t\t\t\t<div class=\"elementor-container elementor-column-gap-default\">\n\t\t\t\t\t<div class=\"elementor-column elementor-col-50 elementor-top-column elementor-element elementor-element-ab1a5c9\" data-id=\"ab1a5c9\" data-element_type=\"column\" data-e-type=\"column\">\n\t\t\t<div class=\"elementor-widget-wrap elementor-element-populated\">\n\t\t\t\t\t\t<div class=\"elementor-element elementor-element-1c5afc2 elementor-widget elementor-widget-image\" data-id=\"1c5afc2\" data-element_type=\"widget\" data-e-type=\"widget\" data-widget_type=\"image.default\">\n\t\t\t\t<div class=\"elementor-widget-container\">\n\t\t\t\t\t\t\t\t\t\t\t\t\t\t\t<img fetchpriority=\"high\" decoding=\"async\" width=\"900\" height=\"900\" src=\"https:\/\/www.turismalternativ.ro\/wp-content\/uploads\/Dacians.jpg\" class=\"attachment-large size-large wp-image-2481\" alt=\"\" srcset=\"https:\/\/www.turismalternativ.ro\/wp-content\/uploads\/Dacians.jpg 1000w, https:\/\/www.turismalternativ.ro\/wp-content\/uploads\/Dacians-300x300.jpg 300w, https:\/\/www.turismalternativ.ro\/wp-content\/uploads\/Dacians-150x150.jpg 150w, https:\/\/www.turismalternativ.ro\/wp-content\/uploads\/Dacians-16x16.jpg 16w, https:\/\/www.turismalternativ.ro\/wp-content\/uploads\/Dacians-32x32.jpg 32w, https:\/\/www.turismalternativ.ro\/wp-content\/uploads\/Dacians-48x48.jpg 48w, https:\/\/www.turismalternativ.ro\/wp-content\/uploads\/Dacians-12x12.jpg 12w\" sizes=\"(max-width: 900px) 100vw, 900px\" \/>\t\t\t\t\t\t\t\t\t\t\t\t\t\t\t<\/div>\n\t\t\t\t<\/div>\n\t\t\t\t<div class=\"elementor-element elementor-element-de7c40d elementor-hidden-tablet elementor-hidden-mobile elementor-widget elementor-widget-image\" data-id=\"de7c40d\" data-element_type=\"widget\" data-e-type=\"widget\" data-widget_type=\"image.default\">\n\t\t\t\t<div class=\"elementor-widget-container\">\n\t\t\t\t\t\t\t\t\t\t\t\t\t\t\t<img decoding=\"async\" width=\"900\" height=\"900\" src=\"https:\/\/www.turismalternativ.ro\/wp-content\/uploads\/Daci1.jpg\" class=\"attachment-large size-large wp-image-2482\" alt=\"\" srcset=\"https:\/\/www.turismalternativ.ro\/wp-content\/uploads\/Daci1.jpg 1000w, https:\/\/www.turismalternativ.ro\/wp-content\/uploads\/Daci1-300x300.jpg 300w, https:\/\/www.turismalternativ.ro\/wp-content\/uploads\/Daci1-150x150.jpg 150w, https:\/\/www.turismalternativ.ro\/wp-content\/uploads\/Daci1-16x16.jpg 16w, https:\/\/www.turismalternativ.ro\/wp-content\/uploads\/Daci1-32x32.jpg 32w, https:\/\/www.turismalternativ.ro\/wp-content\/uploads\/Daci1-48x48.jpg 48w, https:\/\/www.turismalternativ.ro\/wp-content\/uploads\/Daci1-12x12.jpg 12w\" sizes=\"(max-width: 900px) 100vw, 900px\" \/>\t\t\t\t\t\t\t\t\t\t\t\t\t\t\t<\/div>\n\t\t\t\t<\/div>\n\t\t\t\t<div class=\"elementor-element elementor-element-2e91afd elementor-hidden-tablet elementor-hidden-mobile elementor-widget elementor-widget-image\" data-id=\"2e91afd\" data-element_type=\"widget\" data-e-type=\"widget\" data-widget_type=\"image.default\">\n\t\t\t\t<div class=\"elementor-widget-container\">\n\t\t\t\t\t\t\t\t\t\t\t\t\t\t\t<img decoding=\"async\" width=\"900\" height=\"900\" src=\"https:\/\/www.turismalternativ.ro\/wp-content\/uploads\/Daci3.jpg\" class=\"attachment-large size-large wp-image-2483\" alt=\"\" srcset=\"https:\/\/www.turismalternativ.ro\/wp-content\/uploads\/Daci3.jpg 1000w, https:\/\/www.turismalternativ.ro\/wp-content\/uploads\/Daci3-300x300.jpg 300w, https:\/\/www.turismalternativ.ro\/wp-content\/uploads\/Daci3-150x150.jpg 150w, https:\/\/www.turismalternativ.ro\/wp-content\/uploads\/Daci3-16x16.jpg 16w, https:\/\/www.turismalternativ.ro\/wp-content\/uploads\/Daci3-32x32.jpg 32w, https:\/\/www.turismalternativ.ro\/wp-content\/uploads\/Daci3-48x48.jpg 48w, https:\/\/www.turismalternativ.ro\/wp-content\/uploads\/Daci3-12x12.jpg 12w\" sizes=\"(max-width: 900px) 100vw, 900px\" \/>\t\t\t\t\t\t\t\t\t\t\t\t\t\t\t<\/div>\n\t\t\t\t<\/div>\n\t\t\t\t<div class=\"elementor-element elementor-element-99f936d elementor-hidden-tablet elementor-hidden-mobile elementor-widget elementor-widget-image\" data-id=\"99f936d\" data-element_type=\"widget\" data-e-type=\"widget\" data-widget_type=\"image.default\">\n\t\t\t\t<div class=\"elementor-widget-container\">\n\t\t\t\t\t\t\t\t\t\t\t\t\t\t\t<img loading=\"lazy\" decoding=\"async\" width=\"900\" height=\"900\" src=\"https:\/\/www.turismalternativ.ro\/wp-content\/uploads\/Daci2.jpg\" class=\"attachment-large size-large wp-image-2484\" alt=\"\" srcset=\"https:\/\/www.turismalternativ.ro\/wp-content\/uploads\/Daci2.jpg 1000w, https:\/\/www.turismalternativ.ro\/wp-content\/uploads\/Daci2-300x300.jpg 300w, https:\/\/www.turismalternativ.ro\/wp-content\/uploads\/Daci2-150x150.jpg 150w, https:\/\/www.turismalternativ.ro\/wp-content\/uploads\/Daci2-16x16.jpg 16w, https:\/\/www.turismalternativ.ro\/wp-content\/uploads\/Daci2-32x32.jpg 32w, https:\/\/www.turismalternativ.ro\/wp-content\/uploads\/Daci2-48x48.jpg 48w, https:\/\/www.turismalternativ.ro\/wp-content\/uploads\/Daci2-12x12.jpg 12w\" sizes=\"(max-width: 900px) 100vw, 900px\" \/>\t\t\t\t\t\t\t\t\t\t\t\t\t\t\t<\/div>\n\t\t\t\t<\/div>\n\t\t\t\t\t<\/div>\n\t\t<\/div>\n\t\t\t\t<div class=\"elementor-column elementor-col-50 elementor-top-column elementor-element elementor-element-683611b\" data-id=\"683611b\" data-element_type=\"column\" data-e-type=\"column\">\n\t\t\t<div class=\"elementor-widget-wrap elementor-element-populated\">\n\t\t\t\t\t\t<div class=\"elementor-element elementor-element-45b0cb6 elementor-widget elementor-widget-heading\" data-id=\"45b0cb6\" data-element_type=\"widget\" data-e-type=\"widget\" data-widget_type=\"heading.default\">\n\t\t\t\t<div class=\"elementor-widget-container\">\n\t\t\t\t\t<h2 class=\"elementor-heading-title elementor-size-default\">BETWEEN THE CAPITALS OF THE DACIANS | One-day trip<\/h2>\t\t\t\t<\/div>\n\t\t\t\t<\/div>\n\t\t\t\t<div class=\"elementor-element elementor-element-ff2cd3a elementor-widget-divider--view-line elementor-widget elementor-widget-divider\" data-id=\"ff2cd3a\" data-element_type=\"widget\" data-e-type=\"widget\" data-widget_type=\"divider.default\">\n\t\t\t\t<div class=\"elementor-widget-container\">\n\t\t\t\t\t\t\t<div class=\"elementor-divider\">\n\t\t\t<span class=\"elementor-divider-separator\">\n\t\t\t\t\t\t<\/span>\n\t\t<\/div>\n\t\t\t\t\t\t<\/div>\n\t\t\t\t<\/div>\n\t\t\t\t<div class=\"elementor-element elementor-element-7add7b8 elementor-widget elementor-widget-text-editor\" data-id=\"7add7b8\" data-element_type=\"widget\" data-e-type=\"widget\" data-widget_type=\"text-editor.default\">\n\t\t\t\t<div class=\"elementor-widget-container\">\n\t\t\t\t\t\t\t\t\t<p>Hunedoara County is one with an abundance of beautiful places, but it is underexplored from a tourist point of view. A day trip with us will help you discover a small part of the impressive stories that this area of the country has to tell!<\/p>\t\t\t\t\t\t\t\t<\/div>\n\t\t\t\t<\/div>\n\t\t\t\t<div class=\"elementor-element elementor-element-e05254c elementor-widget elementor-widget-text-editor\" data-id=\"e05254c\" data-element_type=\"widget\" data-e-type=\"widget\" data-widget_type=\"text-editor.default\">\n\t\t\t\t<div class=\"elementor-widget-container\">\n\t\t\t\t\t\t\t\t\t<p>One of the reasons why the county has such a rich history is that the two capitals of Dacia were located here.<\/p><p>We'll visit the capital<strong> <span style=\"color: #263c6b;\">Ulpia Traiana Sarmizegetusa<\/span><\/strong>, founded after the conquest of the Dacian kingdom by Emperor Trajan. We will discover there the stories of the city that stretched over an area of almost 30 thousand square meters.<\/p><p>From there we will depart to the city of Ha\u021beg, where we will be welcomed by the people from the <strong><span style=\"color: #263c6b;\">UNESCO International Geopark \"\u021aara Ha\u021begului\"<\/span><\/strong>\". The local guide will take us on a true \"journey through time\": we will learn stories about rocks that appeared 600 million years ago, about the Ha\u021beg Island, about the formation of the Retezat Mountains, but also about the important archaeological discoveries made in the Ha\u021beg Country. Of course, we will also get to know the Romanian dinosaur \"<span style=\"color: #263c6b;\"><strong>Balaur Bondoc<\/strong><\/span>\"!<\/p><p>The story will not end in Ha\u021beg, because after the dinosaurs we will return to the world of the Dacians. This time, through a visit to the royal residence of <span style=\"color: #263c6b;\"><strong>Sarmizegetusa Regia<\/strong><\/span>, the capital and most important military, religious, and political center of the Dacians before the wars with the Roman Empire. The fortress, which played an important role in Decebal's defensive system, is now part of the UNESCO World Cultural Heritage.<\/p>\t\t\t\t\t\t\t\t<\/div>\n\t\t\t\t<\/div>\n\t\t\t\t<div class=\"elementor-element elementor-element-5a13658 elementor-widget elementor-widget-text-editor\" data-id=\"5a13658\" data-element_type=\"widget\" data-e-type=\"widget\" data-widget_type=\"text-editor.default\">\n\t\t\t\t<div class=\"elementor-widget-container\">\n\t\t\t\t\t\t\t\t\t<p><strong><span style=\"color: #253c6b;\">If you choose the one-day trip among the capitals of the Dacians, don't make any other plans for that day, because we will fill it with unforgettable experiences and memories!<\/span><\/strong><\/p>\t\t\t\t\t\t\t\t<\/div>\n\t\t\t\t<\/div>\n\t\t\t\t<div class=\"elementor-element elementor-element-8b03666 elementor-widget elementor-widget-text-editor\" data-id=\"8b03666\" data-element_type=\"widget\" data-e-type=\"widget\" data-widget_type=\"text-editor.default\">\n\t\t\t\t<div class=\"elementor-widget-container\">\n\t\t\t\t\t\t\t\t\t<p class=\"translation-block\">Departure on the day-trip is made either from Arad or from Timi\u0219oara, depending on the option you choose. Because we support alternative, quality tourism that emphasizes the experience of each individual tourist and leaves as small a footprint as possible on the places they walk through, places are limited. Our trips are done in small groups, traveling by \"small car\". Therefore, the maximum number of people is 3. The rates differ depending on how many people take part in the trip.<\/p>\t\t\t\t\t\t\t\t<\/div>\n\t\t\t\t<\/div>\n\t\t\t\t<section class=\"elementor-section elementor-inner-section elementor-element elementor-element-ef78d87 elementor-section-boxed elementor-section-height-default elementor-section-height-default\" data-id=\"ef78d87\" data-element_type=\"section\" data-e-type=\"section\">\n\t\t\t\t\t\t<div class=\"elementor-container elementor-column-gap-default\">\n\t\t\t\t\t<div class=\"elementor-column elementor-col-50 elementor-inner-column elementor-element elementor-element-7391e82\" data-id=\"7391e82\" data-element_type=\"column\" data-e-type=\"column\">\n\t\t\t<div class=\"elementor-widget-wrap elementor-element-populated\">\n\t\t\t\t\t\t<div class=\"elementor-element elementor-element-e7ed88f elementor-widget__width-initial elementor-widget elementor-widget-text-editor\" data-id=\"e7ed88f\" data-element_type=\"widget\" data-e-type=\"widget\" data-widget_type=\"text-editor.default\">\n\t\t\t\t<div class=\"elementor-widget-container\">\n\t\t\t\t\t\t\t\t\t<p><strong>The rates are as follows:<\/strong><\/p><p><strong>&#8211; <\/strong>one person trip<span style=\"color: #263c6b;\"><strong> 190 EUR<\/strong><\/span><\/p><p><strong>&#8211;<\/strong> two persons trip<strong><span style=\"color: #263c6b;\"> 130 EUR\/pers<\/span>.<\/strong><\/p><p><strong>&#8211; <\/strong>three persons trip<strong><span style=\"color: #263c6b;\"> 110 EUR\/pers<\/span>.<\/strong><\/p>\t\t\t\t\t\t\t\t<\/div>\n\t\t\t\t<\/div>\n\t\t\t\t\t<\/div>\n\t\t<\/div>\n\t\t\t\t<div class=\"elementor-column elementor-col-50 elementor-inner-column elementor-element elementor-element-fc9a0a5\" data-id=\"fc9a0a5\" data-element_type=\"column\" data-e-type=\"column\">\n\t\t\t<div class=\"elementor-widget-wrap elementor-element-populated\">\n\t\t\t\t\t\t<div class=\"elementor-element elementor-element-634240f elementor-widget__width-initial elementor-widget elementor-widget-text-editor\" data-id=\"634240f\" data-element_type=\"widget\" data-e-type=\"widget\" data-widget_type=\"text-editor.default\">\n\t\t\t\t<div class=\"elementor-widget-container\">\n\t\t\t\t\t\t\t\t\t<p class=\"MsoNormal\"><span style=\"color: #263c6b;\"><strong>The rates<\/strong> <strong>include<\/strong><\/span> <br \/>- accompanying tour guide;<br \/>&#8211; ghid local la Geoparcul Ha\u021beg;<br \/>- entry fees at tourist attractions;<br \/>- transportation.<\/p><p class=\"MsoNormal\"><span style=\"color: #263c6b;\"><strong>The rate, however, does not include meals<\/strong><\/span><\/p>\t\t\t\t\t\t\t\t<\/div>\n\t\t\t\t<\/div>\n\t\t\t\t\t<\/div>\n\t\t<\/div>\n\t\t\t\t\t<\/div>\n\t\t<\/section>\n\t\t\t\t<div class=\"elementor-element elementor-element-cee0eca elementor-widget elementor-widget-text-editor\" data-id=\"cee0eca\" data-element_type=\"widget\" data-e-type=\"widget\" data-widget_type=\"text-editor.default\">\n\t\t\t\t<div class=\"elementor-widget-container\">\n\t\t\t\t\t\t\t\t\t<p><span style=\"color: #ffffff;\"><b>We can organize trips for larger groups as well, which will make the fare per person lower.<\/b><\/span><\/p>\t\t\t\t\t\t\t\t<\/div>\n\t\t\t\t<\/div>\n\t\t\t\t<div class=\"elementor-element elementor-element-a8230b5 elementor-widget elementor-widget-heading\" data-id=\"a8230b5\" data-element_type=\"widget\" data-e-type=\"widget\" data-widget_type=\"heading.default\">\n\t\t\t\t<div class=\"elementor-widget-container\">\n\t\t\t\t\t<h2 class=\"elementor-heading-title elementor-size-default\">For reservations, you can use the form below, or the phone numbers +40 724 362 434 and +40 731 050 384.<\/h2>\t\t\t\t<\/div>\n\t\t\t\t<\/div>\n\t\t\t\t<div class=\"elementor-element elementor-element-a30c1d4 elementor-widget elementor-widget-html\" data-id=\"a30c1d4\" data-element_type=\"widget\" data-e-type=\"widget\" data-widget_type=\"html.default\">\n\t\t\t\t<div class=\"elementor-widget-container\">\n\t\t\t\t\t<iframe src=\"https:\/\/docs.google.com\/forms\/d\/e\/1FAIpQLSfE0dGuRyI9jder2Z9Etldwe3CecixwtgCxa0dz1TpSf1RX_w\/viewform?embedded=true\" width=\"640\" height=\"1757\" frameborder=\"0\" marginheight=\"0\" marginwidth=\"0\">Loading\u2026<\/iframe>\t\t\t\t<\/div>\n\t\t\t\t<\/div>\n\t\t\t\t<div class=\"elementor-element elementor-element-35e0999 elementor-hidden-desktop elementor-widget elementor-widget-image-gallery\" data-id=\"35e0999\" data-element_type=\"widget\" data-e-type=\"widget\" data-widget_type=\"image-gallery.default\">\n\t\t\t\t<div class=\"elementor-widget-container\">\n\t\t\t\t\t\t\t<div class=\"elementor-image-gallery\">\n\t\t\t\n\t\t<style type=\"text\/css\">\n\t\t\t#gallery-1 {\n\t\t\t\tmargin: auto;\n\t\t\t}\n\t\t\t#gallery-1 .gallery-item {\n\t\t\t\tfloat: left;\n\t\t\t\tmargin-top: 10px;\n\t\t\t\ttext-align: center;\n\t\t\t\twidth: 33%;\n\t\t\t}\n\t\t\t#gallery-1 img {\n\t\t\t\tborder: 2px solid #cfcfcf;\n\t\t\t}\n\t\t\t#gallery-1 .gallery-caption {\n\t\t\t\tmargin-left: 0;\n\t\t\t}\n\t\t\t\/* see gallery_shortcode() in wp-includes\/media.php *\/\n\t\t<\/style>\n\t\t<div id='gallery-1' class='gallery galleryid-2476 gallery-columns-3 gallery-size-full'><dl class='gallery-item'>\n\t\t\t<dt class='gallery-icon landscape'>\n\t\t\t\t<img loading=\"lazy\" decoding=\"async\" width=\"1000\" height=\"1000\" src=\"https:\/\/www.turismalternativ.ro\/wp-content\/uploads\/Daci1.jpg\" class=\"attachment-full size-full\" alt=\"\" srcset=\"https:\/\/www.turismalternativ.ro\/wp-content\/uploads\/Daci1.jpg 1000w, https:\/\/www.turismalternativ.ro\/wp-content\/uploads\/Daci1-300x300.jpg 300w, https:\/\/www.turismalternativ.ro\/wp-content\/uploads\/Daci1-150x150.jpg 150w, https:\/\/www.turismalternativ.ro\/wp-content\/uploads\/Daci1-16x16.jpg 16w, https:\/\/www.turismalternativ.ro\/wp-content\/uploads\/Daci1-32x32.jpg 32w, https:\/\/www.turismalternativ.ro\/wp-content\/uploads\/Daci1-48x48.jpg 48w, https:\/\/www.turismalternativ.ro\/wp-content\/uploads\/Daci1-12x12.jpg 12w\" sizes=\"(max-width: 1000px) 100vw, 1000px\" \/>\n\t\t\t<\/dt><\/dl><dl class='gallery-item'>\n\t\t\t<dt class='gallery-icon landscape'>\n\t\t\t\t<img loading=\"lazy\" decoding=\"async\" width=\"1000\" height=\"1000\" src=\"https:\/\/www.turismalternativ.ro\/wp-content\/uploads\/Daci3.jpg\" class=\"attachment-full size-full\" alt=\"\" srcset=\"https:\/\/www.turismalternativ.ro\/wp-content\/uploads\/Daci3.jpg 1000w, https:\/\/www.turismalternativ.ro\/wp-content\/uploads\/Daci3-300x300.jpg 300w, https:\/\/www.turismalternativ.ro\/wp-content\/uploads\/Daci3-150x150.jpg 150w, https:\/\/www.turismalternativ.ro\/wp-content\/uploads\/Daci3-16x16.jpg 16w, https:\/\/www.turismalternativ.ro\/wp-content\/uploads\/Daci3-32x32.jpg 32w, https:\/\/www.turismalternativ.ro\/wp-content\/uploads\/Daci3-48x48.jpg 48w, https:\/\/www.turismalternativ.ro\/wp-content\/uploads\/Daci3-12x12.jpg 12w\" sizes=\"(max-width: 1000px) 100vw, 1000px\" \/>\n\t\t\t<\/dt><\/dl><dl class='gallery-item'>\n\t\t\t<dt class='gallery-icon landscape'>\n\t\t\t\t<img loading=\"lazy\" decoding=\"async\" width=\"1000\" height=\"1000\" src=\"https:\/\/www.turismalternativ.ro\/wp-content\/uploads\/Daci2.jpg\" class=\"attachment-full size-full\" alt=\"\" srcset=\"https:\/\/www.turismalternativ.ro\/wp-content\/uploads\/Daci2.jpg 1000w, https:\/\/www.turismalternativ.ro\/wp-content\/uploads\/Daci2-300x300.jpg 300w, https:\/\/www.turismalternativ.ro\/wp-content\/uploads\/Daci2-150x150.jpg 150w, https:\/\/www.turismalternativ.ro\/wp-content\/uploads\/Daci2-16x16.jpg 16w, https:\/\/www.turismalternativ.ro\/wp-content\/uploads\/Daci2-32x32.jpg 32w, https:\/\/www.turismalternativ.ro\/wp-content\/uploads\/Daci2-48x48.jpg 48w, https:\/\/www.turismalternativ.ro\/wp-content\/uploads\/Daci2-12x12.jpg 12w\" sizes=\"(max-width: 1000px) 100vw, 1000px\" \/>\n\t\t\t<\/dt><\/dl><br style=\"clear: both\" \/>\n\t\t<\/div>\n\t\t<\/div>\n\t\t\t\t\t\t<\/div>\n\t\t\t\t<\/div>\n\t\t\t\t\t<\/div>\n\t\t<\/div>\n\t\t\t\t\t<\/div>\n\t\t<\/section>\n\t\t\t\t<\/div>","protected":false},"excerpt":{"rendered":"<p>\u00ceNTRE CAPITALELE DACILOR | Excursie de o zi Jude\u021bul Hunedoara este unul cu o abunden\u021b\u0103 de locuri frumoase, \u00eens\u0103 prea pu\u021bin exploatat din punct de vedere turistic. O excursie de o zi al\u0103turi de noi te va ajuta s\u0103 descoperi o mic\u0103 parte a pove\u0219tilor impresionante pe care aceast\u0103 zon\u0103 a \u021b\u0103rii le are de [&hellip;]<\/p>\n","protected":false},"author":1,"featured_media":2484,"parent":0,"menu_order":0,"comment_status":"closed","ping_status":"closed","template":"elementor_header_footer","meta":{"_monsterinsights_skip_tracking":false,"_monsterinsights_sitenote_active":false,"_monsterinsights_sitenote_note":"","_monsterinsights_sitenote_category":0,"jetpack_post_was_ever_published":false,"footnotes":""},"class_list":["post-2476","page","type-page","status-publish","has-post-thumbnail","hentry"],"aioseo_notices":[],"jetpack_sharing_enabled":true,"jetpack_shortlink":"https:\/\/wp.me\/P7lhyw-DW","_links":{"self":[{"href":"https:\/\/www.turismalternativ.ro\/en\/wp-json\/wp\/v2\/pages\/2476","targetHints":{"allow":["GET"]}}],"collection":[{"href":"https:\/\/www.turismalternativ.ro\/en\/wp-json\/wp\/v2\/pages"}],"about":[{"href":"https:\/\/www.turismalternativ.ro\/en\/wp-json\/wp\/v2\/types\/page"}],"author":[{"embeddable":true,"href":"https:\/\/www.turismalternativ.ro\/en\/wp-json\/wp\/v2\/users\/1"}],"replies":[{"embeddable":true,"href":"https:\/\/www.turismalternativ.ro\/en\/wp-json\/wp\/v2\/comments?post=2476"}],"version-history":[{"count":20,"href":"https:\/\/www.turismalternativ.ro\/en\/wp-json\/wp\/v2\/pages\/2476\/revisions"}],"predecessor-version":[{"id":2579,"href":"https:\/\/www.turismalternativ.ro\/en\/wp-json\/wp\/v2\/pages\/2476\/revisions\/2579"}],"wp:featuredmedia":[{"embeddable":true,"href":"https:\/\/www.turismalternativ.ro\/en\/wp-json\/wp\/v2\/media\/2484"}],"wp:attachment":[{"href":"https:\/\/www.turismalternativ.ro\/en\/wp-json\/wp\/v2\/media?parent=2476"}],"curies":[{"name":"wp","href":"https:\/\/api.w.org\/{rel}","templated":true}]}}