{"id":2506,"date":"2024-04-18T19:38:13","date_gmt":"2024-04-18T17:38:13","guid":{"rendered":"https:\/\/www.turismalternativ.ro\/?page_id=2506"},"modified":"2024-04-19T09:38:18","modified_gmt":"2024-04-19T07:38:18","slug":"de-la-cetati-medievale-la-alba-carolina","status":"publish","type":"page","link":"https:\/\/www.turismalternativ.ro\/en\/de-la-cetati-medievale-la-alba-carolina\/","title":{"rendered":"FROM MEDIEVAL CITADELS TO ALBA CAROLINA"},"content":{"rendered":"<div data-elementor-type=\"wp-page\" data-elementor-id=\"2506\" class=\"elementor elementor-2506\">\n\t\t\t\t\t\t<section class=\"elementor-section elementor-top-section elementor-element elementor-element-3c17015 elementor-section-boxed elementor-section-height-default elementor-section-height-default\" data-id=\"3c17015\" data-element_type=\"section\" data-e-type=\"section\">\n\t\t\t\t\t\t<div class=\"elementor-container elementor-column-gap-default\">\n\t\t\t\t\t<div class=\"elementor-column elementor-col-50 elementor-top-column elementor-element elementor-element-ab22b00\" data-id=\"ab22b00\" data-element_type=\"column\" data-e-type=\"column\">\n\t\t\t<div class=\"elementor-widget-wrap elementor-element-populated\">\n\t\t\t\t\t\t<div class=\"elementor-element elementor-element-9085d40 elementor-widget elementor-widget-image\" data-id=\"9085d40\" data-element_type=\"widget\" data-e-type=\"widget\" data-widget_type=\"image.default\">\n\t\t\t\t<div class=\"elementor-widget-container\">\n\t\t\t\t\t\t\t\t\t\t\t\t\t\t\t<img fetchpriority=\"high\" decoding=\"async\" width=\"900\" height=\"900\" src=\"https:\/\/www.turismalternativ.ro\/wp-content\/uploads\/Citadels.jpg\" class=\"attachment-large size-large wp-image-2508\" alt=\"\" srcset=\"https:\/\/www.turismalternativ.ro\/wp-content\/uploads\/Citadels.jpg 1000w, https:\/\/www.turismalternativ.ro\/wp-content\/uploads\/Citadels-300x300.jpg 300w, https:\/\/www.turismalternativ.ro\/wp-content\/uploads\/Citadels-150x150.jpg 150w, https:\/\/www.turismalternativ.ro\/wp-content\/uploads\/Citadels-16x16.jpg 16w, https:\/\/www.turismalternativ.ro\/wp-content\/uploads\/Citadels-32x32.jpg 32w, https:\/\/www.turismalternativ.ro\/wp-content\/uploads\/Citadels-48x48.jpg 48w, https:\/\/www.turismalternativ.ro\/wp-content\/uploads\/Citadels-12x12.jpg 12w\" sizes=\"(max-width: 900px) 100vw, 900px\" \/>\t\t\t\t\t\t\t\t\t\t\t\t\t\t\t<\/div>\n\t\t\t\t<\/div>\n\t\t\t\t<div class=\"elementor-element elementor-element-671f82b elementor-hidden-tablet elementor-hidden-mobile elementor-widget elementor-widget-image\" data-id=\"671f82b\" data-element_type=\"widget\" data-e-type=\"widget\" data-widget_type=\"image.default\">\n\t\t\t\t<div class=\"elementor-widget-container\">\n\t\t\t\t\t\t\t\t\t\t\t\t\t\t\t<img decoding=\"async\" width=\"900\" height=\"900\" src=\"https:\/\/www.turismalternativ.ro\/wp-content\/uploads\/cetati1.jpg\" class=\"attachment-large size-large wp-image-2512\" alt=\"\" srcset=\"https:\/\/www.turismalternativ.ro\/wp-content\/uploads\/cetati1.jpg 1000w, https:\/\/www.turismalternativ.ro\/wp-content\/uploads\/cetati1-300x300.jpg 300w, https:\/\/www.turismalternativ.ro\/wp-content\/uploads\/cetati1-150x150.jpg 150w, https:\/\/www.turismalternativ.ro\/wp-content\/uploads\/cetati1-16x16.jpg 16w, https:\/\/www.turismalternativ.ro\/wp-content\/uploads\/cetati1-32x32.jpg 32w, https:\/\/www.turismalternativ.ro\/wp-content\/uploads\/cetati1-48x48.jpg 48w, https:\/\/www.turismalternativ.ro\/wp-content\/uploads\/cetati1-12x12.jpg 12w\" sizes=\"(max-width: 900px) 100vw, 900px\" \/>\t\t\t\t\t\t\t\t\t\t\t\t\t\t\t<\/div>\n\t\t\t\t<\/div>\n\t\t\t\t<div class=\"elementor-element elementor-element-e142502 elementor-hidden-tablet elementor-hidden-mobile elementor-widget elementor-widget-image\" data-id=\"e142502\" data-element_type=\"widget\" data-e-type=\"widget\" data-widget_type=\"image.default\">\n\t\t\t\t<div class=\"elementor-widget-container\">\n\t\t\t\t\t\t\t\t\t\t\t\t\t\t\t<img decoding=\"async\" width=\"900\" height=\"900\" src=\"https:\/\/www.turismalternativ.ro\/wp-content\/uploads\/cetati3.jpg\" class=\"attachment-large size-large wp-image-2511\" alt=\"\" srcset=\"https:\/\/www.turismalternativ.ro\/wp-content\/uploads\/cetati3.jpg 1000w, https:\/\/www.turismalternativ.ro\/wp-content\/uploads\/cetati3-300x300.jpg 300w, https:\/\/www.turismalternativ.ro\/wp-content\/uploads\/cetati3-150x150.jpg 150w, https:\/\/www.turismalternativ.ro\/wp-content\/uploads\/cetati3-16x16.jpg 16w, https:\/\/www.turismalternativ.ro\/wp-content\/uploads\/cetati3-32x32.jpg 32w, https:\/\/www.turismalternativ.ro\/wp-content\/uploads\/cetati3-48x48.jpg 48w, https:\/\/www.turismalternativ.ro\/wp-content\/uploads\/cetati3-12x12.jpg 12w\" sizes=\"(max-width: 900px) 100vw, 900px\" \/>\t\t\t\t\t\t\t\t\t\t\t\t\t\t\t<\/div>\n\t\t\t\t<\/div>\n\t\t\t\t<div class=\"elementor-element elementor-element-09eafd1 elementor-hidden-tablet elementor-hidden-mobile elementor-widget elementor-widget-image\" data-id=\"09eafd1\" data-element_type=\"widget\" data-e-type=\"widget\" data-widget_type=\"image.default\">\n\t\t\t\t<div class=\"elementor-widget-container\">\n\t\t\t\t\t\t\t\t\t\t\t\t\t\t\t<img loading=\"lazy\" decoding=\"async\" width=\"900\" height=\"900\" src=\"https:\/\/www.turismalternativ.ro\/wp-content\/uploads\/cetati2.jpg\" class=\"attachment-large size-large wp-image-2510\" alt=\"\" srcset=\"https:\/\/www.turismalternativ.ro\/wp-content\/uploads\/cetati2.jpg 1000w, https:\/\/www.turismalternativ.ro\/wp-content\/uploads\/cetati2-300x300.jpg 300w, https:\/\/www.turismalternativ.ro\/wp-content\/uploads\/cetati2-150x150.jpg 150w, https:\/\/www.turismalternativ.ro\/wp-content\/uploads\/cetati2-16x16.jpg 16w, https:\/\/www.turismalternativ.ro\/wp-content\/uploads\/cetati2-32x32.jpg 32w, https:\/\/www.turismalternativ.ro\/wp-content\/uploads\/cetati2-48x48.jpg 48w, https:\/\/www.turismalternativ.ro\/wp-content\/uploads\/cetati2-12x12.jpg 12w\" sizes=\"(max-width: 900px) 100vw, 900px\" \/>\t\t\t\t\t\t\t\t\t\t\t\t\t\t\t<\/div>\n\t\t\t\t<\/div>\n\t\t\t\t\t<\/div>\n\t\t<\/div>\n\t\t\t\t<div class=\"elementor-column elementor-col-50 elementor-top-column elementor-element elementor-element-fb1c0e2\" data-id=\"fb1c0e2\" data-element_type=\"column\" data-e-type=\"column\">\n\t\t\t<div class=\"elementor-widget-wrap elementor-element-populated\">\n\t\t\t\t\t\t<div class=\"elementor-element elementor-element-71a0ef0 elementor-widget elementor-widget-heading\" data-id=\"71a0ef0\" data-element_type=\"widget\" data-e-type=\"widget\" data-widget_type=\"heading.default\">\n\t\t\t\t<div class=\"elementor-widget-container\">\n\t\t\t\t\t<h2 class=\"elementor-heading-title elementor-size-default\">FROM MEDIEVAL FORTRESSES TO ALBA CAROLINA | One-day trip<\/h2>\t\t\t\t<\/div>\n\t\t\t\t<\/div>\n\t\t\t\t<div class=\"elementor-element elementor-element-2880134 elementor-widget-divider--view-line elementor-widget elementor-widget-divider\" data-id=\"2880134\" data-element_type=\"widget\" data-e-type=\"widget\" data-widget_type=\"divider.default\">\n\t\t\t\t<div class=\"elementor-widget-container\">\n\t\t\t\t\t\t\t<div class=\"elementor-divider\">\n\t\t\t<span class=\"elementor-divider-separator\">\n\t\t\t\t\t\t<\/span>\n\t\t<\/div>\n\t\t\t\t\t\t<\/div>\n\t\t\t\t<\/div>\n\t\t\t\t<div class=\"elementor-element elementor-element-3cc7f6c elementor-widget elementor-widget-text-editor\" data-id=\"3cc7f6c\" data-element_type=\"widget\" data-e-type=\"widget\" data-widget_type=\"text-editor.default\">\n\t\t\t\t<div class=\"elementor-widget-container\">\n\t\t\t\t\t\t\t\t\t<p>In chronological order, the excursion will take us through time, from a citadel built on a volcanic cone, to one of the most important Gothic monuments in Romania, and all the way to a fortress defending the Habsburg Empire.<\/p>\t\t\t\t\t\t\t\t<\/div>\n\t\t\t\t<\/div>\n\t\t\t\t<div class=\"elementor-element elementor-element-5d08a89 elementor-widget elementor-widget-text-editor\" data-id=\"5d08a89\" data-element_type=\"widget\" data-e-type=\"widget\" data-widget_type=\"text-editor.default\">\n\t\t\t\t<div class=\"elementor-widget-container\">\n\t\t\t\t\t\t\t\t\t<p>The first stop will take us back 760 years, to the moment when the <strong><span style=\"color: #253c6b;\">Citadel of Deva<\/span><\/strong> was built. We will climb the volcanic cone that shelters the citadel, from where we can enjoy an impressive panorama of the city of Deva, the gateway to Transylvania on the Mure\u0219 Valley.<\/p><p>A short 15-minute drive will then take us to one of the most important Gothic architectural monuments in Romania: the <span style=\"color: #253c6b;\"><strong>Corvin Castle<\/strong><\/span>. Built starting in 1440, the castle will immerse us in a fairy-tale world as well as one of the cruelties of the Middle Ages.<\/p><p>The last stop will be at <span style=\"color: #253c6b;\"><strong>Alba Carolina Citadel<\/strong><\/span>, in the city of Alba Iulia. Built starting in 1815, with the purpose of defending the border of the Habsburg Empire against the Ottoman Empire, the citadel will be presented to us in a unique way by a local guide \u2013 a Maltese knight who holds the most impressive stories of the citadel.<\/p>\t\t\t\t\t\t\t\t<\/div>\n\t\t\t\t<\/div>\n\t\t\t\t<div class=\"elementor-element elementor-element-19ddf0f elementor-widget elementor-widget-text-editor\" data-id=\"19ddf0f\" data-element_type=\"widget\" data-e-type=\"widget\" data-widget_type=\"text-editor.default\">\n\t\t\t\t<div class=\"elementor-widget-container\">\n\t\t\t\t\t\t\t\t\t<p><strong><span style=\"color: #253c6b;\">If you choose the day trip from the medieval citadels to Alba Carolina, don't make other plans for that day, because we will fill it with unforgettable experiences and memories!<\/span><\/strong><\/p>\t\t\t\t\t\t\t\t<\/div>\n\t\t\t\t<\/div>\n\t\t\t\t<div class=\"elementor-element elementor-element-36e15ee elementor-widget elementor-widget-text-editor\" data-id=\"36e15ee\" data-element_type=\"widget\" data-e-type=\"widget\" data-widget_type=\"text-editor.default\">\n\t\t\t\t<div class=\"elementor-widget-container\">\n\t\t\t\t\t\t\t\t\t<p class=\"translation-block\">Departure on the day-trip is made either from Arad or from Timi\u0219oara, depending on the option you choose. Because we support alternative, quality tourism that emphasizes the experience of each individual tourist and leaves as small a footprint as possible on the places they walk through, places are limited. Our trips are done in small groups, traveling by \"small car\". Therefore, the maximum number of people is 3. The rates differ depending on how many people take part in the trip.<\/p>\t\t\t\t\t\t\t\t<\/div>\n\t\t\t\t<\/div>\n\t\t\t\t<section class=\"elementor-section elementor-inner-section elementor-element elementor-element-ae5e490 elementor-section-boxed elementor-section-height-default elementor-section-height-default\" data-id=\"ae5e490\" data-element_type=\"section\" data-e-type=\"section\">\n\t\t\t\t\t\t<div class=\"elementor-container elementor-column-gap-default\">\n\t\t\t\t\t<div class=\"elementor-column elementor-col-50 elementor-inner-column elementor-element elementor-element-a49c627\" data-id=\"a49c627\" data-element_type=\"column\" data-e-type=\"column\">\n\t\t\t<div class=\"elementor-widget-wrap elementor-element-populated\">\n\t\t\t\t\t\t<div class=\"elementor-element elementor-element-d5b327b elementor-widget__width-initial elementor-widget elementor-widget-text-editor\" data-id=\"d5b327b\" data-element_type=\"widget\" data-e-type=\"widget\" data-widget_type=\"text-editor.default\">\n\t\t\t\t<div class=\"elementor-widget-container\">\n\t\t\t\t\t\t\t\t\t<p><strong>The rates are as follows:<\/strong><\/p><p><strong>&#8211; <\/strong>one person trip<span style=\"color: #263c6b;\"><strong> 190 EUR<\/strong><\/span><\/p><p><strong>&#8211;<\/strong> two persons trip<strong><span style=\"color: #263c6b;\"> 130 EUR\/pers<\/span>.<\/strong><\/p><p><strong>&#8211; <\/strong>three persons trip<strong><span style=\"color: #263c6b;\"> 110 EUR\/pers<\/span>.<\/strong><\/p>\t\t\t\t\t\t\t\t<\/div>\n\t\t\t\t<\/div>\n\t\t\t\t\t<\/div>\n\t\t<\/div>\n\t\t\t\t<div class=\"elementor-column elementor-col-50 elementor-inner-column elementor-element elementor-element-057930e\" data-id=\"057930e\" data-element_type=\"column\" data-e-type=\"column\">\n\t\t\t<div class=\"elementor-widget-wrap elementor-element-populated\">\n\t\t\t\t\t\t<div class=\"elementor-element elementor-element-c4e4f15 elementor-widget__width-initial elementor-widget elementor-widget-text-editor\" data-id=\"c4e4f15\" data-element_type=\"widget\" data-e-type=\"widget\" data-widget_type=\"text-editor.default\">\n\t\t\t\t<div class=\"elementor-widget-container\">\n\t\t\t\t\t\t\t\t\t<p class=\"MsoNormal\"><span style=\"color: #263c6b;\"><strong>The rates<\/strong> <strong>include<\/strong><\/span> <br \/>- accompanying tour guide;<br \/>&#8211; ghid local la Alba Carolina;<br \/>- entry fees at tourist attractions;<br \/>- transportation.<\/p><p class=\"MsoNormal\"><span style=\"color: #263c6b;\"><strong>The rate, however, does not include meals<\/strong><\/span><\/p>\t\t\t\t\t\t\t\t<\/div>\n\t\t\t\t<\/div>\n\t\t\t\t\t<\/div>\n\t\t<\/div>\n\t\t\t\t\t<\/div>\n\t\t<\/section>\n\t\t\t\t<div class=\"elementor-element elementor-element-3925a16 elementor-widget elementor-widget-text-editor\" data-id=\"3925a16\" data-element_type=\"widget\" data-e-type=\"widget\" data-widget_type=\"text-editor.default\">\n\t\t\t\t<div class=\"elementor-widget-container\">\n\t\t\t\t\t\t\t\t\t<p><span style=\"color: #ffffff;\"><b>We can organize trips for larger groups as well, which will make the fare per person lower.<\/b><\/span><\/p>\t\t\t\t\t\t\t\t<\/div>\n\t\t\t\t<\/div>\n\t\t\t\t<div class=\"elementor-element elementor-element-e0d7f6e elementor-widget elementor-widget-heading\" data-id=\"e0d7f6e\" data-element_type=\"widget\" data-e-type=\"widget\" data-widget_type=\"heading.default\">\n\t\t\t\t<div class=\"elementor-widget-container\">\n\t\t\t\t\t<h2 class=\"elementor-heading-title elementor-size-default\">For reservations, you can use the form below, or the phone numbers +40 724 362 434 and +40 731 050 384.<\/h2>\t\t\t\t<\/div>\n\t\t\t\t<\/div>\n\t\t\t\t<div class=\"elementor-element elementor-element-d3cbc83 elementor-widget elementor-widget-html\" data-id=\"d3cbc83\" data-element_type=\"widget\" data-e-type=\"widget\" data-widget_type=\"html.default\">\n\t\t\t\t<div class=\"elementor-widget-container\">\n\t\t\t\t\t<iframe src=\"https:\/\/docs.google.com\/forms\/d\/e\/1FAIpQLSfE0dGuRyI9jder2Z9Etldwe3CecixwtgCxa0dz1TpSf1RX_w\/viewform?embedded=true\" width=\"640\" height=\"1757\" frameborder=\"0\" marginheight=\"0\" marginwidth=\"0\">Loading\u2026<\/iframe>\t\t\t\t<\/div>\n\t\t\t\t<\/div>\n\t\t\t\t<div class=\"elementor-element elementor-element-8b57e27 elementor-hidden-desktop elementor-widget elementor-widget-image-gallery\" data-id=\"8b57e27\" data-element_type=\"widget\" data-e-type=\"widget\" data-widget_type=\"image-gallery.default\">\n\t\t\t\t<div class=\"elementor-widget-container\">\n\t\t\t\t\t\t\t<div class=\"elementor-image-gallery\">\n\t\t\t\n\t\t<style type=\"text\/css\">\n\t\t\t#gallery-1 {\n\t\t\t\tmargin: auto;\n\t\t\t}\n\t\t\t#gallery-1 .gallery-item {\n\t\t\t\tfloat: left;\n\t\t\t\tmargin-top: 10px;\n\t\t\t\ttext-align: center;\n\t\t\t\twidth: 33%;\n\t\t\t}\n\t\t\t#gallery-1 img {\n\t\t\t\tborder: 2px solid #cfcfcf;\n\t\t\t}\n\t\t\t#gallery-1 .gallery-caption {\n\t\t\t\tmargin-left: 0;\n\t\t\t}\n\t\t\t\/* see gallery_shortcode() in wp-includes\/media.php *\/\n\t\t<\/style>\n\t\t<div id='gallery-1' class='gallery galleryid-2506 gallery-columns-3 gallery-size-full'><dl class='gallery-item'>\n\t\t\t<dt class='gallery-icon landscape'>\n\t\t\t\t<img loading=\"lazy\" decoding=\"async\" width=\"1000\" height=\"1000\" src=\"https:\/\/www.turismalternativ.ro\/wp-content\/uploads\/cetati1.jpg\" class=\"attachment-full size-full\" alt=\"\" srcset=\"https:\/\/www.turismalternativ.ro\/wp-content\/uploads\/cetati1.jpg 1000w, https:\/\/www.turismalternativ.ro\/wp-content\/uploads\/cetati1-300x300.jpg 300w, https:\/\/www.turismalternativ.ro\/wp-content\/uploads\/cetati1-150x150.jpg 150w, https:\/\/www.turismalternativ.ro\/wp-content\/uploads\/cetati1-16x16.jpg 16w, https:\/\/www.turismalternativ.ro\/wp-content\/uploads\/cetati1-32x32.jpg 32w, https:\/\/www.turismalternativ.ro\/wp-content\/uploads\/cetati1-48x48.jpg 48w, https:\/\/www.turismalternativ.ro\/wp-content\/uploads\/cetati1-12x12.jpg 12w\" sizes=\"(max-width: 1000px) 100vw, 1000px\" \/>\n\t\t\t<\/dt><\/dl><dl class='gallery-item'>\n\t\t\t<dt class='gallery-icon landscape'>\n\t\t\t\t<img loading=\"lazy\" decoding=\"async\" width=\"1000\" height=\"1000\" src=\"https:\/\/www.turismalternativ.ro\/wp-content\/uploads\/cetati3.jpg\" class=\"attachment-full size-full\" alt=\"\" srcset=\"https:\/\/www.turismalternativ.ro\/wp-content\/uploads\/cetati3.jpg 1000w, https:\/\/www.turismalternativ.ro\/wp-content\/uploads\/cetati3-300x300.jpg 300w, https:\/\/www.turismalternativ.ro\/wp-content\/uploads\/cetati3-150x150.jpg 150w, https:\/\/www.turismalternativ.ro\/wp-content\/uploads\/cetati3-16x16.jpg 16w, https:\/\/www.turismalternativ.ro\/wp-content\/uploads\/cetati3-32x32.jpg 32w, https:\/\/www.turismalternativ.ro\/wp-content\/uploads\/cetati3-48x48.jpg 48w, https:\/\/www.turismalternativ.ro\/wp-content\/uploads\/cetati3-12x12.jpg 12w\" sizes=\"(max-width: 1000px) 100vw, 1000px\" \/>\n\t\t\t<\/dt><\/dl><dl class='gallery-item'>\n\t\t\t<dt class='gallery-icon landscape'>\n\t\t\t\t<img loading=\"lazy\" decoding=\"async\" width=\"1000\" height=\"1000\" src=\"https:\/\/www.turismalternativ.ro\/wp-content\/uploads\/cetati2.jpg\" class=\"attachment-full size-full\" alt=\"\" srcset=\"https:\/\/www.turismalternativ.ro\/wp-content\/uploads\/cetati2.jpg 1000w, https:\/\/www.turismalternativ.ro\/wp-content\/uploads\/cetati2-300x300.jpg 300w, https:\/\/www.turismalternativ.ro\/wp-content\/uploads\/cetati2-150x150.jpg 150w, https:\/\/www.turismalternativ.ro\/wp-content\/uploads\/cetati2-16x16.jpg 16w, https:\/\/www.turismalternativ.ro\/wp-content\/uploads\/cetati2-32x32.jpg 32w, https:\/\/www.turismalternativ.ro\/wp-content\/uploads\/cetati2-48x48.jpg 48w, https:\/\/www.turismalternativ.ro\/wp-content\/uploads\/cetati2-12x12.jpg 12w\" sizes=\"(max-width: 1000px) 100vw, 1000px\" \/>\n\t\t\t<\/dt><\/dl><br style=\"clear: both\" \/>\n\t\t<\/div>\n\t\t<\/div>\n\t\t\t\t\t\t<\/div>\n\t\t\t\t<\/div>\n\t\t\t\t\t<\/div>\n\t\t<\/div>\n\t\t\t\t\t<\/div>\n\t\t<\/section>\n\t\t\t\t<\/div>","protected":false},"excerpt":{"rendered":"<p>DE LA CET\u0102\u021aI MEDIEVALE LA ALBA CAROLINA | Excursie de o zi \u00cen ordine cronologic\u0103, excursia ne va purta prin timpuri, de la o cetate construit\u0103 \u00eentr-un con vulcanic, la unul dintre cele mai importante monumente gotice ale Rom\u00e2niei, \u0219i p\u00e2n\u0103 la o fort\u0103rea\u021b\u0103 de ap\u0103rare a Imperiului Habsburgic. Prima oprire ne va duce cu [&hellip;]<\/p>\n","protected":false},"author":1,"featured_media":2511,"parent":0,"menu_order":0,"comment_status":"closed","ping_status":"closed","template":"elementor_header_footer","meta":{"_monsterinsights_skip_tracking":false,"_monsterinsights_sitenote_active":false,"_monsterinsights_sitenote_note":"","_monsterinsights_sitenote_category":0,"jetpack_post_was_ever_published":false,"footnotes":""},"class_list":["post-2506","page","type-page","status-publish","has-post-thumbnail","hentry"],"aioseo_notices":[],"jetpack_sharing_enabled":true,"jetpack_shortlink":"https:\/\/wp.me\/P7lhyw-Eq","_links":{"self":[{"href":"https:\/\/www.turismalternativ.ro\/en\/wp-json\/wp\/v2\/pages\/2506","targetHints":{"allow":["GET"]}}],"collection":[{"href":"https:\/\/www.turismalternativ.ro\/en\/wp-json\/wp\/v2\/pages"}],"about":[{"href":"https:\/\/www.turismalternativ.ro\/en\/wp-json\/wp\/v2\/types\/page"}],"author":[{"embeddable":true,"href":"https:\/\/www.turismalternativ.ro\/en\/wp-json\/wp\/v2\/users\/1"}],"replies":[{"embeddable":true,"href":"https:\/\/www.turismalternativ.ro\/en\/wp-json\/wp\/v2\/comments?post=2506"}],"version-history":[{"count":16,"href":"https:\/\/www.turismalternativ.ro\/en\/wp-json\/wp\/v2\/pages\/2506\/revisions"}],"predecessor-version":[{"id":2576,"href":"https:\/\/www.turismalternativ.ro\/en\/wp-json\/wp\/v2\/pages\/2506\/revisions\/2576"}],"wp:featuredmedia":[{"embeddable":true,"href":"https:\/\/www.turismalternativ.ro\/en\/wp-json\/wp\/v2\/media\/2511"}],"wp:attachment":[{"href":"https:\/\/www.turismalternativ.ro\/en\/wp-json\/wp\/v2\/media?parent=2506"}],"curies":[{"name":"wp","href":"https:\/\/api.w.org\/{rel}","templated":true}]}}