{"id":492,"date":"2017-08-26T11:41:45","date_gmt":"2017-08-26T09:41:45","guid":{"rendered":"http:\/\/www.turismalternativ.ro\/?page_id=492"},"modified":"2018-09-30T19:40:22","modified_gmt":"2018-09-30T17:40:22","slug":"bizere","status":"publish","type":"page","link":"https:\/\/www.turismalternativ.ro\/en\/bizere\/","title":{"rendered":"Semimaratonul Bizere"},"content":{"rendered":"<p><img fetchpriority=\"high\" decoding=\"async\" class=\"aligncenter size-full wp-image-811\" src=\"http:\/\/www.turismalternativ.ro\/wp-content\/uploads\/header-2.png\" alt=\"\" width=\"1200\" height=\"300\" srcset=\"https:\/\/www.turismalternativ.ro\/wp-content\/uploads\/header-2.png 1200w, https:\/\/www.turismalternativ.ro\/wp-content\/uploads\/header-2-300x75.png 300w, https:\/\/www.turismalternativ.ro\/wp-content\/uploads\/header-2-1024x256.png 1024w\" sizes=\"(max-width: 1200px) 100vw, 1200px\" \/><\/p>\n<h4 style=\"text-align: center;\">13 octombrie 2018<\/h4>\n<h4 style=\"text-align: center;\">F R U M U \u0218 E N I<\/h4>\n<p style=\"text-align: justify;\">Este un eveniment sportiv, cultural \u0219i educativ desf\u0103\u0219urat \u00een fiecare an la \u00eenceputul lunii octombrie, \u00een comuna ar\u0103dean\u0103 Frumu\u0219eni. Denumirea a fost \u00eemprumutat\u0103 de la Situl Arheologic \u201eM\u0103n\u0103stirea Bizere\u201d din localitate, \u00een vecin\u0103tatea c\u0103ruia se organizeaz\u0103 an de an evenimentul.<\/p>\n<p style=\"text-align: justify;\">Prima edi\u021bie s-a desf\u0103\u0219urat \u00een 2014, iar din 2016, de organizarea acestuia se ocup\u0103 \u0219i Asocia\u021bia Turism Alternativ. Mai multe detalii despre organizatori \u0219i traseele de alergare g\u0103si\u021bi mai jos.<\/p>\n<hr \/>\n<p style=\"text-align: justify;\"><a href=\"http:\/\/www.turismalternativ.ro\/ro\/bizere\/organizatorii\/\" target=\"_blank\" rel=\"noopener\"><img decoding=\"async\" class=\"alignleft wp-image-636\" src=\"http:\/\/www.turismalternativ.ro\/wp-content\/uploads\/organizatori-150x150.png\" alt=\"\" width=\"125\" height=\"125\" srcset=\"https:\/\/www.turismalternativ.ro\/wp-content\/uploads\/organizatori-150x150.png 150w, https:\/\/www.turismalternativ.ro\/wp-content\/uploads\/organizatori-16x16.png 16w, https:\/\/www.turismalternativ.ro\/wp-content\/uploads\/organizatori-32x32.png 32w, https:\/\/www.turismalternativ.ro\/wp-content\/uploads\/organizatori-48x48.png 48w, https:\/\/www.turismalternativ.ro\/wp-content\/uploads\/organizatori.png 300w\" sizes=\"(max-width: 125px) 100vw, 125px\" \/><\/a><a href=\"http:\/\/wp.me\/P7lhyw-az\" target=\"_blank\" rel=\"noopener\"><img decoding=\"async\" class=\"wp-image-638 alignright\" src=\"http:\/\/www.turismalternativ.ro\/wp-content\/uploads\/trasee-150x150.png\" alt=\"\" width=\"125\" height=\"125\" srcset=\"https:\/\/www.turismalternativ.ro\/wp-content\/uploads\/trasee-150x150.png 150w, https:\/\/www.turismalternativ.ro\/wp-content\/uploads\/trasee-16x16.png 16w, https:\/\/www.turismalternativ.ro\/wp-content\/uploads\/trasee-32x32.png 32w, https:\/\/www.turismalternativ.ro\/wp-content\/uploads\/trasee-48x48.png 48w, https:\/\/www.turismalternativ.ro\/wp-content\/uploads\/trasee.png 300w\" sizes=\"(max-width: 125px) 100vw, 125px\" \/><\/a>Semimaratonul \u201eBizere\u201d este organizat de c\u0103tre Remat MG S.A., Prim\u0103ria Comunei Frumu\u0219eni, av\u00e2nd ca parteneri Asocia\u021bia Turism Alternativ \u0219i Asocia\u021bia Cultural\u0103 Tomis. Competi\u021bia sportiv\u0103 propune trei curse: Semimaratonul gladiatorilor, de 23,7 kilometri, Cursa legionarilor, de 12 kilometri \u0219i Proba Senatorilor, de 2,<span style=\"color: #800000;\">4 kilometri.<\/span><\/p>\n<p>&nbsp;<\/p>\n<h4 style=\"text-align: center;\"><span style=\"color: #800000;\"><strong><a style=\"color: #800000;\" href=\"http:\/\/www.turismalternativ.ro\/ro\/bizere\/bizere-2-km\/\">2,4 KM<\/a>\u00a0 \u00a0 \u00a0 \u00a0 \u00a0 |\u00a0 \u00a0 \u00a0 \u00a0 \u00a0\u00a0<a style=\"color: #800000;\" href=\"http:\/\/www.turismalternativ.ro\/ro\/bizere\/bizere-12-km\/\">12 KM<\/a> \u00a0 \u00a0 \u00a0 \u00a0 \u00a0 |\u00a0 \u00a0 \u00a0 \u00a0 \u00a0\u00a0<a style=\"color: #800000;\" href=\"http:\/\/www.turismalternativ.ro\/ro\/bizere\/23-km\/\">23,7 KM<\/a><\/strong><\/span><\/h4>\n<p>&nbsp;<\/p>\n<h4 style=\"text-align: center;\"><span style=\"color: #ff6600;\"><em><a style=\"color: #ff6600;\" href=\"http:\/\/www.turismalternativ.ro\/ro\/bizere\/artisti\/\"><strong>ARTI\u0218TII INVITA\u021aI<\/strong><\/a><\/em><\/span><\/h4>\n<h4 style=\"text-align: center;\"><span style=\"color: #ff6600;\"><a style=\"color: #ff6600;\" href=\"http:\/\/www.turismalternativ.ro\/en\/program\/\"><em><strong>PROGRAM<\/strong><\/em><\/a><\/span><\/h4>\n<h4 style=\"text-align: center;\"><a href=\"http:\/\/www.turismalternativ.ro\/ro\/bizere\/informatii-inscriere\/\"><span style=\"color: #ff6600;\"><em><strong>INFORMA\u021aII \u00ceNSCRIERE<\/strong><\/em><\/span><\/a><\/h4>\n<h4 style=\"text-align: center;\"><a href=\"http:\/\/www.turismalternativ.ro\/ro\/bizere\/regulament\/\"><span style=\"color: #993300;\"><em><strong><span style=\"color: #ff6600;\">REGULAMENT<\/span><\/strong><\/em><\/span><\/a><\/h4>\n<hr style=\"letter-spacing: 1.5px;\" \/>\n<p>&nbsp;<\/p>\n<h2 style=\"text-align: center;\">GALERII FOTO\u00a0<a href=\"http:\/\/wp.me\/P7lhyw-d3\" target=\"_blank\" rel=\"noopener\"><img loading=\"lazy\" decoding=\"async\" class=\"aligncenter wp-image-815\" src=\"http:\/\/www.turismalternativ.ro\/wp-content\/uploads\/editia2017-1-300x202.png\" alt=\"\" width=\"200\" height=\"135\" srcset=\"https:\/\/www.turismalternativ.ro\/wp-content\/uploads\/editia2017-1-300x202.png 300w, https:\/\/www.turismalternativ.ro\/wp-content\/uploads\/editia2017-1.png 876w\" sizes=\"(max-width: 200px) 100vw, 200px\" \/><\/a><a href=\"http:\/\/www.turismalternativ.ro\/ro\/bizere\/editia-2016\/\" target=\"_blank\" rel=\"noopener\"><img loading=\"lazy\" decoding=\"async\" class=\"wp-image-817 aligncenter\" src=\"http:\/\/www.turismalternativ.ro\/wp-content\/uploads\/editia2016-300x197.png\" alt=\"\" width=\"200\" height=\"132\" srcset=\"https:\/\/www.turismalternativ.ro\/wp-content\/uploads\/editia2016-300x197.png 300w, https:\/\/www.turismalternativ.ro\/wp-content\/uploads\/editia2016.png 898w\" sizes=\"(max-width: 200px) 100vw, 200px\" \/><\/a><a href=\"http:\/\/wp.me\/P7lhyw-dX\" target=\"_blank\" rel=\"noopener\"><img loading=\"lazy\" decoding=\"async\" class=\"aligncenter wp-image-816\" src=\"http:\/\/www.turismalternativ.ro\/wp-content\/uploads\/editia2014-300x190.png\" alt=\"\" width=\"200\" height=\"126\" srcset=\"https:\/\/www.turismalternativ.ro\/wp-content\/uploads\/editia2014-300x190.png 300w, https:\/\/www.turismalternativ.ro\/wp-content\/uploads\/editia2014.png 935w\" sizes=\"(max-width: 200px) 100vw, 200px\" \/><\/a><\/h2>","protected":false},"excerpt":{"rendered":"<p>13 octombrie 2018 F R U M U \u0218 E N I Este un eveniment sportiv, cultural \u0219i educativ desf\u0103\u0219urat \u00een fiecare an la \u00eenceputul lunii octombrie, \u00een comuna ar\u0103dean\u0103 Frumu\u0219eni. Denumirea a fost \u00eemprumutat\u0103 de la Situl Arheologic \u201eM\u0103n\u0103stirea Bizere\u201d din localitate, \u00een vecin\u0103tatea c\u0103ruia se organizeaz\u0103 an de an evenimentul. Prima edi\u021bie s-a [&hellip;]<\/p>\n","protected":false},"author":1,"featured_media":663,"parent":0,"menu_order":0,"comment_status":"closed","ping_status":"closed","template":"","meta":{"_monsterinsights_skip_tracking":false,"_monsterinsights_sitenote_active":false,"_monsterinsights_sitenote_note":"","_monsterinsights_sitenote_category":0,"jetpack_post_was_ever_published":false,"footnotes":""},"class_list":["post-492","page","type-page","status-publish","has-post-thumbnail","hentry"],"aioseo_notices":[],"jetpack_sharing_enabled":true,"jetpack_shortlink":"https:\/\/wp.me\/P7lhyw-7W","_links":{"self":[{"href":"https:\/\/www.turismalternativ.ro\/en\/wp-json\/wp\/v2\/pages\/492","targetHints":{"allow":["GET"]}}],"collection":[{"href":"https:\/\/www.turismalternativ.ro\/en\/wp-json\/wp\/v2\/pages"}],"about":[{"href":"https:\/\/www.turismalternativ.ro\/en\/wp-json\/wp\/v2\/types\/page"}],"author":[{"embeddable":true,"href":"https:\/\/www.turismalternativ.ro\/en\/wp-json\/wp\/v2\/users\/1"}],"replies":[{"embeddable":true,"href":"https:\/\/www.turismalternativ.ro\/en\/wp-json\/wp\/v2\/comments?post=492"}],"version-history":[{"count":33,"href":"https:\/\/www.turismalternativ.ro\/en\/wp-json\/wp\/v2\/pages\/492\/revisions"}],"predecessor-version":[{"id":977,"href":"https:\/\/www.turismalternativ.ro\/en\/wp-json\/wp\/v2\/pages\/492\/revisions\/977"}],"wp:featuredmedia":[{"embeddable":true,"href":"https:\/\/www.turismalternativ.ro\/en\/wp-json\/wp\/v2\/media\/663"}],"wp:attachment":[{"href":"https:\/\/www.turismalternativ.ro\/en\/wp-json\/wp\/v2\/media?parent=492"}],"curies":[{"name":"wp","href":"https:\/\/api.w.org\/{rel}","templated":true}]}}