{"id":5,"date":"2015-11-04T12:29:09","date_gmt":"2015-11-04T12:29:09","guid":{"rendered":"http:\/\/www.turismalternativ.ro\/?page_id=5"},"modified":"2020-04-24T22:51:06","modified_gmt":"2020-04-24T20:51:06","slug":"despre-asociatie","status":"publish","type":"page","link":"https:\/\/www.turismalternativ.ro\/en\/despre-asociatie\/","title":{"rendered":"Despre Asocia\u021bie"},"content":{"rendered":"<p style=\"text-align: justify;\"><strong><img decoding=\"async\" class=\"alignleft wp-image-940\" src=\"http:\/\/www.turismalternativ.ro\/wp-content\/uploads\/team-150x150.png\" alt=\"\" width=\"100\" height=\"100\" srcset=\"https:\/\/www.turismalternativ.ro\/wp-content\/uploads\/team-150x150.png 150w, https:\/\/www.turismalternativ.ro\/wp-content\/uploads\/team-300x300.png 300w, https:\/\/www.turismalternativ.ro\/wp-content\/uploads\/team-16x16.png 16w, https:\/\/www.turismalternativ.ro\/wp-content\/uploads\/team-32x32.png 32w, https:\/\/www.turismalternativ.ro\/wp-content\/uploads\/team-48x48.png 48w, https:\/\/www.turismalternativ.ro\/wp-content\/uploads\/team.png 512w\" sizes=\"(max-width: 100px) 100vw, 100px\" \/>WE ARE\u00a0<\/strong>a group of enthusiastic people from different activity fields. Our main purpose is to make better when it comes to tourism. We appreciate local values, we invest our resources in our projects, we don't believe in things made just because the have to be done. We are 100% involved in all our projects, we always did and will do everything through hard work and we keep exploring new perspectives in the fields we're passional about. In a few words, we're the Alternative Tourism Association.<\/p>\n<p style=\"text-align: justify;\" align=\"justify\"><b>WE WANT<\/b> to show people the up sides of the places in which we live - city, region, country. Our purpose is to change mentalities on a long term, one of our main goals being to change the idea that things are made \"just to be made\".<\/p>\n<p style=\"text-align: justify;\"><img decoding=\"async\" class=\"wp-image-941 alignleft\" style=\"text-align: start;\" src=\"http:\/\/www.turismalternativ.ro\/wp-content\/uploads\/win-150x150.png\" alt=\"\" width=\"100\" height=\"100\" srcset=\"https:\/\/www.turismalternativ.ro\/wp-content\/uploads\/win-150x150.png 150w, https:\/\/www.turismalternativ.ro\/wp-content\/uploads\/win-300x300.png 300w, https:\/\/www.turismalternativ.ro\/wp-content\/uploads\/win-16x16.png 16w, https:\/\/www.turismalternativ.ro\/wp-content\/uploads\/win-32x32.png 32w, https:\/\/www.turismalternativ.ro\/wp-content\/uploads\/win-48x48.png 48w, https:\/\/www.turismalternativ.ro\/wp-content\/uploads\/win.png 512w\" sizes=\"(max-width: 100px) 100vw, 100px\" \/><b>WE AIM<\/b> to become the official authority in alternative tourism in Romania and to create the standard of \"Alternative Tourism Guarantee\", as a quality standard in this domain.<\/p>\n<p style=\"text-align: justify;\"><strong>WE UNDERSTAND\u00a0<\/strong>we accept the reality we live in, with its pluses and minuses. We know that changes are hard to make and take time, and we believe that we can make a change for the better by persevering until we succeed. We have the courage to try to change mindsets and behaviors when we are told that nothing can be changed. We believe what we say and say what we believe, even when the truth isn't the most comfortable thing.<\/p>\n<p style=\"text-align: justify;\"><strong><img decoding=\"async\" class=\"alignleft wp-image-943\" src=\"http:\/\/www.turismalternativ.ro\/wp-content\/uploads\/hands-150x150.png\" alt=\"\" width=\"100\" height=\"100\" srcset=\"https:\/\/www.turismalternativ.ro\/wp-content\/uploads\/hands-150x150.png 150w, https:\/\/www.turismalternativ.ro\/wp-content\/uploads\/hands-300x300.png 300w, https:\/\/www.turismalternativ.ro\/wp-content\/uploads\/hands-16x16.png 16w, https:\/\/www.turismalternativ.ro\/wp-content\/uploads\/hands-32x32.png 32w, https:\/\/www.turismalternativ.ro\/wp-content\/uploads\/hands-48x48.png 48w, https:\/\/www.turismalternativ.ro\/wp-content\/uploads\/hands.png 512w\" sizes=\"(max-width: 100px) 100vw, 100px\" \/>WE KNOW<\/strong> cum se fac lucrurile conven\u021bional,\u00a0\u00eens\u0103 decidem \u00eentotdeauna s\u0103 explor\u0103m noi perspective \u0219i s\u0103 ne l\u0103rgim orizontul. Ne lovim \u00een continuu de piedici, \u00eens\u0103 facem \u201ehaz de necaz\u201d \u0219i mergem mai departe. Noi suntem\u00a0<strong>Alternative Tourism Association\u00a0<\/strong>\u0219i dac\u0103 te reg\u0103se\u0219ti \u00een tot ce-am spus p\u00e2n\u0103 acum, te invit\u0103m s\u0103 ni te al\u0103turi!<\/p>","protected":false},"excerpt":{"rendered":"<p>SUNTEM\u00a0un grup de oameni entuzia\u0219ti, din domenii variate, care \u00ee\u0219i doresc s\u0103 aduc\u0103 schimb\u0103ri \u00een bine. \u00cendr\u0103gim valorile locale, investim constant timpul liber \u00een proiectele asocia\u021biei, ne punem talentul \u00een slujba asocia\u021biei, nu credem \u00een lucrurile f\u0103cute dup\u0103 principiul \u201eMerge \u0219i a\u0219a.\u201d, facem tot ce ne st\u0103 \u00een puteri \u00een fiecare proiect, am realizat \u0219i [&hellip;]<\/p>\n","protected":false},"author":2,"featured_media":0,"parent":0,"menu_order":0,"comment_status":"closed","ping_status":"closed","template":"","meta":{"_monsterinsights_skip_tracking":false,"_monsterinsights_sitenote_active":false,"_monsterinsights_sitenote_note":"","_monsterinsights_sitenote_category":0,"jetpack_post_was_ever_published":false,"footnotes":""},"class_list":["post-5","page","type-page","status-publish","hentry"],"aioseo_notices":[],"jetpack_sharing_enabled":true,"jetpack_shortlink":"https:\/\/wp.me\/P7lhyw-5","_links":{"self":[{"href":"https:\/\/www.turismalternativ.ro\/en\/wp-json\/wp\/v2\/pages\/5","targetHints":{"allow":["GET"]}}],"collection":[{"href":"https:\/\/www.turismalternativ.ro\/en\/wp-json\/wp\/v2\/pages"}],"about":[{"href":"https:\/\/www.turismalternativ.ro\/en\/wp-json\/wp\/v2\/types\/page"}],"author":[{"embeddable":true,"href":"https:\/\/www.turismalternativ.ro\/en\/wp-json\/wp\/v2\/users\/2"}],"replies":[{"embeddable":true,"href":"https:\/\/www.turismalternativ.ro\/en\/wp-json\/wp\/v2\/comments?post=5"}],"version-history":[{"count":16,"href":"https:\/\/www.turismalternativ.ro\/en\/wp-json\/wp\/v2\/pages\/5\/revisions"}],"predecessor-version":[{"id":1299,"href":"https:\/\/www.turismalternativ.ro\/en\/wp-json\/wp\/v2\/pages\/5\/revisions\/1299"}],"wp:attachment":[{"href":"https:\/\/www.turismalternativ.ro\/en\/wp-json\/wp\/v2\/media?parent=5"}],"curies":[{"name":"wp","href":"https:\/\/api.w.org\/{rel}","templated":true}]}}