{"id":956,"date":"2018-09-29T16:39:28","date_gmt":"2018-09-29T14:39:28","guid":{"rendered":"http:\/\/www.turismalternativ.ro\/?page_id=956"},"modified":"2018-10-09T15:51:36","modified_gmt":"2018-10-09T13:51:36","slug":"program","status":"publish","type":"page","link":"https:\/\/www.turismalternativ.ro\/en\/program\/","title":{"rendered":"Program"},"content":{"rendered":"<p><strong><span style=\"color: #a81313;\">Programul zilei de 13.10.2018 va fi urm\u0103torul:<\/span><\/strong><\/p>\n<p><strong>08:00- 09:30<\/strong> Sosirea participan\u021bilor<\/p>\n<p>\u00cenm\u00e2narea pachetelor de start<\/p>\n<p><strong>09:45 <\/strong>\u00cenc\u0103lzire pentru probele de 23,7 \u0219i 12 km<\/p>\n<p><strong>10:00<\/strong> START- probele de 23,7 \u0219i 12 km<\/p>\n<p><strong>10:30- 11:20<\/strong> Program artistic- <strong>Ansamblul Bizere<\/strong><\/p>\n<p><strong>11:20- 11:40<\/strong> Demonstra\u021bie de arte mar\u021biale- <strong>Defensive Arts<\/strong><\/p>\n<p><strong>11:40- 12:15<\/strong> Concert rock<strong>&#8211; In Rise<\/strong><\/p>\n<p><strong>12:45<\/strong> \u00cenc\u0103lzire pentru proba de 2,4 km<\/p>\n<p><strong>13:00- 13:30<\/strong> START- proba de 2,4 km<\/p>\n<p><strong>14:30- 15:00<\/strong>\u00a0 Lupte de gladiatori- <strong>Ludus Tomitanus<\/strong><\/p>\n<p><strong>15:00- 15:30<\/strong> Festivitatea de premiere<\/p>\n<p><strong>15:30- 16:30<\/strong> Spectacol de reconstituire istoric\u0103- <strong>Asocia\u021bia Cultural\u0103 Tomis<\/strong><\/p>\n<p><strong>16:30- 17:30<\/strong> Concert rock- <strong>B-Ton<\/strong><\/p>\n<p><strong>17:30- 18:30<\/strong> Concert rock- <strong>Dirty Shirt<\/strong><\/p>\n<p><strong>18:30- 19:00<\/strong> Foc de tab\u0103r\u0103 \u0219i spectacol-surpriz\u0103!<\/p>\n<p>&nbsp;<\/p>\n<p>Pe toat\u0103 durata evenimentului vor avea loc expozi\u021bii de picturi ale elevilor \u0219i \u00a0ale unor arti\u0219ti ar\u0103deni consacra\u021bi. Asocia\u021bia Cultural\u0103 Tomis v\u0103 a\u0219teapt\u0103 cu ateliere de ceramic\u0103, bijuterie, fier\u0103rie, muzic\u0103. Ve\u021bi putea s\u0103 petrece\u021bi o zi \u00een taberele dacilor \u0219i romanilor, s\u0103 cunoa\u0219te\u021bi obiceiurile lor, chiar s\u0103 \u00eencerca\u021bi replici de arme \u0219i armuri. Se vor organiza poligoane de tir cu arcul \u0219i suli\u021ba, precum \u0219i simul\u0103ri de b\u0103t\u0103lii sau instruc\u021bie militar\u0103 roman\u0103. Avem suveniruri \u0219i bijuterii lucrate manual, special pentru voi.<\/p>\n<p>V\u0103 a\u0219tept\u0103m cu drag!<\/p>\n<p><img decoding=\"async\" class=\"alignleft size-thumbnail wp-image-960\" src=\"http:\/\/www.turismalternativ.ro\/wp-content\/uploads\/afis-final-bizere-150x150.png\" alt=\"\" width=\"150\" height=\"150\" srcset=\"https:\/\/www.turismalternativ.ro\/wp-content\/uploads\/afis-final-bizere-150x150.png 150w, https:\/\/www.turismalternativ.ro\/wp-content\/uploads\/afis-final-bizere-32x32.png 32w, https:\/\/www.turismalternativ.ro\/wp-content\/uploads\/afis-final-bizere-48x48.png 48w\" sizes=\"(max-width: 150px) 100vw, 150px\" \/><\/p>","protected":false},"excerpt":{"rendered":"<p>Programul zilei de 13.10.2018 va fi urm\u0103torul: 08:00- 09:30 Sosirea participan\u021bilor \u00cenm\u00e2narea pachetelor de start 09:45 \u00cenc\u0103lzire pentru probele de 23,7 \u0219i 12 km 10:00 START- probele de 23,7 \u0219i 12 km 10:30- 11:20 Program artistic- Ansamblul Bizere 11:20- 11:40 Demonstra\u021bie de arte mar\u021biale- Defensive Arts 11:40- 12:15 Concert rock&#8211; In Rise 12:45 \u00cenc\u0103lzire pentru [&hellip;]<\/p>\n","protected":false},"author":1,"featured_media":663,"parent":0,"menu_order":0,"comment_status":"closed","ping_status":"closed","template":"","meta":{"_monsterinsights_skip_tracking":false,"_monsterinsights_sitenote_active":false,"_monsterinsights_sitenote_note":"","_monsterinsights_sitenote_category":0,"jetpack_post_was_ever_published":false,"footnotes":""},"class_list":["post-956","page","type-page","status-publish","has-post-thumbnail","hentry"],"aioseo_notices":[],"jetpack_sharing_enabled":true,"jetpack_shortlink":"https:\/\/wp.me\/P7lhyw-fq","_links":{"self":[{"href":"https:\/\/www.turismalternativ.ro\/en\/wp-json\/wp\/v2\/pages\/956","targetHints":{"allow":["GET"]}}],"collection":[{"href":"https:\/\/www.turismalternativ.ro\/en\/wp-json\/wp\/v2\/pages"}],"about":[{"href":"https:\/\/www.turismalternativ.ro\/en\/wp-json\/wp\/v2\/types\/page"}],"author":[{"embeddable":true,"href":"https:\/\/www.turismalternativ.ro\/en\/wp-json\/wp\/v2\/users\/1"}],"replies":[{"embeddable":true,"href":"https:\/\/www.turismalternativ.ro\/en\/wp-json\/wp\/v2\/comments?post=956"}],"version-history":[{"count":6,"href":"https:\/\/www.turismalternativ.ro\/en\/wp-json\/wp\/v2\/pages\/956\/revisions"}],"predecessor-version":[{"id":1016,"href":"https:\/\/www.turismalternativ.ro\/en\/wp-json\/wp\/v2\/pages\/956\/revisions\/1016"}],"wp:featuredmedia":[{"embeddable":true,"href":"https:\/\/www.turismalternativ.ro\/en\/wp-json\/wp\/v2\/media\/663"}],"wp:attachment":[{"href":"https:\/\/www.turismalternativ.ro\/en\/wp-json\/wp\/v2\/media?parent=956"}],"curies":[{"name":"wp","href":"https:\/\/api.w.org\/{rel}","templated":true}]}}